{"id":1946,"date":"2022-09-15T09:29:25","date_gmt":"2022-09-15T09:29:25","guid":{"rendered":"https:\/\/kurtoglualuminyum.com\/?page_id=1946"},"modified":"2025-07-31T09:52:45","modified_gmt":"2025-07-31T06:52:45","slug":"%d8%a7%d9%84%d9%85%d9%88%d8%a7%d8%b1%d8%af-%d8%a7%d9%84%d8%a8%d8%b4%d8%b1%d9%8a%d8%a9","status":"publish","type":"page","link":"https:\/\/kurtoglualuminyum.com\/ar\/%d8%a7%d9%84%d9%85%d9%88%d8%a7%d8%b1%d8%af-%d8%a7%d9%84%d8%a8%d8%b4%d8%b1%d9%8a%d8%a9\/","title":{"rendered":"\u0627\u0644\u0645\u0648\u0627\u0631\u062f \u0627\u0644\u0628\u0634\u0631\u064a\u0629"},"content":{"rendered":"<div data-elementor-type=\"wp-page\" data-elementor-id=\"1946\" class=\"elementor elementor-1946\">\n\t\t\t\t<div class=\"elementor-element elementor-element-7c22570 e-con-full e-flex e-con e-parent\" data-id=\"7c22570\" data-element_type=\"container\" data-settings=\"{&quot;background_background&quot;:&quot;classic&quot;}\">\n\t\t<div class=\"elementor-element elementor-element-1528abd e-con-full e-flex e-con e-child\" data-id=\"1528abd\" data-element_type=\"container\" data-settings=\"{&quot;background_background&quot;:&quot;classic&quot;}\">\n\t\t<style>\r\n    \r\n .alt-menu {\r\n    display: none;\r\n    opacity: 0;\r\n    max-height: 0;\r\n    overflow: hidden;\r\n\r\n    background-color: #f1f1f1;\r\n    border-left: 2px solid #ccc;\r\n    margin-left: 30px;\r\n    position: relative;\r\n    z-index: 1;\r\n}\r\n\r\n.item {\r\n    cursor: pointer;\r\n    position: relative;\r\n}\r\n<\/style>\r\n\t\t<div class=\"elementor-element elementor-element-df09936 elementor-widget elementor-widget-heading\" data-id=\"df09936\" data-element_type=\"widget\" data-widget_type=\"heading.default\">\n\t\t\t\t<div class=\"elementor-widget-container\">\n\t\t\t<style>\/*! elementor - v3.21.0 - 26-05-2024 *\/\n.elementor-heading-title{padding:0;margin:0;line-height:1}.elementor-widget-heading .elementor-heading-title[class*=elementor-size-]>a{color:inherit;font-size:inherit;line-height:inherit}.elementor-widget-heading .elementor-heading-title.elementor-size-small{font-size:15px}.elementor-widget-heading .elementor-heading-title.elementor-size-medium{font-size:19px}.elementor-widget-heading .elementor-heading-title.elementor-size-large{font-size:29px}.elementor-widget-heading .elementor-heading-title.elementor-size-xl{font-size:39px}.elementor-widget-heading .elementor-heading-title.elementor-size-xxl{font-size:59px}<\/style><h4 class=\"elementor-heading-title elementor-size-default\">\u0634\u0631\u0643\u0629 \u0643\u0648\u0631\u062a \u0623\u0648\u063a\u0644\u0648 \u0644\u0644\u0623\u0644\u0645\u0646\u064a\u0648\u0645<\/h4>\t\t<\/div>\n\t\t\t\t<\/div>\n\t\t\t\t<div class=\"elementor-element elementor-element-6620ff5 elementor-widget elementor-widget-heading\" data-id=\"6620ff5\" data-element_type=\"widget\" data-widget_type=\"heading.default\">\n\t\t\t\t<div class=\"elementor-widget-container\">\n\t\t\t<h1 class=\"elementor-heading-title elementor-size-default\">\u0627\u0644\u0645\u0648\u0627\u0631\u062f \u0627\u0644\u0628\u0634\u0631\u064a\u0629<\/h1>\t\t<\/div>\n\t\t\t\t<\/div>\n\t\t\t\t<div class=\"elementor-element elementor-element-c909b8e elementor-widget elementor-widget-text-editor\" data-id=\"c909b8e\" data-element_type=\"widget\" data-widget_type=\"text-editor.default\">\n\t\t\t\t<div class=\"elementor-widget-container\">\n\t\t\t<style>\/*! elementor - v3.21.0 - 26-05-2024 *\/\n.elementor-widget-text-editor.elementor-drop-cap-view-stacked .elementor-drop-cap{background-color:#69727d;color:#fff}.elementor-widget-text-editor.elementor-drop-cap-view-framed .elementor-drop-cap{color:#69727d;border:3px solid;background-color:transparent}.elementor-widget-text-editor:not(.elementor-drop-cap-view-default) .elementor-drop-cap{margin-top:8px}.elementor-widget-text-editor:not(.elementor-drop-cap-view-default) .elementor-drop-cap-letter{width:1em;height:1em}.elementor-widget-text-editor .elementor-drop-cap{float:left;text-align:center;line-height:1;font-size:50px}.elementor-widget-text-editor .elementor-drop-cap-letter{display:inline-block}<\/style>\t\t\t\t<p>\u0644\u0627 \u0634\u0643 \u0623\u0646 \u0645\u0648\u0638\u0641\u064a \u0627\u0644\u0634\u0631\u0643\u0629 \u0647\u0645 \u0623\u063a\u0644\u0649 \u0623\u0635\u0648\u0644\u0647\u0627. \u0641\u0625\u0644\u0649 \u062c\u0627\u0646\u0628 \u0645\u0639\u0631\u0641\u062a\u0647\u0645 \u0648\u062e\u0628\u0631\u062a\u0647\u0645 \u0648\u0627\u0644\u0642\u064a\u0645\u0629 \u0627\u0644\u062a\u064a \u064a\u0636\u064a\u0641\u0648\u0646\u0647\u0627 \u0625\u0644\u0649 \u0639\u0645\u0644\u064a\u0627\u062a\u0647\u0627\u060c \u062a\u064f\u0639\u062f\u0651 \u0622\u0631\u0627\u0624\u0647\u0645 \u0648\u0645\u0642\u062a\u0631\u062d\u0627\u062a\u0647\u0645 \u0628\u0627\u0644\u063a\u0629 \u0627\u0644\u0623\u0647\u0645\u064a\u0629 \u0644\u0646\u0645\u0648 \u0627\u0644\u0634\u0631\u0643\u0629 \u0648\u062a\u0637\u0648\u0631\u0647\u0627. \u0641\u064a \u0647\u0630\u0647 \u0627\u0644\u0645\u0631\u062d\u0644\u0629\u060c \u064a\u064f\u0635\u0628\u062d \u0627\u0644\u0627\u0633\u062a\u0645\u0627\u0639 \u0625\u0644\u0649 \u0622\u0631\u0627\u0621 \u0627\u0644\u0645\u0648\u0638\u0641\u064a\u0646 \u0648\u0645\u0642\u062a\u0631\u062d\u0627\u062a\u0647\u0645\u060c \u0648\u062a\u0642\u064a\u064a\u0645\u0647\u0627\u060c \u0648\u062a\u062d\u0648\u064a\u0644\u0647\u0627 \u0625\u0644\u0649 \u0623\u0641\u0643\u0627\u0631 \u0646\u0627\u062c\u062d\u0629 \u0644\u0644\u0634\u0631\u0643\u0629\u060c \u062e\u0637\u0648\u0629\u064b \u0627\u0633\u062a\u0631\u0627\u062a\u064a\u062c\u064a\u0629\u064b. \u0648\u064a\u0645\u0643\u0646 \u062a\u062d\u0642\u064a\u0642 \u0630\u0644\u0643 \u0628\u0646\u062c\u0627\u062d \u0645\u0646 \u062e\u0644\u0627\u0644 \u0627\u0644\u0627\u0633\u062a\u0631\u0627\u062a\u064a\u062c\u064a\u0629 \u0627\u0644\u0645\u0646\u0627\u0633\u0628\u0629 \u0648\u0627\u0644\u0623\u062f\u0648\u0627\u062a \u0627\u0644\u062a\u062d\u0641\u064a\u0632\u064a\u0629 \u0645\u0646 \u0625\u062f\u0627\u0631\u0629 \u0627\u0644\u0645\u0648\u0627\u0631\u062f \u0627\u0644\u0628\u0634\u0631\u064a\u0629.<\/p><p>\u062a\u0644\u0639\u0628 \u0625\u062f\u0627\u0631\u0629 \u0627\u0644\u0645\u0648\u0627\u0631\u062f \u0627\u0644\u0628\u0634\u0631\u064a\u0629 \u062f\u0648\u0631\u064b\u0627 \u0645\u062d\u0648\u0631\u064a\u064b\u0627 \u0641\u064a \u062c\u0645\u0639 \u0645\u0644\u0627\u062d\u0638\u0627\u062a \u0648\u0627\u0642\u062a\u0631\u0627\u062d\u0627\u062a \u0627\u0644\u0645\u0648\u0638\u0641\u064a\u0646 \u0648\u062a\u062d\u0644\u064a\u0644\u0647\u0627 \u0648\u062a\u0637\u0628\u064a\u0642\u0647\u0627. \u0641\u0639\u0646\u062f\u0645\u0627 \u062a\u064f\u062a\u0627\u062d \u0644\u0644\u0645\u0648\u0638\u0641\u064a\u0646 \u0641\u0631\u0635\u0629 \u062a\u0642\u062f\u064a\u0645 \u0645\u0644\u0627\u062d\u0638\u0627\u062a\u0647\u0645 \u062d\u0648\u0644 \u062a\u062d\u062f\u064a\u0627\u062a \u0633\u064a\u0631 \u0627\u0644\u0639\u0645\u0644\u060c \u0648\u0641\u0631\u0635 \u0627\u0644\u062a\u062d\u0633\u064a\u0646\u060c \u0648\u0627\u0644\u0623\u0641\u0643\u0627\u0631 \u0627\u0644\u0645\u0628\u062a\u0643\u0631\u0629\u060c \u064a\u062a\u0623\u062b\u0631 \u0623\u062f\u0627\u0621 \u0627\u0644\u0634\u0631\u0643\u0629 \u0628\u0634\u0643\u0644 \u0645\u0628\u0627\u0634\u0631. \u0648\u064a\u064f\u0639\u062f\u0651 \u062a\u0642\u064a\u064a\u0645 \u0647\u0630\u0647 \u0627\u0644\u0645\u0644\u0627\u062d\u0638\u0627\u062a \u0628\u0641\u0639\u0627\u0644\u064a\u0629 \u0648\u062a\u0631\u062c\u0645\u062a\u0647\u0627 \u0625\u0644\u0649 \u0642\u0631\u0627\u0631\u0627\u062a \u0627\u0633\u062a\u0631\u0627\u062a\u064a\u062c\u064a\u0629 \u0631\u0643\u064a\u0632\u0629\u064b \u0623\u0633\u0627\u0633\u064a\u0629\u064b \u0644\u0646\u062c\u0627\u062d \u0627\u0644\u0634\u0631\u0643\u0629.<\/p>\t\t\t\t\t\t<\/div>\n\t\t\t\t<\/div>\n\t\t\t\t<\/div>\n\t\t<div class=\"elementor-element elementor-element-b2a58a3 e-con-full e-flex e-con e-child\" data-id=\"b2a58a3\" data-element_type=\"container\">\n\t\t\t\t<div class=\"elementor-element elementor-element-485ee46 elementor-widget elementor-widget-image\" data-id=\"485ee46\" data-element_type=\"widget\" data-widget_type=\"image.default\">\n\t\t\t\t<div class=\"elementor-widget-container\">\n\t\t\t<style>\/*! elementor - v3.21.0 - 26-05-2024 *\/\n.elementor-widget-image{text-align:center}.elementor-widget-image a{display:inline-block}.elementor-widget-image a img[src$=\".svg\"]{width:48px}.elementor-widget-image img{vertical-align:middle;display:inline-block}<\/style>\t\t\t\t\t\t\t\t\t\t<img fetchpriority=\"high\" decoding=\"async\" width=\"2560\" height=\"1280\" src=\"https:\/\/kurtoglualuminyum.com\/wp-content\/uploads\/2024\/08\/insan-kaynaklari-scaled.jpg\" class=\"attachment-full size-full wp-image-9601\" alt=\"\" srcset=\"https:\/\/kurtoglualuminyum.com\/wp-content\/uploads\/2024\/08\/insan-kaynaklari-scaled.jpg 2560w, https:\/\/kurtoglualuminyum.com\/wp-content\/uploads\/2024\/08\/insan-kaynaklari-300x150.jpg 300w, https:\/\/kurtoglualuminyum.com\/wp-content\/uploads\/2024\/08\/insan-kaynaklari-1024x512.jpg 1024w, https:\/\/kurtoglualuminyum.com\/wp-content\/uploads\/2024\/08\/insan-kaynaklari-768x384.jpg 768w, https:\/\/kurtoglualuminyum.com\/wp-content\/uploads\/2024\/08\/insan-kaynaklari-1536x768.jpg 1536w, https:\/\/kurtoglualuminyum.com\/wp-content\/uploads\/2024\/08\/insan-kaynaklari-2048x1024.jpg 2048w\" sizes=\"(max-width: 2560px) 100vw, 2560px\" \/>\t\t\t\t\t\t\t\t\t\t\t\t\t<\/div>\n\t\t\t\t<\/div>\n\t\t\t\t<\/div>\n\t\t\t\t<\/div>\n\t\t<div class=\"elementor-element elementor-element-2abe633 e-con-full e-flex e-con e-parent\" data-id=\"2abe633\" data-element_type=\"container\" data-settings=\"{&quot;background_background&quot;:&quot;classic&quot;}\">\n\t\t<div class=\"elementor-element elementor-element-8fa3f4b e-con-full e-flex e-con e-child\" data-id=\"8fa3f4b\" data-element_type=\"container\">\n\t\t\t\t<div class=\"elementor-element elementor-element-edfb929 elementor-widget elementor-widget-heading\" data-id=\"edfb929\" data-element_type=\"widget\" data-widget_type=\"heading.default\">\n\t\t\t\t<div class=\"elementor-widget-container\">\n\t\t\t<h2 class=\"elementor-heading-title elementor-size-default\">\u0631\u0623\u064a \u0627\u0644\u0645\u0648\u0627\u0631\u062f \u0627\u0644\u0628\u0634\u0631\u064a\u0629<\/h2>\t\t<\/div>\n\t\t\t\t<\/div>\n\t\t\t\t<div class=\"elementor-element elementor-element-f71db12 elementor-widget elementor-widget-text-editor\" data-id=\"f71db12\" data-element_type=\"widget\" data-widget_type=\"text-editor.default\">\n\t\t\t\t<div class=\"elementor-widget-container\">\n\t\t\t\t\t\t\t<p>\u062a\u064f\u0639\u062f\u0651 \u0627\u0644\u0645\u0648\u0627\u0631\u062f \u0627\u0644\u0628\u0634\u0631\u064a\u0629 \u0645\u0646 \u0623\u0647\u0645 \u0639\u0648\u0627\u0645\u0644 \u0646\u062c\u0627\u062d \u0623\u064a \u0634\u0631\u0643\u0629. \u064a\u0628\u062f\u0623 \u062a\u062d\u0633\u064a\u0646 \u0623\u062f\u0627\u0621 \u0627\u0644\u0645\u0648\u0638\u0641\u064a\u0646 \u0628\u0625\u0639\u0637\u0627\u0621 \u0627\u0644\u0623\u0648\u0644\u0648\u064a\u0629 \u0644\u0645\u0634\u0627\u0639\u0631\u0647\u0645 \u0648\u0623\u0641\u0643\u0627\u0631\u0647\u0645 \u0648\u062a\u0648\u0642\u0639\u0627\u062a\u0647\u0645 \u0648\u0623\u0648\u0644\u0648\u064a\u0627\u062a\u0647\u0645. \u0648\u0641\u064a \u0645\u0645\u0627\u0631\u0633\u0627\u062a \u0627\u0644\u0645\u0648\u0627\u0631\u062f \u0627\u0644\u0628\u0634\u0631\u064a\u0629\u060c \u064a\u064f\u0639\u062f\u0651 \u0625\u062f\u0631\u0627\u0643 \u0631\u0636\u0627 \u0627\u0644\u0645\u0648\u0638\u0641\u064a\u0646 \u0648\u0639\u062f\u0645 \u0631\u0636\u0627\u0647\u0645 \u0631\u0643\u0646\u064b\u0627 \u0623\u0633\u0627\u0633\u064a\u064b\u0627 \u0641\u064a \u0625\u062f\u0627\u0631\u0629 \u0627\u0644\u0642\u0648\u0649 \u0627\u0644\u0639\u0627\u0645\u0644\u0629. \u0641\u0627\u0644\u0639\u0645\u0644 \u0628\u0647\u0630\u0627 \u0627\u0644\u0625\u062f\u0631\u0627\u0643 \u0623\u0645\u0631\u064c \u0628\u0627\u0644\u063a \u0627\u0644\u0623\u0647\u0645\u064a\u0629 \u0644\u064a\u0633 \u0641\u0642\u0637 \u0644\u0644\u0627\u062d\u062a\u0641\u0627\u0638 \u0628\u0627\u0644\u0645\u0648\u0638\u0641\u064a\u0646\u060c \u0628\u0644 \u0623\u064a\u0636\u064b\u0627 \u0644\u062a\u0639\u0638\u064a\u0645 \u0625\u0645\u0643\u0627\u0646\u0627\u062a\u0647\u0645 \u0648\u0636\u0645\u0627\u0646 \u062a\u0648\u0638\u064a\u0641\u0647\u0645 \u0641\u064a \u0627\u0644\u0645\u0624\u0633\u0633\u0627\u062a \u0627\u0644\u0645\u0646\u0627\u0633\u0628\u0629.<\/p><p>\u064a\u0646\u0628\u063a\u064a \u0639\u0644\u0649 \u0625\u062f\u0627\u0631\u0629 \u0627\u0644\u0645\u0648\u0627\u0631\u062f \u0627\u0644\u0628\u0634\u0631\u064a\u0629 \u0645\u0631\u0627\u0642\u0628\u0629 \u0627\u0644\u062d\u0627\u0644\u0629 \u0627\u0644\u0646\u0641\u0633\u064a\u0629 \u0648\u0627\u0644\u0639\u0627\u0637\u0641\u064a\u0629 \u0644\u0644\u0645\u0648\u0638\u0641\u064a\u0646\u060c \u0648\u0627\u0644\u062a\u0631\u0643\u064a\u0632 \u0639\u0644\u0649 \u0641\u0647\u0645 \u062a\u0648\u0642\u0639\u0627\u062a\u0647\u0645 \u0648\u0623\u0648\u0644\u0648\u064a\u0627\u062a\u0647\u0645. \u062a\u0624\u062b\u0631 \u0639\u0648\u0627\u0645\u0644 \u0645\u062b\u0644 \u0639\u0628\u0621 \u0627\u0644\u0639\u0645\u0644\u060c \u0648\u0627\u0644\u062a\u0648\u0627\u0632\u0646 \u0628\u064a\u0646 \u0627\u0644\u0639\u0645\u0644 \u0648\u0627\u0644\u062d\u064a\u0627\u0629\u060c \u0648\u0638\u0631\u0648\u0641 \u0627\u0644\u0639\u0645\u0644\u060c \u0648\u0623\u0633\u0644\u0648\u0628 \u0627\u0644\u0642\u064a\u0627\u062f\u0629\u060c \u0648\u0641\u0631\u0635 \u0627\u0644\u062a\u0637\u0648\u064a\u0631 \u0627\u0644\u0645\u0647\u0646\u064a\u060c \u0648\u062b\u0642\u0627\u0641\u0629 \u0627\u0644\u0634\u0631\u0643\u0629 \u0628\u0634\u0643\u0644 \u0645\u0628\u0627\u0634\u0631 \u0639\u0644\u0649 \u0623\u062f\u0627\u0621 \u0627\u0644\u0645\u0648\u0638\u0641\u064a\u0646. \u0648\u064a\u0631\u062a\u0628\u0637 \u0631\u0636\u0627 \u0627\u0644\u0645\u0648\u0638\u0641\u064a\u0646 \u0627\u0631\u062a\u0628\u0627\u0637\u064b\u0627 \u0648\u062b\u064a\u0642\u064b\u0627 \u0628\u0625\u062f\u0627\u0631\u0629 \u0647\u0630\u0647 \u0627\u0644\u0639\u0648\u0627\u0645\u0644 \u0628\u0643\u0641\u0627\u0621\u0629. \u0644\u0630\u0644\u0643\u060c \u064a\u062c\u0628 \u0639\u0644\u0649 \u0625\u062f\u0627\u0631\u0629 \u0627\u0644\u0645\u0648\u0627\u0631\u062f \u0627\u0644\u0628\u0634\u0631\u064a\u0629 \u0627\u0639\u062a\u0645\u0627\u062f \u0627\u0633\u062a\u0631\u0627\u062a\u064a\u062c\u064a\u0629 \u062a\u062f\u0639\u0645 \u0627\u0644\u0645\u0648\u0638\u0641\u064a\u0646\u060c \u0648\u062a\u0644\u0628\u064a \u0627\u062d\u062a\u064a\u0627\u062c\u0627\u062a\u0647\u0645\u060c \u0648\u062a\u0633\u0627\u0639\u062f\u0647\u0645 \u0639\u0644\u0649 \u062a\u062d\u0642\u064a\u0642 \u0643\u0627\u0645\u0644 \u0625\u0645\u0643\u0627\u0646\u0627\u062a\u0647\u0645.<\/p>\t\t\t\t\t\t<\/div>\n\t\t\t\t<\/div>\n\t\t\t\t<\/div>\n\t\t<div class=\"elementor-element elementor-element-124c541 e-con-full e-flex e-con e-child\" data-id=\"124c541\" data-element_type=\"container\">\n\t\t\t\t<div class=\"elementor-element elementor-element-e6a3a40 elementor-widget elementor-widget-image\" data-id=\"e6a3a40\" data-element_type=\"widget\" data-widget_type=\"image.default\">\n\t\t\t\t<div class=\"elementor-widget-container\">\n\t\t\t\t\t\t\t\t\t\t\t\t\t<img decoding=\"async\" width=\"950\" height=\"432\" src=\"https:\/\/kurtoglualuminyum.com\/wp-content\/uploads\/2024\/08\/ik-gorusu.png\" class=\"attachment-full size-full wp-image-9602\" alt=\"\" srcset=\"https:\/\/kurtoglualuminyum.com\/wp-content\/uploads\/2024\/08\/ik-gorusu.png 950w, https:\/\/kurtoglualuminyum.com\/wp-content\/uploads\/2024\/08\/ik-gorusu-300x136.png 300w, https:\/\/kurtoglualuminyum.com\/wp-content\/uploads\/2024\/08\/ik-gorusu-768x349.png 768w\" sizes=\"(max-width: 950px) 100vw, 950px\" \/>\t\t\t\t\t\t\t\t\t\t\t\t\t<\/div>\n\t\t\t\t<\/div>\n\t\t\t\t<\/div>\n\t\t\t\t<\/div>\n\t\t<div class=\"elementor-element elementor-element-e783567 e-con-full e-flex e-con e-parent\" data-id=\"e783567\" data-element_type=\"container\" data-settings=\"{&quot;background_background&quot;:&quot;classic&quot;}\">\n\t\t<div class=\"elementor-element elementor-element-2e4e81e e-con-full e-flex e-con e-child\" data-id=\"2e4e81e\" data-element_type=\"container\" data-settings=\"{&quot;background_background&quot;:&quot;classic&quot;}\">\n\t\t\t\t<div class=\"elementor-element elementor-element-5b40592 elementor-widget elementor-widget-heading\" data-id=\"5b40592\" data-element_type=\"widget\" data-widget_type=\"heading.default\">\n\t\t\t\t<div class=\"elementor-widget-container\">\n\t\t\t<h3 class=\"elementor-heading-title elementor-size-default\">\u0645\u0627\u0630\u0627 \u064a\u0642\u062f\u0645 \u0631\u0623\u064a \u0627\u0644\u0645\u0648\u0627\u0631\u062f \u0627\u0644\u0628\u0634\u0631\u064a\u0629\u061f<\/h3>\t\t<\/div>\n\t\t\t\t<\/div>\n\t\t\t\t<div class=\"elementor-element elementor-element-fc05cf1 elementor-widget elementor-widget-text-editor\" data-id=\"fc05cf1\" data-element_type=\"widget\" data-widget_type=\"text-editor.default\">\n\t\t\t\t<div class=\"elementor-widget-container\">\n\t\t\t\t\t\t\t<p>\u064a\u0639\u062a\u0645\u062f \u062a\u062d\u0642\u064a\u0642 \u0627\u0644\u0646\u062c\u0627\u062d \u0627\u0644\u0645\u0633\u062a\u062f\u0627\u0645 \u0644\u0644\u0645\u0624\u0633\u0633\u0627\u062a \u0639\u0644\u0649 \u0627\u0644\u0625\u062f\u0627\u0631\u0629 \u0627\u0644\u0641\u0639\u0651\u0627\u0644\u0629 \u0644\u0644\u0639\u0645\u0644\u064a\u0627\u062a \u0627\u0644\u062f\u0627\u062e\u0644\u064a\u0629 \u0648\u0623\u062f\u0627\u0621 \u0627\u0644\u0645\u0648\u0638\u0641\u064a\u0646. \u064a\u064f\u0639\u062f\u0651 \u0625\u062c\u0631\u0627\u0621 \u062a\u062d\u0644\u064a\u0644\u0627\u062a \u0648\u062a\u0642\u064a\u064a\u0645\u0627\u062a \u062f\u0627\u062e\u0644\u064a\u0629 \u0645\u0648\u0636\u0648\u0639\u064a\u0629 \u0645\u0646 \u0645\u0646\u0638\u0648\u0631 \u0645\u0648\u062b\u0648\u0642 \u0648\u0645\u0633\u062a\u0642\u0644 \u0623\u0645\u0631\u064b\u0627 \u0628\u0627\u0644\u063a \u0627\u0644\u0623\u0647\u0645\u064a\u0629. \u062a\u064f\u0642\u062f\u0651\u0645 \u0647\u0630\u0647 \u0627\u0644\u062a\u062d\u0644\u064a\u0644\u0627\u062a \u0635\u0648\u0631\u0629 \u0648\u0627\u0636\u062d\u0629 \u0639\u0646 \u0627\u0644\u0648\u0636\u0639 \u0627\u0644\u062d\u0627\u0644\u064a \u0644\u0644\u0645\u0624\u0633\u0633\u0629\u060c \u0648\u062a\u064f\u0648\u0641\u0651\u0631 \u0628\u064a\u0627\u0646\u0627\u062a\u064d \u0645\u0644\u0645\u0648\u0633\u0629 \u062d\u0648\u0644 \u0622\u0631\u0627\u0621 \u0627\u0644\u0645\u0648\u0638\u0641\u064a\u0646 \u062d\u0648\u0644 \u0627\u0644\u062e\u062f\u0645\u0627\u062a \u0627\u0644\u0645\u064f\u0642\u062f\u0651\u0645\u0629. \u0648\u0645\u0646 \u062e\u0644\u0627\u0644 \u062a\u062d\u062f\u064a\u062f \u0623\u0648\u0644\u0648\u064a\u0627\u062a \u0627\u0644\u062c\u0647\u0648\u062f \u0627\u0644\u0645\u0628\u0630\u0648\u0644\u0629 \u0644\u0632\u064a\u0627\u062f\u0629 \u0631\u0636\u0627 \u0627\u0644\u0645\u0648\u0638\u0641\u064a\u0646 \u0648\u062a\u062d\u0641\u064a\u0632\u0647\u0645\u060c \u064a\u064f\u0645\u0643\u0646 \u062a\u0639\u0632\u064a\u0632 \u0643\u0641\u0627\u0621\u0629 \u0627\u0644\u0645\u0624\u0633\u0633\u0629 \u0648\u0646\u062c\u0627\u062d\u0647\u0627 \u0628\u0634\u0643\u0644 \u0639\u0627\u0645.<\/p>\t\t\t\t\t\t<\/div>\n\t\t\t\t<\/div>\n\t\t\t\t<\/div>\n\t\t<div class=\"elementor-element elementor-element-518d11e e-con-full e-flex e-con e-child\" data-id=\"518d11e\" data-element_type=\"container\">\n\t\t\t\t<div class=\"elementor-element elementor-element-d0b458f elementor-widget elementor-widget-image\" data-id=\"d0b458f\" data-element_type=\"widget\" data-widget_type=\"image.default\">\n\t\t\t\t<div class=\"elementor-widget-container\">\n\t\t\t\t\t\t\t\t\t\t\t\t\t<img decoding=\"async\" width=\"950\" height=\"432\" src=\"https:\/\/kurtoglualuminyum.com\/wp-content\/uploads\/2024\/08\/insan-kaynaklari-2.png\" class=\"attachment-full size-full wp-image-9607\" alt=\"\" srcset=\"https:\/\/kurtoglualuminyum.com\/wp-content\/uploads\/2024\/08\/insan-kaynaklari-2.png 950w, https:\/\/kurtoglualuminyum.com\/wp-content\/uploads\/2024\/08\/insan-kaynaklari-2-300x136.png 300w, https:\/\/kurtoglualuminyum.com\/wp-content\/uploads\/2024\/08\/insan-kaynaklari-2-768x349.png 768w\" sizes=\"(max-width: 950px) 100vw, 950px\" \/>\t\t\t\t\t\t\t\t\t\t\t\t\t<\/div>\n\t\t\t\t<\/div>\n\t\t\t\t<\/div>\n\t\t\t\t<\/div>\n\t\t\t\t<\/div>","protected":false},"excerpt":{"rendered":"<p>Kurto\u011flu Aluminyum \u0130nsan Kaynaklar\u0131 Bir \u015firketin en de\u011ferli varl\u0131\u011f\u0131, ku\u015fkusuz ki \u00e7al\u0131\u015fanlar\u0131d\u0131r. Onlar\u0131n bilgi birikimi, tecr\u00fcbesi ve i\u015f s\u00fcre\u00e7lerine katt\u0131\u011f\u0131 de\u011ferin yan\u0131 s\u0131ra, g\u00f6r\u00fc\u015f ve \u00f6nerileri de \u015firketin b\u00fcy\u00fcmesi ve geli\u015fmesi i\u00e7in kritik \u00f6neme sahiptir. \u0130\u015fte tam bu noktada, \u00e7al\u0131\u015fanlar\u0131n g\u00f6r\u00fc\u015f ve \u00f6nerilerini dinlemek, onlar\u0131 de\u011ferlendirmek ve bu fikirleri \u015firket ba\u015far\u0131s\u0131na d\u00f6n\u00fc\u015ft\u00fcrmek, stratejik bir ad\u0131m [&hellip;]<\/p>","protected":false},"author":1,"featured_media":0,"parent":0,"menu_order":0,"comment_status":"closed","ping_status":"closed","template":"elementor_header_footer","meta":{"footnotes":""},"class_list":["post-1946","page","type-page","status-publish","hentry"],"_links":{"self":[{"href":"https:\/\/kurtoglualuminyum.com\/ar\/wp-json\/wp\/v2\/pages\/1946","targetHints":{"allow":["GET"]}}],"collection":[{"href":"https:\/\/kurtoglualuminyum.com\/ar\/wp-json\/wp\/v2\/pages"}],"about":[{"href":"https:\/\/kurtoglualuminyum.com\/ar\/wp-json\/wp\/v2\/types\/page"}],"author":[{"embeddable":true,"href":"https:\/\/kurtoglualuminyum.com\/ar\/wp-json\/wp\/v2\/users\/1"}],"replies":[{"embeddable":true,"href":"https:\/\/kurtoglualuminyum.com\/ar\/wp-json\/wp\/v2\/comments?post=1946"}],"version-history":[{"count":0,"href":"https:\/\/kurtoglualuminyum.com\/ar\/wp-json\/wp\/v2\/pages\/1946\/revisions"}],"wp:attachment":[{"href":"https:\/\/kurtoglualuminyum.com\/ar\/wp-json\/wp\/v2\/media?parent=1946"}],"curies":[{"name":"\u0648\u0648\u0631\u062f\u0628\u0631\u064a\u0633","href":"https:\/\/api.w.org\/{rel}","templated":true}]}}