{"id":2247,"date":"2022-09-16T04:50:09","date_gmt":"2022-09-16T04:50:09","guid":{"rendered":"https:\/\/kurtoglualuminyum.com\/?page_id=2247"},"modified":"2025-11-24T17:52:51","modified_gmt":"2025-11-24T14:52:51","slug":"petroleum-and-gas-services","status":"publish","type":"page","link":"https:\/\/kurtoglualuminyum.com\/ar\/%d8%a5%d8%b9%d9%84%d8%a7%d9%86-%d8%a7%d9%84%d9%85%d9%86%d8%aa%d8%ac-%d8%a7%d9%84%d8%a8%d9%8a%d8%a6%d9%8a\/","title":{"rendered":"\u0625\u0639\u0644\u0627\u0646 \u0627\u0644\u0645\u0646\u062a\u062c \u0627\u0644\u0628\u064a\u0626\u064a"},"content":{"rendered":"<div data-elementor-type=\"wp-page\" data-elementor-id=\"2247\" class=\"elementor elementor-2247\">\n\t\t\t\t<div class=\"elementor-element elementor-element-2923b05 e-flex e-con-boxed e-con e-parent\" data-id=\"2923b05\" data-element_type=\"container\">\n\t\t\t\t\t<div class=\"e-con-inner\">\n\t\t<style>\r\n    \r\n .alt-menu {\r\n    display: none;\r\n    opacity: 0;\r\n    max-height: 0;\r\n    overflow: hidden;\r\n\r\n    background-color: #f1f1f1;\r\n    border-left: 2px solid #ccc;\r\n    margin-left: 30px;\r\n    position: relative;\r\n    z-index: 1;\r\n}\r\n\r\n.item {\r\n    cursor: pointer;\r\n    position: relative;\r\n}\r\n<\/style>\r\n\t\t<div class=\"elementor-element elementor-element-7443602 elementor-widget elementor-widget-heading\" data-id=\"7443602\" data-element_type=\"widget\" data-widget_type=\"heading.default\">\n\t\t\t\t<div class=\"elementor-widget-container\">\n\t\t\t<style>\/*! elementor - v3.21.0 - 26-05-2024 *\/\n.elementor-heading-title{padding:0;margin:0;line-height:1}.elementor-widget-heading .elementor-heading-title[class*=elementor-size-]>a{color:inherit;font-size:inherit;line-height:inherit}.elementor-widget-heading .elementor-heading-title.elementor-size-small{font-size:15px}.elementor-widget-heading .elementor-heading-title.elementor-size-medium{font-size:19px}.elementor-widget-heading .elementor-heading-title.elementor-size-large{font-size:29px}.elementor-widget-heading .elementor-heading-title.elementor-size-xl{font-size:39px}.elementor-widget-heading .elementor-heading-title.elementor-size-xxl{font-size:59px}<\/style><h1 class=\"elementor-heading-title elementor-size-default\">\u0625\u0639\u0644\u0627\u0646 \u0627\u0644\u0645\u0646\u062a\u062c \u0627\u0644\u0628\u064a\u0626\u064a<\/h1>\t\t<\/div>\n\t\t\t\t<\/div>\n\t\t\t\t<div class=\"elementor-element elementor-element-26c8a5c elementor-widget elementor-widget-text-editor\" data-id=\"26c8a5c\" data-element_type=\"widget\" data-widget_type=\"text-editor.default\">\n\t\t\t\t<div class=\"elementor-widget-container\">\n\t\t\t<style>\/*! elementor - v3.21.0 - 26-05-2024 *\/\n.elementor-widget-text-editor.elementor-drop-cap-view-stacked .elementor-drop-cap{background-color:#69727d;color:#fff}.elementor-widget-text-editor.elementor-drop-cap-view-framed .elementor-drop-cap{color:#69727d;border:3px solid;background-color:transparent}.elementor-widget-text-editor:not(.elementor-drop-cap-view-default) .elementor-drop-cap{margin-top:8px}.elementor-widget-text-editor:not(.elementor-drop-cap-view-default) .elementor-drop-cap-letter{width:1em;height:1em}.elementor-widget-text-editor .elementor-drop-cap{float:left;text-align:center;line-height:1;font-size:50px}.elementor-widget-text-editor .elementor-drop-cap-letter{display:inline-block}<\/style>\t\t\t\t<p>\u0641\u064a \u0639\u0627\u0644\u0645\u0646\u0627 \u0627\u0644\u064a\u0648\u0645\u060c \u062a\u062a\u0632\u0627\u064a\u062f \u0623\u0647\u0645\u064a\u0629 \u0627\u0644\u0648\u0639\u064a \u0627\u0644\u0628\u064a\u0626\u064a \u0648\u062a\u0628\u0646\u064a \u0645\u0645\u0627\u0631\u0633\u0627\u062a \u0645\u0633\u062a\u062f\u0627\u0645\u0629 \u064a\u0648\u0645\u064b\u0627 \u0628\u0639\u062f \u064a\u0648\u0645. \u0648\u0625\u062f\u0631\u0627\u0643\u064b\u0627 \u0645\u0646\u0627 \u0644\u0647\u0630\u0627 \u0627\u0644\u0648\u0639\u064a\u060c \u062a\u0628\u0646\u062a \u0634\u0631\u0643\u062a\u0646\u0627 \u0645\u0647\u0645\u0629 \u0627\u0644\u0648\u0641\u0627\u0621 \u0628\u0645\u0633\u0624\u0648\u0644\u064a\u0627\u062a\u0647\u0627 \u062a\u062c\u0627\u0647 \u0627\u0644\u0628\u064a\u0626\u0629 \u0648\u0627\u0644\u0627\u0633\u062a\u062f\u0627\u0645\u0629 \u0639\u0644\u0649 \u0623\u0639\u0644\u0649 \u0645\u0633\u062a\u0648\u0649. \u0648\u0641\u064a \u0647\u0630\u0627 \u0627\u0644\u0633\u064a\u0627\u0642\u060c \u0646\u0641\u062e\u0631 \u0628\u062d\u0635\u0648\u0644\u0646\u0627 \u0639\u0644\u0649 \u0634\u0647\u0627\u062f\u0629 \u0625\u0639\u0644\u0627\u0646 \u0627\u0644\u0645\u0646\u062a\u062c \u0627\u0644\u0628\u064a\u0626\u064a (EPD). \u0634\u0647\u0627\u062f\u0629 EPD \u0647\u064a \u0634\u0647\u0627\u062f\u0629 \u0645\u0639\u062a\u0631\u0641 \u0628\u0647\u0627 \u062f\u0648\u0644\u064a\u064b\u0627 \u062a\u0648\u062b\u0642 \u0628\u0645\u0648\u0636\u0648\u0639\u064a\u0629 \u0627\u0644\u0623\u062b\u0631 \u0627\u0644\u0628\u064a\u0626\u064a \u0648\u0627\u0644\u0623\u062f\u0627\u0621 \u0644\u0639\u0645\u0644\u064a\u0627\u062a \u0627\u0644\u0625\u0646\u062a\u0627\u062c \u0644\u062f\u064a\u0646\u0627. \u062a\u064f\u0631\u0634\u062f\u0646\u0627 \u0647\u0630\u0647 \u0627\u0644\u0634\u0647\u0627\u062f\u0629 \u0641\u064a \u0627\u0644\u062a\u062f\u0642\u064a\u0642 \u0627\u0644\u062f\u0648\u0631\u064a \u0644\u0623\u062f\u0627\u0626\u0646\u0627 \u0627\u0644\u0628\u064a\u0626\u064a\u060c \u0648\u062a\u0637\u0648\u064a\u0631 \u0627\u0633\u062a\u0631\u0627\u062a\u064a\u062c\u064a\u0627\u062a\u0646\u0627 \u0644\u0644\u0627\u0633\u062a\u062f\u0627\u0645\u0629\u060c \u0648\u0627\u0644\u062a\u062d\u0633\u064a\u0646 \u0627\u0644\u0645\u0633\u062a\u0645\u0631 \u0644\u0633\u064a\u0627\u0633\u0627\u062a\u0646\u0627 \u0627\u0644\u0628\u064a\u0626\u064a\u0629. \u062a\u062a\u064a\u062d \u0644\u0646\u0627 \u0639\u0645\u0644\u064a\u0629 \u0627\u0644\u062a\u062f\u0642\u064a\u0642 \u0648\u0627\u0644\u062a\u0648\u062b\u064a\u0642 \u0627\u0644\u062a\u064a \u062a\u0648\u0641\u0631\u0647\u0627 \u0634\u0647\u0627\u062f\u0629 EPD \u0645\u0631\u0627\u0642\u0628\u0629 \u0645\u0633\u0627\u0647\u0645\u0627\u062a\u0646\u0627 \u0627\u0644\u0628\u064a\u0626\u064a\u0629 \u0628\u0634\u0641\u0627\u0641\u064a\u0629\u060c \u0648\u062a\u0644\u0647\u0645\u0646\u0627 \u0644\u062a\u0637\u0648\u064a\u0631 \u062d\u0644\u0648\u0644 \u0623\u0643\u062b\u0631 \u0645\u0644\u0627\u0621\u0645\u0629 \u0644\u0644\u0628\u064a\u0626\u0629 \u0648\u0627\u0633\u062a\u062f\u0627\u0645\u0629 \u0644\u0645\u0634\u0627\u0631\u064a\u0639\u0646\u0627 \u0627\u0644\u0645\u0633\u062a\u0642\u0628\u0644\u064a\u0629. \u0625\u0646 \u0646\u0647\u062c\u0646\u0627 \u0627\u0644\u0625\u0646\u062a\u0627\u062c\u064a \u0627\u0644\u0648\u0627\u0639\u064a \u0628\u064a\u0626\u064a\u064b\u0627 \u0644\u0627 \u064a\u0644\u0628\u064a \u0627\u062d\u062a\u064a\u0627\u062c\u0627\u062a \u0627\u0644\u064a\u0648\u0645 \u0641\u062d\u0633\u0628\u060c \u0628\u0644 \u064a\u0647\u062f\u0641 \u0623\u064a\u0636\u064b\u0627 \u0625\u0644\u0649 \u062a\u062d\u0633\u064a\u0646 \u062c\u0648\u062f\u0629 \u062d\u064a\u0627\u0629 \u0627\u0644\u0623\u062c\u064a\u0627\u0644 \u0627\u0644\u0642\u0627\u062f\u0645\u0629. \u0644\u0630\u0644\u0643\u060c \u0646\u062f\u0631\u0643 \u0623\u0646 \u0647\u0630\u0627 \u0627\u0644\u0646\u062c\u0627\u062d \u0627\u0644\u0630\u064a \u062d\u0642\u0642\u0646\u0627\u0647 \u0645\u0639 \u0634\u0647\u0627\u062f\u0629 EPD \u0644\u064a\u0633 \u0633\u0648\u0649 \u0627\u0644\u0628\u062f\u0627\u064a\u0629\u060c \u0648\u0646\u0648\u0627\u0635\u0644 \u0627\u0644\u0639\u0645\u0644 \u0639\u0644\u0649 \u062a\u0639\u0632\u064a\u0632 \u0645\u0633\u0624\u0648\u0644\u064a\u0627\u062a\u0646\u0627 \u0627\u0644\u0628\u064a\u0626\u064a\u0629 \u0628\u0634\u0643\u0644 \u0623\u0643\u0628\u0631.<\/p><p>\u0646\u064f\u0638\u0647\u0631 \u0628\u0648\u0636\u0648\u062d \u0627\u0644\u062a\u0632\u0627\u0645\u0646\u0627 \u0628\u0627\u0644\u0627\u0633\u062a\u062f\u0627\u0645\u0629 \u0645\u0646 \u062e\u0644\u0627\u0644 \u0639\u0645\u0644\u064a\u0627\u062a \u0627\u0644\u0625\u0646\u062a\u0627\u062c \u0627\u0644\u0635\u062f\u064a\u0642\u0629 \u0644\u0644\u0628\u064a\u0626\u0629 \u0627\u0644\u062a\u064a \u0646\u064f\u0642\u062f\u0645\u0647\u0627 \u0644\u0639\u0645\u0644\u0627\u0626\u0646\u0627 \u0648\u0634\u0631\u0643\u0627\u0626\u0646\u0627 \u0627\u0644\u062a\u062c\u0627\u0631\u064a\u064a\u0646 \u0648\u0645\u062c\u062a\u0645\u0639\u0646\u0627. \u0647\u0630\u0627 \u0627\u0644\u0627\u0644\u062a\u0632\u0627\u0645 \u0644\u064a\u0633 \u0645\u062c\u0631\u062f \u0648\u0639\u062f\u064d \u0645\u0646 \u0639\u0644\u0627\u0645\u062a\u0646\u0627 \u0627\u0644\u062a\u062c\u0627\u0631\u064a\u0629\u060c \u0628\u0644 \u0647\u0648 \u0642\u064a\u0645\u0629\u064c \u062c\u0648\u0647\u0631\u064a\u0629\u064c \u0646\u064f\u062f\u0645\u062c\u0647\u0627 \u0641\u064a \u062c\u0645\u064a\u0639 \u0639\u0645\u0644\u064a\u0627\u062a \u0627\u0644\u0625\u0646\u062a\u0627\u062c \u0648\u0646\u0645\u0627\u0630\u062c \u0627\u0644\u0623\u0639\u0645\u0627\u0644 \u0644\u062f\u064a\u0646\u0627. \u0648\u0646\u062a\u0637\u0644\u0639 \u0625\u0644\u0649 \u0627\u0644\u0645\u0633\u062a\u0642\u0628\u0644\u060c \u0648\u0633\u0646\u0648\u0627\u0635\u0644 \u0627\u0644\u0642\u064a\u0627\u0645 \u0628\u062f\u0648\u0631\u064d \u0631\u064a\u0627\u062f\u064a\u064d\u0651 \u0641\u064a \u0647\u0630\u0647 \u0627\u0644\u0635\u0646\u0627\u0639\u0629 \u0645\u0646 \u062e\u0644\u0627\u0644 \u0627\u0644\u0627\u0628\u062a\u0643\u0627\u0631 \u0648\u0627\u0644\u062a\u0643\u0646\u0648\u0644\u0648\u062c\u064a\u0627\u060c \u0644\u0644\u0648\u0641\u0627\u0621 \u0628\u0645\u0633\u0624\u0648\u0644\u064a\u0627\u062a\u0646\u0627 \u0627\u0644\u0628\u064a\u0626\u064a\u0629 \u0648\u0625\u064a\u062c\u0627\u062f \u062d\u0644\u0648\u0644\u064d \u0645\u0633\u062a\u062f\u0627\u0645\u0629. \u0648\u0641\u064a \u0647\u0630\u0647 \u0627\u0644\u0639\u0645\u0644\u064a\u0629\u060c \u0646\u064f\u0637\u0628\u0651\u0642 \u0631\u0633\u0627\u0644\u062a\u0646\u0627 \u0627\u0644\u0645\u062a\u0645\u062b\u0644\u0629 \u0641\u064a \u0628\u0646\u0627\u0621 \u0639\u0627\u0644\u0645\u064d \u0645\u0633\u062a\u062f\u0627\u0645\u064d \u0645\u0646 \u062e\u0644\u0627\u0644 \u0627\u062a\u062e\u0627\u0630 \u062e\u0637\u0648\u0627\u062a\u064d \u0645\u0633\u0624\u0648\u0644\u0629\u064d \u0628\u064a\u0626\u064a\u064b\u0627. \u064a\u0633\u0639\u062f\u0646\u0627 \u0627\u0646\u0636\u0645\u0627\u0645\u0643\u0645 \u0625\u0644\u064a\u0646\u0627 \u0641\u064a \u0647\u0630\u0647 \u0627\u0644\u0631\u062d\u0644\u0629 \u0627\u0644\u0645\u0647\u0645\u0629 \u0648\u0645\u0634\u0627\u0631\u0643\u062a\u0646\u0627 \u0627\u0644\u062a\u0632\u0627\u0645\u0646\u0627 \u062a\u062c\u0627\u0647 \u0627\u0644\u0628\u064a\u0626\u0629\u060c \u0644\u0623\u0646\u0646\u0627 \u0646\u0624\u0645\u0646 \u0628\u0623\u0646 \u062d\u062a\u0649 \u062e\u0637\u0648\u0629\u064b \u0635\u063a\u064a\u0631\u0629\u064b \u064a\u0645\u0643\u0646 \u0623\u0646 \u062a\u0643\u0648\u0646 \u0628\u062f\u0627\u064a\u0629\u064b \u0644\u062a\u063a\u064a\u064a\u0631\u064d \u0643\u0628\u064a\u0631\u064d \u0633\u064a\u064f\u063a\u064a\u0631 \u0627\u0644\u0639\u0627\u0644\u0645. \u062f\u0639\u0648\u0646\u0627 \u0646\u0639\u0645\u0644 \u0645\u0639\u064b\u0627 \u0648\u0646\u0646\u0645\u0648 \u0645\u0639\u064b\u0627 \u0645\u0646 \u0623\u062c\u0644 \u0645\u0633\u062a\u0642\u0628\u0644\u064d \u0635\u062f\u064a\u0642\u064d \u0644\u0644\u0628\u064a\u0626\u0629 \u0648\u0645\u0633\u062a\u062f\u0627\u0645.<\/p>\t\t\t\t\t\t<\/div>\n\t\t\t\t<\/div>\n\t\t\t\t<div class=\"elementor-element elementor-element-7b73c59 elementor-widget elementor-widget-text-editor\" data-id=\"7b73c59\" data-element_type=\"widget\" data-widget_type=\"text-editor.default\">\n\t\t\t\t<div class=\"elementor-widget-container\">\n\t\t\t\t\t\t\t<strong>\u0644\u0644\u0627\u0637\u0644\u0627\u0639 \u0639\u0644\u0649 \u0625\u0639\u0644\u0627\u0646 \u0627\u0644\u0645\u0646\u062a\u062c \u0627\u0644\u0628\u064a\u0626\u064a \u0644\u0645\u0644\u0641 \u0627\u0644\u0623\u0644\u0648\u0645\u0646\u064a\u0648\u0645 \u0627\u0644\u0633\u0637\u062d\u064a \u0627\u0644\u062e\u0627\u0645\u00a0<a href=\"https:\/\/kurtoglualuminyum.com\/wp-content\/uploads\/2024\/08\/uncoated_aluminum_profile-1.pdf\" target=\"_blank\" rel=\"noopener\"><u>\u0627\u0646\u0642\u0631<\/u><\/a><\/strong>\n<br>\n<strong>\u0644\u0644\u0627\u0637\u0644\u0627\u0639 \u0639\u0644\u0649 \u0625\u0639\u0644\u0627\u0646 \u0627\u0644\u0645\u0646\u062a\u062c \u0627\u0644\u0628\u064a\u0626\u064a \u0644\u0645\u0644\u0641 \u0627\u0644\u0623\u0644\u0648\u0645\u0646\u064a\u0648\u0645 \u0627\u0644\u0645\u0637\u0644\u064a \u0628\u0627\u0644\u0645\u0633\u062d\u0648\u0642\u00a0<a href=\"https:\/\/kurtoglualuminyum.com\/wp-content\/uploads\/2024\/08\/powder_coated_aluminum_profile-1-2.pdf\" target=\"_blank\" rel=\"noopener\"><u>\u0627\u0646\u0642\u0631<\/u><\/a><\/strong>\n<br>\n<strong>\u0644\u0644\u0627\u0637\u0644\u0627\u0639 \u0639\u0644\u0649 \u0625\u0639\u0644\u0627\u0646 \u0627\u0644\u0645\u0646\u062a\u062c \u0627\u0644\u0628\u064a\u0626\u064a \u0644\u0645\u0644\u0641 \u0627\u0644\u0623\u0644\u0648\u0645\u0646\u064a\u0648\u0645 \u0627\u0644\u0633\u0637\u062d\u064a \u0627\u0644\u0645\u0624\u0643\u0633\u062f\u00a0<a href=\"https:\/\/kurtoglualuminyum.com\/wp-content\/uploads\/2024\/08\/anodized_aluminum_profile-1.pdf\" target=\"_blank\" rel=\"noopener\"><u>\u0627\u0646\u0642\u0631<\/u><\/a><\/strong>\t\t\t\t\t\t<\/div>\n\t\t\t\t<\/div>\n\t\t\t\t\t<\/div>\n\t\t\t\t<\/div>\n\t\t\t\t<\/div>","protected":false},"excerpt":{"rendered":"<p>\u00c7evresel \u00dcr\u00fcn Beyan\u0131 G\u00fcn\u00fcm\u00fcz d\u00fcnyas\u0131nda \u00e7evreye duyarl\u0131 olman\u0131n ve s\u00fcrd\u00fcr\u00fclebilir uygulamalar\u0131 benimsemenin \u00f6nemi her ge\u00e7en g\u00fcn daha da art\u0131yor. Bu bilincin fark\u0131nda olarak, firmam\u0131z \u00e7evreye ve s\u00fcrd\u00fcr\u00fclebilirli\u011fe y\u00f6nelik sorumluluklar\u0131n\u0131 en \u00fcst d\u00fczeyde yerine getirme misyonunu benimsemi\u015ftir. Bu ba\u011flamda, \u00dcr\u00fcn \u00c7evre Beyan\u0131 (EPD) sertifikas\u0131n\u0131 kazanm\u0131\u015f olman\u0131n gururunu ya\u015f\u0131yoruz. EPD sertifikas\u0131, \u00fcretim s\u00fcre\u00e7lerimizin \u00e7evresel etkilerini ve performans\u0131n\u0131 [&hellip;]<\/p>","protected":false},"author":1,"featured_media":0,"parent":0,"menu_order":0,"comment_status":"closed","ping_status":"closed","template":"elementor_header_footer","meta":{"footnotes":""},"class_list":["post-2247","page","type-page","status-publish","hentry"],"_links":{"self":[{"href":"https:\/\/kurtoglualuminyum.com\/ar\/wp-json\/wp\/v2\/pages\/2247","targetHints":{"allow":["GET"]}}],"collection":[{"href":"https:\/\/kurtoglualuminyum.com\/ar\/wp-json\/wp\/v2\/pages"}],"about":[{"href":"https:\/\/kurtoglualuminyum.com\/ar\/wp-json\/wp\/v2\/types\/page"}],"author":[{"embeddable":true,"href":"https:\/\/kurtoglualuminyum.com\/ar\/wp-json\/wp\/v2\/users\/1"}],"replies":[{"embeddable":true,"href":"https:\/\/kurtoglualuminyum.com\/ar\/wp-json\/wp\/v2\/comments?post=2247"}],"version-history":[{"count":0,"href":"https:\/\/kurtoglualuminyum.com\/ar\/wp-json\/wp\/v2\/pages\/2247\/revisions"}],"wp:attachment":[{"href":"https:\/\/kurtoglualuminyum.com\/ar\/wp-json\/wp\/v2\/media?parent=2247"}],"curies":[{"name":"\u0648\u0648\u0631\u062f\u0628\u0631\u064a\u0633","href":"https:\/\/api.w.org\/{rel}","templated":true}]}}