{"id":1946,"date":"2022-09-15T09:29:25","date_gmt":"2022-09-15T09:29:25","guid":{"rendered":"https:\/\/kurtoglualuminyum.com\/?page_id=1946"},"modified":"2025-07-31T09:52:45","modified_gmt":"2025-07-31T06:52:45","slug":"%d1%87%d0%be%d0%b2%d0%b5%d1%88%d0%ba%d0%b8-%d1%80%d0%b5%d1%81%d1%83%d1%80%d1%81%d0%b8","status":"publish","type":"page","link":"https:\/\/kurtoglualuminyum.com\/bg\/%d1%87%d0%be%d0%b2%d0%b5%d1%88%d0%ba%d0%b8-%d1%80%d0%b5%d1%81%d1%83%d1%80%d1%81%d0%b8\/","title":{"rendered":"\u0427\u043e\u0432\u0435\u0448\u043a\u0438 \u0440\u0435\u0441\u0443\u0440\u0441\u0438"},"content":{"rendered":"<div data-elementor-type=\"wp-page\" data-elementor-id=\"1946\" class=\"elementor elementor-1946\">\n\t\t\t\t<div class=\"elementor-element elementor-element-7c22570 e-con-full e-flex e-con e-parent\" data-id=\"7c22570\" data-element_type=\"container\" data-settings=\"{&quot;background_background&quot;:&quot;classic&quot;}\">\n\t\t<div class=\"elementor-element elementor-element-1528abd e-con-full e-flex e-con e-child\" data-id=\"1528abd\" data-element_type=\"container\" data-settings=\"{&quot;background_background&quot;:&quot;classic&quot;}\">\n\t\t<style>\r\n    \r\n .alt-menu {\r\n    display: none;\r\n    opacity: 0;\r\n    max-height: 0;\r\n    overflow: hidden;\r\n\r\n    background-color: #f1f1f1;\r\n    border-left: 2px solid #ccc;\r\n    margin-left: 30px;\r\n    position: relative;\r\n    z-index: 1;\r\n}\r\n\r\n.item {\r\n    cursor: pointer;\r\n    position: relative;\r\n}\r\n<\/style>\r\n\t\t<div class=\"elementor-element elementor-element-df09936 elementor-widget elementor-widget-heading\" data-id=\"df09936\" data-element_type=\"widget\" data-widget_type=\"heading.default\">\n\t\t\t\t<div class=\"elementor-widget-container\">\n\t\t\t<style>\/*! elementor - v3.21.0 - 26-05-2024 *\/\n.elementor-heading-title{padding:0;margin:0;line-height:1}.elementor-widget-heading .elementor-heading-title[class*=elementor-size-]>a{color:inherit;font-size:inherit;line-height:inherit}.elementor-widget-heading .elementor-heading-title.elementor-size-small{font-size:15px}.elementor-widget-heading .elementor-heading-title.elementor-size-medium{font-size:19px}.elementor-widget-heading .elementor-heading-title.elementor-size-large{font-size:29px}.elementor-widget-heading .elementor-heading-title.elementor-size-xl{font-size:39px}.elementor-widget-heading .elementor-heading-title.elementor-size-xxl{font-size:59px}<\/style><h4 class=\"elementor-heading-title elementor-size-default\">\u041a\u0443\u0440\u0442\u043e\u0433\u043b\u0443 \u0430\u043b\u0443\u043c\u0438\u043d\u0438\u0439<\/h4>\t\t<\/div>\n\t\t\t\t<\/div>\n\t\t\t\t<div class=\"elementor-element elementor-element-6620ff5 elementor-widget elementor-widget-heading\" data-id=\"6620ff5\" data-element_type=\"widget\" data-widget_type=\"heading.default\">\n\t\t\t\t<div class=\"elementor-widget-container\">\n\t\t\t<h1 class=\"elementor-heading-title elementor-size-default\">\u0427\u043e\u0432\u0435\u0448\u043a\u0438 \u0440\u0435\u0441\u0443\u0440\u0441\u0438<\/h1>\t\t<\/div>\n\t\t\t\t<\/div>\n\t\t\t\t<div class=\"elementor-element elementor-element-c909b8e elementor-widget elementor-widget-text-editor\" data-id=\"c909b8e\" data-element_type=\"widget\" data-widget_type=\"text-editor.default\">\n\t\t\t\t<div class=\"elementor-widget-container\">\n\t\t\t<style>\/*! elementor - v3.21.0 - 26-05-2024 *\/\n.elementor-widget-text-editor.elementor-drop-cap-view-stacked .elementor-drop-cap{background-color:#69727d;color:#fff}.elementor-widget-text-editor.elementor-drop-cap-view-framed .elementor-drop-cap{color:#69727d;border:3px solid;background-color:transparent}.elementor-widget-text-editor:not(.elementor-drop-cap-view-default) .elementor-drop-cap{margin-top:8px}.elementor-widget-text-editor:not(.elementor-drop-cap-view-default) .elementor-drop-cap-letter{width:1em;height:1em}.elementor-widget-text-editor .elementor-drop-cap{float:left;text-align:center;line-height:1;font-size:50px}.elementor-widget-text-editor .elementor-drop-cap-letter{display:inline-block}<\/style>\t\t\t\t<p>\u041d\u0430\u0439-\u0446\u0435\u043d\u043d\u0438\u044f\u0442 \u0430\u043a\u0442\u0438\u0432 \u043d\u0430 \u0435\u0434\u043d\u0430 \u043a\u043e\u043c\u043f\u0430\u043d\u0438\u044f \u043d\u0435\u0441\u044a\u043c\u043d\u0435\u043d\u043e \u0441\u0430 \u043d\u0435\u0439\u043d\u0438\u0442\u0435 \u0441\u043b\u0443\u0436\u0438\u0442\u0435\u043b\u0438. \u0412 \u0434\u043e\u043f\u044a\u043b\u043d\u0435\u043d\u0438\u0435 \u043a\u044a\u043c \u0442\u0435\u0445\u043d\u0438\u0442\u0435 \u0437\u043d\u0430\u043d\u0438\u044f, \u043e\u043f\u0438\u0442 \u0438 \u0441\u0442\u043e\u0439\u043d\u043e\u0441\u0442\u0442\u0430, \u043a\u043e\u044f\u0442\u043e \u0434\u043e\u0431\u0430\u0432\u044f\u0442 \u043a\u044a\u043c \u0431\u0438\u0437\u043d\u0435\u0441 \u043f\u0440\u043e\u0446\u0435\u0441\u0438\u0442\u0435, \u0442\u0435\u0445\u043d\u0438\u0442\u0435 \u043c\u043d\u0435\u043d\u0438\u044f \u0438 \u043f\u0440\u0435\u0434\u043b\u043e\u0436\u0435\u043d\u0438\u044f \u0441\u044a\u0449\u043e \u0441\u0430 \u043e\u0442 \u0440\u0435\u0448\u0430\u0432\u0430\u0449\u043e \u0437\u043d\u0430\u0447\u0435\u043d\u0438\u0435 \u0437\u0430 \u0440\u0430\u0441\u0442\u0435\u0436\u0430 \u0438 \u0440\u0430\u0437\u0432\u0438\u0442\u0438\u0435\u0442\u043e \u043d\u0430 \u043a\u043e\u043c\u043f\u0430\u043d\u0438\u044f\u0442\u0430. \u0412 \u0442\u043e\u0437\u0438 \u043c\u043e\u043c\u0435\u043d\u0442, \u0432\u0441\u043b\u0443\u0448\u0432\u0430\u043d\u0435\u0442\u043e \u0432 \u043c\u043d\u0435\u043d\u0438\u044f\u0442\u0430 \u0438 \u043f\u0440\u0435\u0434\u043b\u043e\u0436\u0435\u043d\u0438\u044f\u0442\u0430 \u043d\u0430 \u0441\u043b\u0443\u0436\u0438\u0442\u0435\u043b\u0438\u0442\u0435, \u043e\u0446\u0435\u043d\u044f\u0432\u0430\u043d\u0435\u0442\u043e \u0438\u043c \u0438 \u043f\u0440\u0435\u0432\u0440\u044a\u0449\u0430\u043d\u0435\u0442\u043e \u043d\u0430 \u0442\u0435\u0437\u0438 \u0438\u0434\u0435\u0438 \u0432 \u0443\u0441\u043f\u0435\u0445 \u043d\u0430 \u043a\u043e\u043c\u043f\u0430\u043d\u0438\u044f\u0442\u0430 \u0441\u0435 \u043f\u0440\u0435\u0432\u0440\u044a\u0449\u0430 \u0432 \u0441\u0442\u0440\u0430\u0442\u0435\u0433\u0438\u0447\u0435\u0441\u043a\u0430 \u0441\u0442\u044a\u043f\u043a\u0430. \u0423\u0441\u043f\u0435\u0448\u043d\u043e\u0442\u043e \u043f\u043e\u0441\u0442\u0438\u0433\u0430\u043d\u0435 \u043d\u0430 \u0442\u043e\u0432\u0430 \u0435 \u0432\u044a\u0437\u043c\u043e\u0436\u043d\u043e \u0441 \u043f\u0440\u0430\u0432\u0438\u043b\u043d\u0430\u0442\u0430 \u0441\u0442\u0440\u0430\u0442\u0435\u0433\u0438\u044f \u0438 \u043c\u043e\u0442\u0438\u0432\u0430\u0446\u0438\u043e\u043d\u043d\u0438 \u0438\u043d\u0441\u0442\u0440\u0443\u043c\u0435\u043d\u0442\u0438 \u043e\u0442 \u0443\u043f\u0440\u0430\u0432\u043b\u0435\u043d\u0438\u0435\u0442\u043e \u043d\u0430 \u0447\u043e\u0432\u0435\u0448\u043a\u0438\u0442\u0435 \u0440\u0435\u0441\u0443\u0440\u0441\u0438 (HR).<\/p><p>\u0423\u043f\u0440\u0430\u0432\u043b\u0435\u043d\u0438\u0435\u0442\u043e \u043d\u0430 \u0447\u043e\u0432\u0435\u0448\u043a\u0438\u0442\u0435 \u0440\u0435\u0441\u0443\u0440\u0441\u0438 \u0438\u0433\u0440\u0430\u0435 \u043a\u043b\u044e\u0447\u043e\u0432\u0430 \u0440\u043e\u043b\u044f \u0432 \u0441\u044a\u0431\u0438\u0440\u0430\u043d\u0435\u0442\u043e, \u0430\u043d\u0430\u043b\u0438\u0437\u0430 \u0438 \u043f\u0440\u0438\u043b\u0430\u0433\u0430\u043d\u0435\u0442\u043e \u043d\u0430 \u043e\u0431\u0440\u0430\u0442\u043d\u0430 \u0432\u0440\u044a\u0437\u043a\u0430 \u0438 \u043f\u0440\u0435\u0434\u043b\u043e\u0436\u0435\u043d\u0438\u044f \u043e\u0442 \u0441\u043b\u0443\u0436\u0438\u0442\u0435\u043b\u0438\u0442\u0435. \u041a\u043e\u0433\u0430\u0442\u043e \u0441\u043b\u0443\u0436\u0438\u0442\u0435\u043b\u0438\u0442\u0435 \u0438\u043c\u0430\u0442 \u0432\u044a\u0437\u043c\u043e\u0436\u043d\u043e\u0441\u0442 \u0434\u0430 \u043f\u0440\u0435\u0434\u043e\u0441\u0442\u0430\u0432\u044f\u0442 \u043e\u0431\u0440\u0430\u0442\u043d\u0430 \u0432\u0440\u044a\u0437\u043a\u0430 \u043e\u0442\u043d\u043e\u0441\u043d\u043e \u043f\u0440\u0435\u0434\u0438\u0437\u0432\u0438\u043a\u0430\u0442\u0435\u043b\u0441\u0442\u0432\u0430\u0442\u0430 \u0432 \u0440\u0430\u0431\u043e\u0442\u043d\u0438\u044f \u043f\u0440\u043e\u0446\u0435\u0441, \u0432\u044a\u0437\u043c\u043e\u0436\u043d\u043e\u0441\u0442\u0438\u0442\u0435 \u0437\u0430 \u043f\u043e\u0434\u043e\u0431\u0440\u0435\u043d\u0438\u0435 \u0438 \u0438\u043d\u043e\u0432\u0430\u0442\u0438\u0432\u043d\u0438\u0442\u0435 \u0438\u0434\u0435\u0438, \u0442\u043e\u0432\u0430 \u043f\u0440\u044f\u043a\u043e \u0432\u043b\u0438\u044f\u0435 \u0432\u044a\u0440\u0445\u0443 \u043f\u0440\u043e\u0438\u0437\u0432\u043e\u0434\u0438\u0442\u0435\u043b\u043d\u043e\u0441\u0442\u0442\u0430 \u043d\u0430 \u043a\u043e\u043c\u043f\u0430\u043d\u0438\u044f\u0442\u0430. \u0415\u0444\u0435\u043a\u0442\u0438\u0432\u043d\u0430\u0442\u0430 \u043e\u0446\u0435\u043d\u043a\u0430 \u043d\u0430 \u0442\u0430\u0437\u0438 \u043e\u0431\u0440\u0430\u0442\u043d\u0430 \u0432\u0440\u044a\u0437\u043a\u0430 \u0438 \u043f\u0440\u0435\u0432\u0440\u044a\u0449\u0430\u043d\u0435\u0442\u043e \u045d \u0432 \u0441\u0442\u0440\u0430\u0442\u0435\u0433\u0438\u0447\u0435\u0441\u043a\u0438 \u0440\u0435\u0448\u0435\u043d\u0438\u044f \u0435 \u043a\u043b\u044e\u0447\u043e\u0432 \u043b\u043e\u0441\u0442 \u0437\u0430 \u0443\u0441\u043f\u0435\u0445\u0430 \u043d\u0430 \u043a\u043e\u043c\u043f\u0430\u043d\u0438\u044f\u0442\u0430.<\/p>\t\t\t\t\t\t<\/div>\n\t\t\t\t<\/div>\n\t\t\t\t<\/div>\n\t\t<div class=\"elementor-element elementor-element-b2a58a3 e-con-full e-flex e-con e-child\" data-id=\"b2a58a3\" data-element_type=\"container\">\n\t\t\t\t<div class=\"elementor-element elementor-element-485ee46 elementor-widget elementor-widget-image\" data-id=\"485ee46\" data-element_type=\"widget\" data-widget_type=\"image.default\">\n\t\t\t\t<div class=\"elementor-widget-container\">\n\t\t\t<style>\/*! elementor - v3.21.0 - 26-05-2024 *\/\n.elementor-widget-image{text-align:center}.elementor-widget-image a{display:inline-block}.elementor-widget-image a img[src$=\".svg\"]{width:48px}.elementor-widget-image img{vertical-align:middle;display:inline-block}<\/style>\t\t\t\t\t\t\t\t\t\t<img fetchpriority=\"high\" decoding=\"async\" width=\"2560\" height=\"1280\" src=\"https:\/\/kurtoglualuminyum.com\/wp-content\/uploads\/2024\/08\/insan-kaynaklari-scaled.jpg\" class=\"attachment-full size-full wp-image-9601\" alt=\"\" srcset=\"https:\/\/kurtoglualuminyum.com\/wp-content\/uploads\/2024\/08\/insan-kaynaklari-scaled.jpg 2560w, https:\/\/kurtoglualuminyum.com\/wp-content\/uploads\/2024\/08\/insan-kaynaklari-300x150.jpg 300w, https:\/\/kurtoglualuminyum.com\/wp-content\/uploads\/2024\/08\/insan-kaynaklari-1024x512.jpg 1024w, https:\/\/kurtoglualuminyum.com\/wp-content\/uploads\/2024\/08\/insan-kaynaklari-768x384.jpg 768w, https:\/\/kurtoglualuminyum.com\/wp-content\/uploads\/2024\/08\/insan-kaynaklari-1536x768.jpg 1536w, https:\/\/kurtoglualuminyum.com\/wp-content\/uploads\/2024\/08\/insan-kaynaklari-2048x1024.jpg 2048w\" sizes=\"(max-width: 2560px) 100vw, 2560px\" \/>\t\t\t\t\t\t\t\t\t\t\t\t\t<\/div>\n\t\t\t\t<\/div>\n\t\t\t\t<\/div>\n\t\t\t\t<\/div>\n\t\t<div class=\"elementor-element elementor-element-2abe633 e-con-full e-flex e-con e-parent\" data-id=\"2abe633\" data-element_type=\"container\" data-settings=\"{&quot;background_background&quot;:&quot;classic&quot;}\">\n\t\t<div class=\"elementor-element elementor-element-8fa3f4b e-con-full e-flex e-con e-child\" data-id=\"8fa3f4b\" data-element_type=\"container\">\n\t\t\t\t<div class=\"elementor-element elementor-element-edfb929 elementor-widget elementor-widget-heading\" data-id=\"edfb929\" data-element_type=\"widget\" data-widget_type=\"heading.default\">\n\t\t\t\t<div class=\"elementor-widget-container\">\n\t\t\t<h2 class=\"elementor-heading-title elementor-size-default\">\u0421\u0442\u0430\u043d\u043e\u0432\u0438\u0449\u0435 \u043d\u0430 \u0447\u043e\u0432\u0435\u0448\u043a\u0438\u0442\u0435 \u0440\u0435\u0441\u0443\u0440\u0441\u0438<\/h2>\t\t<\/div>\n\t\t\t\t<\/div>\n\t\t\t\t<div class=\"elementor-element elementor-element-f71db12 elementor-widget elementor-widget-text-editor\" data-id=\"f71db12\" data-element_type=\"widget\" data-widget_type=\"text-editor.default\">\n\t\t\t\t<div class=\"elementor-widget-container\">\n\t\t\t\t\t\t\t<p>\u0415\u0434\u0438\u043d \u043e\u0442 \u043d\u0430\u0439-\u0432\u0430\u0436\u043d\u0438\u0442\u0435 \u0444\u0430\u043a\u0442\u043e\u0440\u0438 \u0437\u0430 \u0443\u0441\u043f\u0435\u0445\u0430 \u043d\u0430 \u0435\u0434\u043d\u0430 \u043a\u043e\u043c\u043f\u0430\u043d\u0438\u044f \u0441\u0430 \u043d\u0435\u0439\u043d\u0438\u0442\u0435 \u0447\u043e\u0432\u0435\u0448\u043a\u0438 \u0440\u0435\u0441\u0443\u0440\u0441\u0438. \u041f\u043e\u0434\u043e\u0431\u0440\u044f\u0432\u0430\u043d\u0435\u0442\u043e \u043d\u0430 \u043f\u0440\u0435\u0434\u0441\u0442\u0430\u0432\u044f\u043d\u0435\u0442\u043e \u043d\u0430 \u0441\u043b\u0443\u0436\u0438\u0442\u0435\u043b\u0438\u0442\u0435 \u0437\u0430\u043f\u043e\u0447\u0432\u0430 \u0441 \u043f\u0440\u0438\u043e\u0440\u0438\u0442\u0438\u0437\u0438\u0440\u0430\u043d\u0435 \u043d\u0430 \u0442\u0435\u0445\u043d\u0438\u0442\u0435 \u0447\u0443\u0432\u0441\u0442\u0432\u0430, \u043c\u0438\u0441\u043b\u0438, \u043e\u0447\u0430\u043a\u0432\u0430\u043d\u0438\u044f \u0438 \u043f\u0440\u0438\u043e\u0440\u0438\u0442\u0435\u0442\u0438. \u041f\u043e \u043e\u0442\u043d\u043e\u0448\u0435\u043d\u0438\u0435 \u043d\u0430 \u043f\u0440\u0430\u043a\u0442\u0438\u043a\u0438\u0442\u0435 \u0432 \u043e\u0431\u043b\u0430\u0441\u0442\u0442\u0430 \u043d\u0430 \u0447\u043e\u0432\u0435\u0448\u043a\u0438\u0442\u0435 \u0440\u0435\u0441\u0443\u0440\u0441\u0438 (HR), \u043e\u0441\u044a\u0437\u043d\u0430\u0432\u0430\u043d\u0435\u0442\u043e \u043d\u0430 \u0443\u0434\u043e\u0432\u043b\u0435\u0442\u0432\u043e\u0440\u0435\u043d\u043e\u0441\u0442\u0442\u0430 \u0438 \u043d\u0435\u0434\u043e\u0432\u043e\u043b\u0441\u0442\u0432\u043e\u0442\u043e \u043d\u0430 \u0441\u043b\u0443\u0436\u0438\u0442\u0435\u043b\u0438\u0442\u0435 \u0435 \u043e\u0441\u043d\u043e\u0432\u0435\u043d \u043a\u0440\u0430\u0439\u044a\u0433\u044a\u043b\u0435\u043d \u043a\u0430\u043c\u044a\u043a \u0432 \u0443\u043f\u0440\u0430\u0432\u043b\u0435\u043d\u0438\u0435\u0442\u043e \u043d\u0430 \u0440\u0430\u0431\u043e\u0442\u043d\u0430\u0442\u0430 \u0441\u0438\u043b\u0430. \u0414\u0435\u0439\u0441\u0442\u0432\u0438\u0435\u0442\u043e \u0441 \u0442\u043e\u0432\u0430 \u043e\u0441\u044a\u0437\u043d\u0430\u0432\u0430\u043d\u0435 \u0435 \u043e\u0442 \u0440\u0435\u0448\u0430\u0432\u0430\u0449\u043e \u0437\u043d\u0430\u0447\u0435\u043d\u0438\u0435 \u043d\u0435 \u0441\u0430\u043c\u043e \u0437\u0430 \u0437\u0430\u0434\u044a\u0440\u0436\u0430\u043d\u0435\u0442\u043e \u043d\u0430 \u0441\u043b\u0443\u0436\u0438\u0442\u0435\u043b\u0438\u0442\u0435, \u043d\u043e \u0438 \u0437\u0430 \u043c\u0430\u043a\u0441\u0438\u043c\u0430\u043b\u043d\u043e\u0442\u043e \u0438\u043c \u0438\u0437\u043f\u043e\u043b\u0437\u0432\u0430\u043d\u0435 \u043d\u0430 \u043f\u043e\u0442\u0435\u043d\u0446\u0438\u0430\u043b\u0430 \u0438 \u0437\u0430 \u043e\u0441\u0438\u0433\u0443\u0440\u044f\u0432\u0430\u043d\u0435 \u043d\u0430 \u0442\u044f\u0445\u043d\u043e\u0442\u043e \u043d\u0430\u0437\u043d\u0430\u0447\u0430\u0432\u0430\u043d\u0435 \u0432 \u043f\u0440\u0430\u0432\u0438\u043b\u043d\u0438\u0442\u0435 \u043e\u0440\u0433\u0430\u043d\u0438\u0437\u0430\u0446\u0438\u0438.<\/p><p>\u0423\u043f\u0440\u0430\u0432\u043b\u0435\u043d\u0438\u0435\u0442\u043e \u043d\u0430 \u0447\u043e\u0432\u0435\u0448\u043a\u0438\u0442\u0435 \u0440\u0435\u0441\u0443\u0440\u0441\u0438 \u0442\u0440\u044f\u0431\u0432\u0430 \u0434\u0430 \u0441\u043b\u0435\u0434\u0438 \u0435\u043c\u043e\u0446\u0438\u043e\u043d\u0430\u043b\u043d\u043e\u0442\u043e \u0438 \u043f\u0441\u0438\u0445\u0438\u0447\u0435\u0441\u043a\u043e\u0442\u043e \u0441\u044a\u0441\u0442\u043e\u044f\u043d\u0438\u0435 \u043d\u0430 \u0441\u043b\u0443\u0436\u0438\u0442\u0435\u043b\u0438\u0442\u0435 \u0438 \u0434\u0430 \u0441\u0435 \u0444\u043e\u043a\u0443\u0441\u0438\u0440\u0430 \u0432\u044a\u0440\u0445\u0443 \u0440\u0430\u0437\u0431\u0438\u0440\u0430\u043d\u0435\u0442\u043e \u043d\u0430 \u0442\u0435\u0445\u043d\u0438\u0442\u0435 \u043e\u0447\u0430\u043a\u0432\u0430\u043d\u0438\u044f \u0438 \u043f\u0440\u0438\u043e\u0440\u0438\u0442\u0435\u0442\u0438. \u0424\u0430\u043a\u0442\u043e\u0440\u0438 \u043a\u0430\u0442\u043e \u0440\u0430\u0431\u043e\u0442\u043d\u043e \u043d\u0430\u0442\u043e\u0432\u0430\u0440\u0432\u0430\u043d\u0435, \u0431\u0430\u043b\u0430\u043d\u0441 \u043c\u0435\u0436\u0434\u0443 \u0440\u0430\u0431\u043e\u0442\u0430 \u0438 \u043b\u0438\u0447\u0435\u043d \u0436\u0438\u0432\u043e\u0442, \u0443\u0441\u043b\u043e\u0432\u0438\u044f \u043d\u0430 \u0442\u0440\u0443\u0434, \u0441\u0442\u0438\u043b \u043d\u0430 \u043b\u0438\u0434\u0435\u0440\u0441\u0442\u0432\u043e, \u0432\u044a\u0437\u043c\u043e\u0436\u043d\u043e\u0441\u0442\u0438 \u0437\u0430 \u043a\u0430\u0440\u0438\u0435\u0440\u043d\u043e \u0440\u0430\u0437\u0432\u0438\u0442\u0438\u0435 \u0438 \u043a\u043e\u0440\u043f\u043e\u0440\u0430\u0442\u0438\u0432\u043d\u0430 \u043a\u0443\u043b\u0442\u0443\u0440\u0430 \u043e\u043a\u0430\u0437\u0432\u0430\u0442 \u043f\u0440\u044f\u043a\u043e \u0432\u043b\u0438\u044f\u043d\u0438\u0435 \u0432\u044a\u0440\u0445\u0443 \u043f\u0440\u0435\u0434\u0441\u0442\u0430\u0432\u044f\u043d\u0435\u0442\u043e \u043d\u0430 \u0441\u043b\u0443\u0436\u0438\u0442\u0435\u043b\u0438\u0442\u0435. \u0423\u0434\u043e\u0432\u043b\u0435\u0442\u0432\u043e\u0440\u0435\u043d\u043e\u0441\u0442\u0442\u0430 \u043d\u0430 \u0441\u043b\u0443\u0436\u0438\u0442\u0435\u043b\u0438\u0442\u0435 \u0435 \u0442\u044f\u0441\u043d\u043e \u0441\u0432\u044a\u0440\u0437\u0430\u043d\u0430 \u0441 \u0442\u043e\u0432\u0430 \u043a\u043e\u043b\u043a\u043e \u0434\u043e\u0431\u0440\u0435 \u0441\u0435 \u0443\u043f\u0440\u0430\u0432\u043b\u044f\u0432\u0430\u0442 \u0442\u0435\u0437\u0438 \u0444\u0430\u043a\u0442\u043e\u0440\u0438. \u0421\u043b\u0435\u0434\u043e\u0432\u0430\u0442\u0435\u043b\u043d\u043e, \u0443\u043f\u0440\u0430\u0432\u043b\u0435\u043d\u0438\u0435\u0442\u043e \u043d\u0430 \u0447\u043e\u0432\u0435\u0448\u043a\u0438\u0442\u0435 \u0440\u0435\u0441\u0443\u0440\u0441\u0438 \u0442\u0440\u044f\u0431\u0432\u0430 \u0434\u0430 \u0432\u044a\u0437\u043f\u0440\u0438\u0435\u043c\u0435 \u0441\u0442\u0440\u0430\u0442\u0435\u0433\u0438\u044f, \u043a\u043e\u044f\u0442\u043e \u043f\u043e\u0434\u043a\u0440\u0435\u043f\u044f \u0441\u043b\u0443\u0436\u0438\u0442\u0435\u043b\u0438\u0442\u0435, \u043e\u0442\u0433\u043e\u0432\u0430\u0440\u044f \u043d\u0430 \u0442\u0435\u0445\u043d\u0438\u0442\u0435 \u043d\u0443\u0436\u0434\u0438 \u0438 \u0438\u043c \u043f\u043e\u043c\u0430\u0433\u0430 \u0434\u0430 \u043f\u043e\u0441\u0442\u0438\u0433\u043d\u0430\u0442 \u043f\u044a\u043b\u043d\u0438\u044f \u0441\u0438 \u043f\u043e\u0442\u0435\u043d\u0446\u0438\u0430\u043b.<\/p>\t\t\t\t\t\t<\/div>\n\t\t\t\t<\/div>\n\t\t\t\t<\/div>\n\t\t<div class=\"elementor-element elementor-element-124c541 e-con-full e-flex e-con e-child\" data-id=\"124c541\" data-element_type=\"container\">\n\t\t\t\t<div class=\"elementor-element elementor-element-e6a3a40 elementor-widget elementor-widget-image\" data-id=\"e6a3a40\" data-element_type=\"widget\" data-widget_type=\"image.default\">\n\t\t\t\t<div class=\"elementor-widget-container\">\n\t\t\t\t\t\t\t\t\t\t\t\t\t<img decoding=\"async\" width=\"950\" height=\"432\" src=\"https:\/\/kurtoglualuminyum.com\/wp-content\/uploads\/2024\/08\/ik-gorusu.png\" class=\"attachment-full size-full wp-image-9602\" alt=\"\" srcset=\"https:\/\/kurtoglualuminyum.com\/wp-content\/uploads\/2024\/08\/ik-gorusu.png 950w, https:\/\/kurtoglualuminyum.com\/wp-content\/uploads\/2024\/08\/ik-gorusu-300x136.png 300w, https:\/\/kurtoglualuminyum.com\/wp-content\/uploads\/2024\/08\/ik-gorusu-768x349.png 768w\" sizes=\"(max-width: 950px) 100vw, 950px\" \/>\t\t\t\t\t\t\t\t\t\t\t\t\t<\/div>\n\t\t\t\t<\/div>\n\t\t\t\t<\/div>\n\t\t\t\t<\/div>\n\t\t<div class=\"elementor-element elementor-element-e783567 e-con-full e-flex e-con e-parent\" data-id=\"e783567\" data-element_type=\"container\" data-settings=\"{&quot;background_background&quot;:&quot;classic&quot;}\">\n\t\t<div class=\"elementor-element elementor-element-2e4e81e e-con-full e-flex e-con e-child\" data-id=\"2e4e81e\" data-element_type=\"container\" data-settings=\"{&quot;background_background&quot;:&quot;classic&quot;}\">\n\t\t\t\t<div class=\"elementor-element elementor-element-5b40592 elementor-widget elementor-widget-heading\" data-id=\"5b40592\" data-element_type=\"widget\" data-widget_type=\"heading.default\">\n\t\t\t\t<div class=\"elementor-widget-container\">\n\t\t\t<h3 class=\"elementor-heading-title elementor-size-default\">\u041a\u0430\u043a\u0432\u043e \u043f\u0440\u0435\u0434\u043e\u0441\u0442\u0430\u0432\u044f HR Opinion?<\/h3>\t\t<\/div>\n\t\t\t\t<\/div>\n\t\t\t\t<div class=\"elementor-element elementor-element-fc05cf1 elementor-widget elementor-widget-text-editor\" data-id=\"fc05cf1\" data-element_type=\"widget\" data-widget_type=\"text-editor.default\">\n\t\t\t\t<div class=\"elementor-widget-container\">\n\t\t\t\t\t\t\t<p>\u041f\u043e\u0441\u0442\u0438\u0433\u0430\u043d\u0435\u0442\u043e \u043d\u0430 \u0443\u0441\u0442\u043e\u0439\u0447\u0438\u0432 \u0443\u0441\u043f\u0435\u0445 \u0437\u0430 \u043e\u0440\u0433\u0430\u043d\u0438\u0437\u0430\u0446\u0438\u0438\u0442\u0435 \u0437\u0430\u0432\u0438\u0441\u0438 \u043e\u0442 \u0435\u0444\u0435\u043a\u0442\u0438\u0432\u043d\u043e\u0442\u043e \u0443\u043f\u0440\u0430\u0432\u043b\u0435\u043d\u0438\u0435 \u043d\u0430 \u0432\u044a\u0442\u0440\u0435\u0448\u043d\u0438\u0442\u0435 \u043f\u0440\u043e\u0446\u0435\u0441\u0438 \u0438 \u043f\u0440\u0435\u0434\u0441\u0442\u0430\u0432\u044f\u043d\u0435\u0442\u043e \u043d\u0430 \u0441\u043b\u0443\u0436\u0438\u0442\u0435\u043b\u0438\u0442\u0435. \u041f\u0440\u043e\u0432\u0435\u0436\u0434\u0430\u043d\u0435\u0442\u043e \u043d\u0430 \u043e\u0431\u0435\u043a\u0442\u0438\u0432\u043d\u0438 \u0432\u044a\u0442\u0440\u0435\u0448\u043d\u0438 \u0430\u043d\u0430\u043b\u0438\u0437\u0438 \u0438 \u043e\u0446\u0435\u043d\u043a\u0438 \u043e\u0442 \u043d\u0430\u0434\u0435\u0436\u0434\u043d\u0430 \u0438 \u043d\u0435\u0437\u0430\u0432\u0438\u0441\u0438\u043c\u0430 \u0433\u043b\u0435\u0434\u043d\u0430 \u0442\u043e\u0447\u043a\u0430 \u0435 \u043e\u0442 \u0440\u0435\u0448\u0430\u0432\u0430\u0449\u043e \u0437\u043d\u0430\u0447\u0435\u043d\u0438\u0435. \u0422\u0435\u0437\u0438 \u0430\u043d\u0430\u043b\u0438\u0437\u0438 \u043f\u0440\u0435\u0434\u043e\u0441\u0442\u0430\u0432\u044f\u0442 \u044f\u0441\u043d\u0430 \u043a\u0430\u0440\u0442\u0438\u043d\u0430 \u043d\u0430 \u0442\u0435\u043a\u0443\u0449\u043e\u0442\u043e \u0441\u044a\u0441\u0442\u043e\u044f\u043d\u0438\u0435 \u043d\u0430 \u043e\u0440\u0433\u0430\u043d\u0438\u0437\u0430\u0446\u0438\u044f\u0442\u0430 \u0438 \u043f\u0440\u0435\u0434\u043e\u0441\u0442\u0430\u0432\u044f\u0442 \u043a\u043e\u043d\u043a\u0440\u0435\u0442\u043d\u0438 \u0434\u0430\u043d\u043d\u0438 \u0437\u0430 \u0442\u043e\u0432\u0430 \u043a\u0430\u043a \u0441\u043b\u0443\u0436\u0438\u0442\u0435\u043b\u0438\u0442\u0435 \u0432\u044a\u0437\u043f\u0440\u0438\u0435\u043c\u0430\u0442 \u043f\u0440\u0435\u0434\u043b\u0430\u0433\u0430\u043d\u0438\u0442\u0435 \u0443\u0441\u043b\u0443\u0433\u0438. \u0427\u0440\u0435\u0437 \u0441\u0442\u0440\u0430\u0442\u0435\u0433\u0438\u0447\u0435\u0441\u043a\u043e \u043f\u0440\u0438\u043e\u0440\u0438\u0442\u0438\u0437\u0438\u0440\u0430\u043d\u0435 \u043d\u0430 \u0443\u0441\u0438\u043b\u0438\u044f\u0442\u0430 \u0437\u0430 \u043f\u043e\u0432\u0438\u0448\u0430\u0432\u0430\u043d\u0435 \u043d\u0430 \u0443\u0434\u043e\u0432\u043b\u0435\u0442\u0432\u043e\u0440\u0435\u043d\u043e\u0441\u0442\u0442\u0430 \u0438 \u043c\u043e\u0442\u0438\u0432\u0430\u0446\u0438\u044f\u0442\u0430 \u043d\u0430 \u0441\u043b\u0443\u0436\u0438\u0442\u0435\u043b\u0438\u0442\u0435, \u043c\u043e\u0436\u0435 \u0434\u0430 \u0441\u0435 \u043f\u043e\u0432\u0438\u0448\u0438 \u0446\u044f\u043b\u043e\u0441\u0442\u043d\u0430\u0442\u0430 \u0435\u0444\u0435\u043a\u0442\u0438\u0432\u043d\u043e\u0441\u0442 \u0438 \u0443\u0441\u043f\u0435\u0445 \u043d\u0430 \u043e\u0440\u0433\u0430\u043d\u0438\u0437\u0430\u0446\u0438\u044f\u0442\u0430.<\/p>\t\t\t\t\t\t<\/div>\n\t\t\t\t<\/div>\n\t\t\t\t<\/div>\n\t\t<div class=\"elementor-element elementor-element-518d11e e-con-full e-flex e-con e-child\" data-id=\"518d11e\" data-element_type=\"container\">\n\t\t\t\t<div class=\"elementor-element elementor-element-d0b458f elementor-widget elementor-widget-image\" data-id=\"d0b458f\" data-element_type=\"widget\" data-widget_type=\"image.default\">\n\t\t\t\t<div class=\"elementor-widget-container\">\n\t\t\t\t\t\t\t\t\t\t\t\t\t<img decoding=\"async\" width=\"950\" height=\"432\" src=\"https:\/\/kurtoglualuminyum.com\/wp-content\/uploads\/2024\/08\/insan-kaynaklari-2.png\" class=\"attachment-full size-full wp-image-9607\" alt=\"\" srcset=\"https:\/\/kurtoglualuminyum.com\/wp-content\/uploads\/2024\/08\/insan-kaynaklari-2.png 950w, https:\/\/kurtoglualuminyum.com\/wp-content\/uploads\/2024\/08\/insan-kaynaklari-2-300x136.png 300w, https:\/\/kurtoglualuminyum.com\/wp-content\/uploads\/2024\/08\/insan-kaynaklari-2-768x349.png 768w\" sizes=\"(max-width: 950px) 100vw, 950px\" \/>\t\t\t\t\t\t\t\t\t\t\t\t\t<\/div>\n\t\t\t\t<\/div>\n\t\t\t\t<\/div>\n\t\t\t\t<\/div>\n\t\t\t\t<\/div>","protected":false},"excerpt":{"rendered":"<p>Kurto\u011flu Aluminyum \u0130nsan Kaynaklar\u0131 Bir \u015firketin en de\u011ferli varl\u0131\u011f\u0131, ku\u015fkusuz ki \u00e7al\u0131\u015fanlar\u0131d\u0131r. Onlar\u0131n bilgi birikimi, tecr\u00fcbesi ve i\u015f s\u00fcre\u00e7lerine katt\u0131\u011f\u0131 de\u011ferin yan\u0131 s\u0131ra, g\u00f6r\u00fc\u015f ve \u00f6nerileri de \u015firketin b\u00fcy\u00fcmesi ve geli\u015fmesi i\u00e7in kritik \u00f6neme sahiptir. \u0130\u015fte tam bu noktada, \u00e7al\u0131\u015fanlar\u0131n g\u00f6r\u00fc\u015f ve \u00f6nerilerini dinlemek, onlar\u0131 de\u011ferlendirmek ve bu fikirleri \u015firket ba\u015far\u0131s\u0131na d\u00f6n\u00fc\u015ft\u00fcrmek, stratejik bir ad\u0131m [&hellip;]<\/p>","protected":false},"author":1,"featured_media":0,"parent":0,"menu_order":0,"comment_status":"closed","ping_status":"closed","template":"elementor_header_footer","meta":{"footnotes":""},"class_list":["post-1946","page","type-page","status-publish","hentry"],"_links":{"self":[{"href":"https:\/\/kurtoglualuminyum.com\/bg\/wp-json\/wp\/v2\/pages\/1946","targetHints":{"allow":["GET"]}}],"collection":[{"href":"https:\/\/kurtoglualuminyum.com\/bg\/wp-json\/wp\/v2\/pages"}],"about":[{"href":"https:\/\/kurtoglualuminyum.com\/bg\/wp-json\/wp\/v2\/types\/page"}],"author":[{"embeddable":true,"href":"https:\/\/kurtoglualuminyum.com\/bg\/wp-json\/wp\/v2\/users\/1"}],"replies":[{"embeddable":true,"href":"https:\/\/kurtoglualuminyum.com\/bg\/wp-json\/wp\/v2\/comments?post=1946"}],"version-history":[{"count":0,"href":"https:\/\/kurtoglualuminyum.com\/bg\/wp-json\/wp\/v2\/pages\/1946\/revisions"}],"wp:attachment":[{"href":"https:\/\/kurtoglualuminyum.com\/bg\/wp-json\/wp\/v2\/media?parent=1946"}],"curies":[{"name":"\u0440\u0430\u0431\u043e\u0442\u043d\u0430 \u0441\u0440\u0435\u0449\u0430","href":"https:\/\/api.w.org\/{rel}","templated":true}]}}