{"id":71,"date":"2022-09-07T02:50:43","date_gmt":"2022-09-07T02:50:43","guid":{"rendered":"https:\/\/kurtoglualuminyum.com\/?page_id=71"},"modified":"2025-07-04T14:30:47","modified_gmt":"2025-07-04T11:30:47","slug":"%d0%bf%d1%80%d0%be%d0%b4%d1%83%d0%ba%d1%82%d0%b8","status":"publish","type":"page","link":"https:\/\/kurtoglualuminyum.com\/bg\/%d0%bf%d1%80%d0%be%d0%b4%d1%83%d0%ba%d1%82%d0%b8\/","title":{"rendered":"\u041f\u0440\u043e\u0434\u0443\u043a\u0442\u0438"},"content":{"rendered":"<div data-elementor-type=\"wp-page\" data-elementor-id=\"71\" class=\"elementor elementor-71\">\n\t\t\t\t<div class=\"elementor-element elementor-element-9b81b0e e-flex e-con-boxed e-con e-parent\" data-id=\"9b81b0e\" data-element_type=\"container\">\n\t\t\t\t\t<div class=\"e-con-inner\">\n\t\t<style>\r\n    \r\n .alt-menu {\r\n    display: none;\r\n    opacity: 0;\r\n    max-height: 0;\r\n    overflow: hidden;\r\n\r\n    background-color: #f1f1f1;\r\n    border-left: 2px solid #ccc;\r\n    margin-left: 30px;\r\n    position: relative;\r\n    z-index: 1;\r\n}\r\n\r\n.item {\r\n    cursor: pointer;\r\n    position: relative;\r\n}\r\n<\/style>\r\n\t\t<div class=\"elementor-element elementor-element-38b480f elementor-widget elementor-widget-heading\" data-id=\"38b480f\" data-element_type=\"widget\" data-widget_type=\"heading.default\">\n\t\t\t\t<div class=\"elementor-widget-container\">\n\t\t\t<style>\/*! elementor - v3.21.0 - 26-05-2024 *\/\n.elementor-heading-title{padding:0;margin:0;line-height:1}.elementor-widget-heading .elementor-heading-title[class*=elementor-size-]>a{color:inherit;font-size:inherit;line-height:inherit}.elementor-widget-heading .elementor-heading-title.elementor-size-small{font-size:15px}.elementor-widget-heading .elementor-heading-title.elementor-size-medium{font-size:19px}.elementor-widget-heading .elementor-heading-title.elementor-size-large{font-size:29px}.elementor-widget-heading .elementor-heading-title.elementor-size-xl{font-size:39px}.elementor-widget-heading .elementor-heading-title.elementor-size-xxl{font-size:59px}<\/style><h1 class=\"elementor-heading-title elementor-size-default\">\u0410\u043b\u0443\u043c\u0438\u043d\u0438\u0435\u0432\u0438 \u043f\u0440\u043e\u0444\u0438\u043b\u043d\u0438 \u0441\u0438\u0441\u0442\u0435\u043c\u0438<\/h1>\t\t<\/div>\n\t\t\t\t<\/div>\n\t\t\t\t\t<\/div>\n\t\t\t\t<\/div>\n\t\t<div class=\"elementor-element elementor-element-46fa3f6 e-flex e-con-boxed e-con e-parent\" data-id=\"46fa3f6\" data-element_type=\"container\">\n\t\t\t\t\t<div class=\"e-con-inner\">\n\t\t<div class=\"elementor-element elementor-element-d4d4023 e-con-full e-flex e-con e-child\" data-id=\"d4d4023\" data-element_type=\"container\">\n\t\t\t\t<div class=\"elementor-element elementor-element-7f1fbce elementor-widget elementor-widget-image\" data-id=\"7f1fbce\" data-element_type=\"widget\" data-widget_type=\"image.default\">\n\t\t\t\t<div class=\"elementor-widget-container\">\n\t\t\t<style>\/*! elementor - v3.21.0 - 26-05-2024 *\/\n.elementor-widget-image{text-align:center}.elementor-widget-image a{display:inline-block}.elementor-widget-image a img[src$=\".svg\"]{width:48px}.elementor-widget-image img{vertical-align:middle;display:inline-block}<\/style>\t\t\t\t\t\t\t\t\t\t\t<a href=\"https:\/\/kurtoglualuminyum.com\/bg\/%d0%ba%d0%b0%d1%82%d0%b5%d0%b3%d0%be%d1%80%d0%b8%d1%8f-%d0%bd%d0%b0-%d0%bf%d1%80%d0%be%d0%b4%d1%83%d0%ba%d1%82%d0%b0\/%d1%81%d0%b8%d1%81%d1%82%d0%b5%d0%bc%d0%b8-%d0%b7%d0%b0-%d0%b2%d1%80%d0%b0%d1%82%d0%b8-%d0%b8-%d0%bf%d1%80%d0%be%d0%b7%d0%be%d1%80%d1%86%d0%b8\/\">\n\t\t\t\t\t\t\t<img fetchpriority=\"high\" decoding=\"async\" width=\"500\" height=\"484\" src=\"https:\/\/kurtoglualuminyum.com\/wp-content\/uploads\/2024\/08\/kapi-ve-pencere-sistemleri-3.png\" class=\"attachment-large size-large wp-image-9349\" alt=\"\" srcset=\"https:\/\/kurtoglualuminyum.com\/wp-content\/uploads\/2024\/08\/kapi-ve-pencere-sistemleri-3.png 500w, https:\/\/kurtoglualuminyum.com\/wp-content\/uploads\/2024\/08\/kapi-ve-pencere-sistemleri-3-300x290.png 300w\" sizes=\"(max-width: 500px) 100vw, 500px\" \/>\t\t\t\t\t\t\t\t<\/a>\n\t\t\t\t\t\t\t\t\t\t\t\t\t<\/div>\n\t\t\t\t<\/div>\n\t\t\t\t<div class=\"elementor-element elementor-element-6ebd6bd elementor-widget elementor-widget-heading\" data-id=\"6ebd6bd\" data-element_type=\"widget\" data-widget_type=\"heading.default\">\n\t\t\t\t<div class=\"elementor-widget-container\">\n\t\t\t<h3 class=\"elementor-heading-title elementor-size-default\"><a href=\"https:\/\/kurtoglualuminyum.com\/bg\/%d0%ba%d0%b0%d1%82%d0%b5%d0%b3%d0%be%d1%80%d0%b8%d1%8f-%d0%bd%d0%b0-%d0%bf%d1%80%d0%be%d0%b4%d1%83%d0%ba%d1%82%d0%b0\/%d1%81%d0%b8%d1%81%d1%82%d0%b5%d0%bc%d0%b8-%d0%b7%d0%b0-%d0%b2%d1%80%d0%b0%d1%82%d0%b8-%d0%b8-%d0%bf%d1%80%d0%be%d0%b7%d0%be%d1%80%d1%86%d0%b8\/\">\u0421\u0438\u0441\u0442\u0435\u043c\u0438 \u0437\u0430 \u0432\u0440\u0430\u0442\u0438 \u0438 \u043f\u0440\u043e\u0437\u043e\u0440\u0446\u0438<\/a><\/h3>\t\t<\/div>\n\t\t\t\t<\/div>\n\t\t\t\t<\/div>\n\t\t<div class=\"elementor-element elementor-element-88f9131 e-con-full e-flex e-con e-child\" data-id=\"88f9131\" data-element_type=\"container\">\n\t\t\t\t<div class=\"elementor-element elementor-element-ddeabf1 elementor-widget elementor-widget-image\" data-id=\"ddeabf1\" data-element_type=\"widget\" data-widget_type=\"image.default\">\n\t\t\t\t<div class=\"elementor-widget-container\">\n\t\t\t\t\t\t\t\t\t\t\t\t\t\t<a href=\"https:\/\/kurtoglualuminyum.com\/bg\/%d0%ba%d0%b0%d1%82%d0%b5%d0%b3%d0%be%d1%80%d0%b8%d1%8f-%d0%bd%d0%b0-%d0%bf%d1%80%d0%be%d0%b4%d1%83%d0%ba%d1%82%d0%b0\/%d1%81%d0%b8%d1%81%d1%82%d0%b5%d0%bc%d0%b8-%d0%b7%d0%b0-%d0%b2%d1%80%d0%b0%d1%82%d0%b8\/\">\n\t\t\t\t\t\t\t<img decoding=\"async\" width=\"500\" height=\"484\" src=\"https:\/\/kurtoglualuminyum.com\/wp-content\/uploads\/2024\/08\/kapi-sistemleri.png\" class=\"attachment-large size-large wp-image-9350\" alt=\"\" srcset=\"https:\/\/kurtoglualuminyum.com\/wp-content\/uploads\/2024\/08\/kapi-sistemleri.png 500w, https:\/\/kurtoglualuminyum.com\/wp-content\/uploads\/2024\/08\/kapi-sistemleri-300x290.png 300w\" sizes=\"(max-width: 500px) 100vw, 500px\" \/>\t\t\t\t\t\t\t\t<\/a>\n\t\t\t\t\t\t\t\t\t\t\t\t\t<\/div>\n\t\t\t\t<\/div>\n\t\t\t\t<div class=\"elementor-element elementor-element-066258a elementor-widget elementor-widget-heading\" data-id=\"066258a\" data-element_type=\"widget\" data-widget_type=\"heading.default\">\n\t\t\t\t<div class=\"elementor-widget-container\">\n\t\t\t<h3 class=\"elementor-heading-title elementor-size-default\"><a href=\"https:\/\/kurtoglualuminyum.com\/bg\/%d0%ba%d0%b0%d1%82%d0%b5%d0%b3%d0%be%d1%80%d0%b8%d1%8f-%d0%bd%d0%b0-%d0%bf%d1%80%d0%be%d0%b4%d1%83%d0%ba%d1%82%d0%b0\/%d1%81%d0%b8%d1%81%d1%82%d0%b5%d0%bc%d0%b8-%d0%b7%d0%b0-%d0%b2%d1%80%d0%b0%d1%82%d0%b8\/\">\u0412\u0440\u0430\u0442\u0438 \u0438 \u0441\u0438\u0441\u0442\u0435\u043c\u0438<\/a><\/h3>\t\t<\/div>\n\t\t\t\t<\/div>\n\t\t\t\t<\/div>\n\t\t<div class=\"elementor-element elementor-element-91b69e3 e-con-full e-flex e-con e-child\" data-id=\"91b69e3\" data-element_type=\"container\">\n\t\t\t\t<div class=\"elementor-element elementor-element-3a4f424 elementor-widget elementor-widget-image\" data-id=\"3a4f424\" data-element_type=\"widget\" data-widget_type=\"image.default\">\n\t\t\t\t<div class=\"elementor-widget-container\">\n\t\t\t\t\t\t\t\t\t\t\t\t\t\t<a href=\"https:\/\/kurtoglualuminyum.com\/bg\/%d0%ba%d0%b0%d1%82%d0%b5%d0%b3%d0%be%d1%80%d0%b8%d1%8f-%d0%bd%d0%b0-%d0%bf%d1%80%d0%be%d0%b4%d1%83%d0%ba%d1%82%d0%b0\/%d0%bf%d0%bb%d1%8a%d0%b7%d0%b3%d0%b0%d1%89%d0%b8-%d1%81%d0%b8%d1%81%d1%82%d0%b5%d0%bc%d0%b8\/\">\n\t\t\t\t\t\t\t<img decoding=\"async\" width=\"500\" height=\"484\" src=\"https:\/\/kurtoglualuminyum.com\/wp-content\/uploads\/2024\/08\/surme-sistemleri-2.png\" class=\"attachment-large size-large wp-image-9351\" alt=\"\" srcset=\"https:\/\/kurtoglualuminyum.com\/wp-content\/uploads\/2024\/08\/surme-sistemleri-2.png 500w, https:\/\/kurtoglualuminyum.com\/wp-content\/uploads\/2024\/08\/surme-sistemleri-2-300x290.png 300w\" sizes=\"(max-width: 500px) 100vw, 500px\" \/>\t\t\t\t\t\t\t\t<\/a>\n\t\t\t\t\t\t\t\t\t\t\t\t\t<\/div>\n\t\t\t\t<\/div>\n\t\t\t\t<div class=\"elementor-element elementor-element-8a94924 elementor-widget elementor-widget-heading\" data-id=\"8a94924\" data-element_type=\"widget\" data-widget_type=\"heading.default\">\n\t\t\t\t<div class=\"elementor-widget-container\">\n\t\t\t<h3 class=\"elementor-heading-title elementor-size-default\"><a href=\"https:\/\/kurtoglualuminyum.com\/bg\/%d0%ba%d0%b0%d1%82%d0%b5%d0%b3%d0%be%d1%80%d0%b8%d1%8f-%d0%bd%d0%b0-%d0%bf%d1%80%d0%be%d0%b4%d1%83%d0%ba%d1%82%d0%b0\/%d0%bf%d0%bb%d1%8a%d0%b7%d0%b3%d0%b0%d1%89%d0%b8-%d1%81%d0%b8%d1%81%d1%82%d0%b5%d0%bc%d0%b8\/\">\u041f\u043b\u044a\u0437\u0433\u0430\u0449\u0438 \u0441\u0438\u0441\u0442\u0435\u043c\u0438<\/a><\/h3>\t\t<\/div>\n\t\t\t\t<\/div>\n\t\t\t\t<\/div>\n\t\t\t\t\t<\/div>\n\t\t\t\t<\/div>\n\t\t<div class=\"elementor-element elementor-element-153c4b2 e-flex e-con-boxed e-con e-parent\" data-id=\"153c4b2\" data-element_type=\"container\">\n\t\t\t\t\t<div class=\"e-con-inner\">\n\t\t<div class=\"elementor-element elementor-element-d7490f8 e-con-full e-flex e-con e-child\" data-id=\"d7490f8\" data-element_type=\"container\">\n\t\t\t\t<div class=\"elementor-element elementor-element-7fcb041 elementor-widget elementor-widget-image\" data-id=\"7fcb041\" data-element_type=\"widget\" data-widget_type=\"image.default\">\n\t\t\t\t<div class=\"elementor-widget-container\">\n\t\t\t\t\t\t\t\t\t\t\t\t\t\t<a href=\"https:\/\/kurtoglualuminyum.com\/bg\/%d0%ba%d0%b0%d1%82%d0%b5%d0%b3%d0%be%d1%80%d0%b8%d1%8f-%d0%bd%d0%b0-%d0%bf%d1%80%d0%be%d0%b4%d1%83%d0%ba%d1%82%d0%b0\/%d1%81%d0%b8%d1%81%d1%82%d0%b5%d0%bc%d0%b8-%d0%b7%d0%b0-%d0%be%d0%ba%d0%b0%d1%87%d0%b5%d0%bd%d0%b8-%d1%84%d0%b0%d1%81%d0%b0%d0%b4%d0%b8\/\">\n\t\t\t\t\t\t\t<img loading=\"lazy\" decoding=\"async\" width=\"500\" height=\"484\" src=\"https:\/\/kurtoglualuminyum.com\/wp-content\/uploads\/2024\/08\/giydirme-cephe-sistemleri-3.png\" class=\"attachment-large size-large wp-image-9353\" alt=\"\" srcset=\"https:\/\/kurtoglualuminyum.com\/wp-content\/uploads\/2024\/08\/giydirme-cephe-sistemleri-3.png 500w, https:\/\/kurtoglualuminyum.com\/wp-content\/uploads\/2024\/08\/giydirme-cephe-sistemleri-3-300x290.png 300w\" sizes=\"(max-width: 500px) 100vw, 500px\" \/>\t\t\t\t\t\t\t\t<\/a>\n\t\t\t\t\t\t\t\t\t\t\t\t\t<\/div>\n\t\t\t\t<\/div>\n\t\t\t\t<div class=\"elementor-element elementor-element-d972fae elementor-widget elementor-widget-heading\" data-id=\"d972fae\" data-element_type=\"widget\" data-widget_type=\"heading.default\">\n\t\t\t\t<div class=\"elementor-widget-container\">\n\t\t\t<h3 class=\"elementor-heading-title elementor-size-default\"><a href=\"https:\/\/kurtoglualuminyum.com\/bg\/%d0%ba%d0%b0%d1%82%d0%b5%d0%b3%d0%be%d1%80%d0%b8%d1%8f-%d0%bd%d0%b0-%d0%bf%d1%80%d0%be%d0%b4%d1%83%d0%ba%d1%82%d0%b0\/%d1%81%d0%b8%d1%81%d1%82%d0%b5%d0%bc%d0%b8-%d0%b7%d0%b0-%d0%be%d0%ba%d0%b0%d1%87%d0%b5%d0%bd%d0%b8-%d1%84%d0%b0%d1%81%d0%b0%d0%b4%d0%b8\/\">\u0421\u0438\u0441\u0442\u0435\u043c\u0438 \u0437\u0430 \u043e\u043a\u0430\u0447\u0435\u043d\u0438 \u0444\u0430\u0441\u0430\u0434\u0438<\/a><\/h3>\t\t<\/div>\n\t\t\t\t<\/div>\n\t\t\t\t<\/div>\n\t\t<div class=\"elementor-element elementor-element-c38170c e-con-full e-flex e-con e-child\" data-id=\"c38170c\" data-element_type=\"container\">\n\t\t\t\t<div class=\"elementor-element elementor-element-8ce0892 elementor-widget elementor-widget-image\" data-id=\"8ce0892\" data-element_type=\"widget\" data-widget_type=\"image.default\">\n\t\t\t\t<div class=\"elementor-widget-container\">\n\t\t\t\t\t\t\t\t\t\t\t\t\t\t<a href=\"https:\/\/kurtoglualuminyum.com\/bg\/%d0%ba%d0%b0%d1%82%d0%b5%d0%b3%d0%be%d1%80%d0%b8%d1%8f-%d0%bd%d0%b0-%d0%bf%d1%80%d0%be%d0%b4%d1%83%d0%ba%d1%82%d0%b0\/%d0%bf%d0%b0%d0%bd%d0%b5%d0%bb%d0%bd%d0%b8-%d1%84%d0%b0%d1%81%d0%b0%d0%b4%d0%bd%d0%b8-%d1%81%d0%b8%d1%81%d1%82%d0%b5%d0%bc%d0%b8\/\">\n\t\t\t\t\t\t\t<img loading=\"lazy\" decoding=\"async\" width=\"500\" height=\"484\" src=\"https:\/\/kurtoglualuminyum.com\/wp-content\/uploads\/2024\/08\/panel-cephe-sistemleri.png\" class=\"attachment-large size-large wp-image-9354\" alt=\"\" srcset=\"https:\/\/kurtoglualuminyum.com\/wp-content\/uploads\/2024\/08\/panel-cephe-sistemleri.png 500w, https:\/\/kurtoglualuminyum.com\/wp-content\/uploads\/2024\/08\/panel-cephe-sistemleri-300x290.png 300w\" sizes=\"(max-width: 500px) 100vw, 500px\" \/>\t\t\t\t\t\t\t\t<\/a>\n\t\t\t\t\t\t\t\t\t\t\t\t\t<\/div>\n\t\t\t\t<\/div>\n\t\t\t\t<div class=\"elementor-element elementor-element-dfed412 elementor-widget elementor-widget-heading\" data-id=\"dfed412\" data-element_type=\"widget\" data-widget_type=\"heading.default\">\n\t\t\t\t<div class=\"elementor-widget-container\">\n\t\t\t<h3 class=\"elementor-heading-title elementor-size-default\"><a href=\"https:\/\/kurtoglualuminyum.com\/bg\/%d0%ba%d0%b0%d1%82%d0%b5%d0%b3%d0%be%d1%80%d0%b8%d1%8f-%d0%bd%d0%b0-%d0%bf%d1%80%d0%be%d0%b4%d1%83%d0%ba%d1%82%d0%b0\/%d0%bf%d0%b0%d0%bd%d0%b5%d0%bb%d0%bd%d0%b8-%d1%84%d0%b0%d1%81%d0%b0%d0%b4%d0%bd%d0%b8-%d1%81%d0%b8%d1%81%d1%82%d0%b5%d0%bc%d0%b8\/\">\u041f\u0430\u043d\u0435\u043b\u043d\u0438 \u0444\u0430\u0441\u0430\u0434\u043d\u0438 \u0441\u0438\u0441\u0442\u0435\u043c\u0438<\/a><\/h3>\t\t<\/div>\n\t\t\t\t<\/div>\n\t\t\t\t<\/div>\n\t\t<div class=\"elementor-element elementor-element-2e78063 e-con-full e-flex e-con e-child\" data-id=\"2e78063\" data-element_type=\"container\">\n\t\t\t\t<div class=\"elementor-element elementor-element-f37fd90 elementor-widget elementor-widget-image\" data-id=\"f37fd90\" data-element_type=\"widget\" data-widget_type=\"image.default\">\n\t\t\t\t<div class=\"elementor-widget-container\">\n\t\t\t\t\t\t\t\t\t\t\t\t\t\t<a href=\"https:\/\/kurtoglualuminyum.com\/bg\/%d0%ba%d0%b0%d1%82%d0%b5%d0%b3%d0%be%d1%80%d0%b8%d1%8f-%d0%bd%d0%b0-%d0%bf%d1%80%d0%be%d0%b4%d1%83%d0%ba%d1%82%d0%b0\/%d1%81%d0%b8%d1%81%d1%82%d0%b5%d0%bc%d0%b8-%d0%b7%d0%b0-%d1%81%d0%bb%d1%8a%d0%bd%d1%87%d0%b5%d0%b2%d0%be-%d0%b7%d0%b0%d1%81%d0%b5%d0%bd%d1%87%d0%b2%d0%b0%d0%bd%d0%b5\/\">\n\t\t\t\t\t\t\t<img loading=\"lazy\" decoding=\"async\" width=\"500\" height=\"484\" src=\"https:\/\/kurtoglualuminyum.com\/wp-content\/uploads\/2024\/08\/gunes-kirici-sistemler.png\" class=\"attachment-large size-large wp-image-9355\" alt=\"\" srcset=\"https:\/\/kurtoglualuminyum.com\/wp-content\/uploads\/2024\/08\/gunes-kirici-sistemler.png 500w, https:\/\/kurtoglualuminyum.com\/wp-content\/uploads\/2024\/08\/gunes-kirici-sistemler-300x290.png 300w\" sizes=\"(max-width: 500px) 100vw, 500px\" \/>\t\t\t\t\t\t\t\t<\/a>\n\t\t\t\t\t\t\t\t\t\t\t\t\t<\/div>\n\t\t\t\t<\/div>\n\t\t\t\t<div class=\"elementor-element elementor-element-a5b7308 elementor-widget elementor-widget-heading\" data-id=\"a5b7308\" data-element_type=\"widget\" data-widget_type=\"heading.default\">\n\t\t\t\t<div class=\"elementor-widget-container\">\n\t\t\t<h3 class=\"elementor-heading-title elementor-size-default\"><a href=\"https:\/\/kurtoglualuminyum.com\/bg\/%d0%ba%d0%b0%d1%82%d0%b5%d0%b3%d0%be%d1%80%d0%b8%d1%8f-%d0%bd%d0%b0-%d0%bf%d1%80%d0%be%d0%b4%d1%83%d0%ba%d1%82%d0%b0\/%d1%81%d0%b8%d1%81%d1%82%d0%b5%d0%bc%d0%b8-%d0%b7%d0%b0-%d1%81%d0%bb%d1%8a%d0%bd%d1%87%d0%b5%d0%b2%d0%be-%d0%b7%d0%b0%d1%81%d0%b5%d0%bd%d1%87%d0%b2%d0%b0%d0%bd%d0%b5\/\">\u0421\u0438\u0441\u0442\u0435\u043c\u0438 \u0437\u0430 \u0441\u043b\u044a\u043d\u0446\u0435\u0437\u0430\u0449\u0438\u0442\u0430<\/a><\/h3>\t\t<\/div>\n\t\t\t\t<\/div>\n\t\t\t\t<\/div>\n\t\t\t\t\t<\/div>\n\t\t\t\t<\/div>\n\t\t<div class=\"elementor-element elementor-element-64fffd8 e-flex e-con-boxed e-con e-parent\" data-id=\"64fffd8\" data-element_type=\"container\">\n\t\t\t\t\t<div class=\"e-con-inner\">\n\t\t<div class=\"elementor-element elementor-element-17ae9f6 e-con-full e-flex e-con e-child\" data-id=\"17ae9f6\" data-element_type=\"container\">\n\t\t\t\t<div class=\"elementor-element elementor-element-587e189 elementor-widget elementor-widget-image\" data-id=\"587e189\" data-element_type=\"widget\" data-widget_type=\"image.default\">\n\t\t\t\t<div class=\"elementor-widget-container\">\n\t\t\t\t\t\t\t\t\t\t\t\t\t\t<a href=\"https:\/\/kurtoglualuminyum.com\/bg\/%d0%ba%d0%b0%d1%82%d0%b5%d0%b3%d0%be%d1%80%d0%b8%d1%8f-%d0%bd%d0%b0-%d0%bf%d1%80%d0%be%d0%b4%d1%83%d0%ba%d1%82%d0%b0\/%d1%81%d0%b8%d1%81%d1%82%d0%b5%d0%bc%d0%b0-%d0%b7%d0%b0-%d0%b0%d0%bb%d1%83%d0%bc%d0%b8%d0%bd%d0%b8%d0%b5%d0%b2%d0%be-%d0%bf%d0%be%d0%ba%d1%80%d0%b8%d1%82%d0%b8%d0%b5\/\">\n\t\t\t\t\t\t\t<img loading=\"lazy\" decoding=\"async\" width=\"500\" height=\"484\" src=\"https:\/\/kurtoglualuminyum.com\/wp-content\/uploads\/2024\/08\/aluminum-kaplama-sistemi.png\" class=\"attachment-large size-large wp-image-9357\" alt=\"\" srcset=\"https:\/\/kurtoglualuminyum.com\/wp-content\/uploads\/2024\/08\/aluminum-kaplama-sistemi.png 500w, https:\/\/kurtoglualuminyum.com\/wp-content\/uploads\/2024\/08\/aluminum-kaplama-sistemi-300x290.png 300w\" sizes=\"(max-width: 500px) 100vw, 500px\" \/>\t\t\t\t\t\t\t\t<\/a>\n\t\t\t\t\t\t\t\t\t\t\t\t\t<\/div>\n\t\t\t\t<\/div>\n\t\t\t\t<div class=\"elementor-element elementor-element-f7e4ba6 elementor-widget elementor-widget-heading\" data-id=\"f7e4ba6\" data-element_type=\"widget\" data-widget_type=\"heading.default\">\n\t\t\t\t<div class=\"elementor-widget-container\">\n\t\t\t<h3 class=\"elementor-heading-title elementor-size-default\"><a href=\"https:\/\/kurtoglualuminyum.com\/bg\/%d0%ba%d0%b0%d1%82%d0%b5%d0%b3%d0%be%d1%80%d0%b8%d1%8f-%d0%bd%d0%b0-%d0%bf%d1%80%d0%be%d0%b4%d1%83%d0%ba%d1%82%d0%b0\/%d1%81%d0%b8%d1%81%d1%82%d0%b5%d0%bc%d0%b0-%d0%b7%d0%b0-%d0%b0%d0%bb%d1%83%d0%bc%d0%b8%d0%bd%d0%b8%d0%b5%d0%b2%d0%be-%d0%bf%d0%be%d0%ba%d1%80%d0%b8%d1%82%d0%b8%d0%b5\/\">\u0421\u0438\u0441\u0442\u0435\u043c\u0430 \u0437\u0430 \u0430\u043b\u0443\u043c\u0438\u043d\u0438\u0435\u0432\u043e \u043f\u043e\u043a\u0440\u0438\u0442\u0438\u0435<\/a><\/h3>\t\t<\/div>\n\t\t\t\t<\/div>\n\t\t\t\t<\/div>\n\t\t<div class=\"elementor-element elementor-element-9f49380 e-con-full e-flex e-con e-child\" data-id=\"9f49380\" data-element_type=\"container\">\n\t\t\t\t<div class=\"elementor-element elementor-element-cd61cdd elementor-widget elementor-widget-image\" data-id=\"cd61cdd\" data-element_type=\"widget\" data-widget_type=\"image.default\">\n\t\t\t\t<div class=\"elementor-widget-container\">\n\t\t\t\t\t\t\t\t\t\t\t\t\t\t<a href=\"https:\/\/kurtoglualuminyum.com\/bg\/%d0%ba%d0%b0%d1%82%d0%b5%d0%b3%d0%be%d1%80%d0%b8%d1%8f-%d0%bd%d0%b0-%d0%bf%d1%80%d0%be%d0%b4%d1%83%d0%ba%d1%82%d0%b0\/%d1%81%d0%b8%d1%81%d1%82%d0%b5%d0%bc%d0%b8-%d0%b7%d0%b0-%d1%87%d0%b0%d1%88%d0%b8\/\">\n\t\t\t\t\t\t\t<img loading=\"lazy\" decoding=\"async\" width=\"500\" height=\"484\" src=\"https:\/\/kurtoglualuminyum.com\/wp-content\/uploads\/2024\/08\/kupeste-sistemleri-5.png\" class=\"attachment-large size-large wp-image-9358\" alt=\"\" srcset=\"https:\/\/kurtoglualuminyum.com\/wp-content\/uploads\/2024\/08\/kupeste-sistemleri-5.png 500w, https:\/\/kurtoglualuminyum.com\/wp-content\/uploads\/2024\/08\/kupeste-sistemleri-5-300x290.png 300w\" sizes=\"(max-width: 500px) 100vw, 500px\" \/>\t\t\t\t\t\t\t\t<\/a>\n\t\t\t\t\t\t\t\t\t\t\t\t\t<\/div>\n\t\t\t\t<\/div>\n\t\t\t\t<div class=\"elementor-element elementor-element-2109bc4 elementor-widget elementor-widget-heading\" data-id=\"2109bc4\" data-element_type=\"widget\" data-widget_type=\"heading.default\">\n\t\t\t\t<div class=\"elementor-widget-container\">\n\t\t\t<h3 class=\"elementor-heading-title elementor-size-default\"><a href=\"https:\/\/kurtoglualuminyum.com\/bg\/%d0%ba%d0%b0%d1%82%d0%b5%d0%b3%d0%be%d1%80%d0%b8%d1%8f-%d0%bd%d0%b0-%d0%bf%d1%80%d0%be%d0%b4%d1%83%d0%ba%d1%82%d0%b0\/%d1%81%d0%b8%d1%81%d1%82%d0%b5%d0%bc%d0%b8-%d0%b7%d0%b0-%d1%87%d0%b0%d1%88%d0%b8\/\">\u0421\u0438\u0441\u0442\u0435\u043c\u0430 \u0437\u0430 \u043f\u0430\u0440\u0430\u043f\u0435\u0442\u0438<\/a><\/h3>\t\t<\/div>\n\t\t\t\t<\/div>\n\t\t\t\t<\/div>\n\t\t<div class=\"elementor-element elementor-element-c882143 e-con-full e-flex e-con e-child\" data-id=\"c882143\" data-element_type=\"container\">\n\t\t\t\t<div class=\"elementor-element elementor-element-0647933 elementor-widget elementor-widget-image\" data-id=\"0647933\" data-element_type=\"widget\" data-widget_type=\"image.default\">\n\t\t\t\t<div class=\"elementor-widget-container\">\n\t\t\t\t\t\t\t\t\t\t\t\t\t\t<a href=\"https:\/\/kurtoglualuminyum.com\/bg\/%d0%ba%d0%b0%d1%82%d0%b5%d0%b3%d0%be%d1%80%d0%b8%d1%8f-%d0%bd%d0%b0-%d0%bf%d1%80%d0%be%d0%b4%d1%83%d0%ba%d1%82%d0%b0\/%d0%bf%d0%b5%d1%80%d0%b2%d0%b0%d0%b7%d0%bd%d0%b8-%d1%81%d0%b8%d1%81%d1%82%d0%b5%d0%bc%d0%b8\/\">\n\t\t\t\t\t\t\t<img loading=\"lazy\" decoding=\"async\" width=\"500\" height=\"484\" src=\"https:\/\/kurtoglualuminyum.com\/wp-content\/uploads\/2024\/08\/denizlik-sistemleri-2.png\" class=\"attachment-large size-large wp-image-9359\" alt=\"\" srcset=\"https:\/\/kurtoglualuminyum.com\/wp-content\/uploads\/2024\/08\/denizlik-sistemleri-2.png 500w, https:\/\/kurtoglualuminyum.com\/wp-content\/uploads\/2024\/08\/denizlik-sistemleri-2-300x290.png 300w\" sizes=\"(max-width: 500px) 100vw, 500px\" \/>\t\t\t\t\t\t\t\t<\/a>\n\t\t\t\t\t\t\t\t\t\t\t\t\t<\/div>\n\t\t\t\t<\/div>\n\t\t\t\t<div class=\"elementor-element elementor-element-40415ff elementor-widget elementor-widget-heading\" data-id=\"40415ff\" data-element_type=\"widget\" data-widget_type=\"heading.default\">\n\t\t\t\t<div class=\"elementor-widget-container\">\n\t\t\t<h3 class=\"elementor-heading-title elementor-size-default\"><a href=\"https:\/\/kurtoglualuminyum.com\/bg\/%d0%ba%d0%b0%d1%82%d0%b5%d0%b3%d0%be%d1%80%d0%b8%d1%8f-%d0%bd%d0%b0-%d0%bf%d1%80%d0%be%d0%b4%d1%83%d0%ba%d1%82%d0%b0\/%d0%bf%d0%b5%d1%80%d0%b2%d0%b0%d0%b7%d0%bd%d0%b8-%d1%81%d0%b8%d1%81%d1%82%d0%b5%d0%bc%d0%b8\/\">\u0421\u0438\u0441\u0442\u0435\u043c\u0438 \u0437\u0430 \u043f\u0435\u0440\u0432\u0430\u0437\u0438<\/a><\/h3>\t\t<\/div>\n\t\t\t\t<\/div>\n\t\t\t\t<\/div>\n\t\t\t\t\t<\/div>\n\t\t\t\t<\/div>\n\t\t<div class=\"elementor-element elementor-element-ebbc19e e-flex e-con-boxed e-con e-parent\" data-id=\"ebbc19e\" data-element_type=\"container\">\n\t\t\t\t\t<div class=\"e-con-inner\">\n\t\t<div class=\"elementor-element elementor-element-ba22aca e-con-full e-flex e-con e-child\" data-id=\"ba22aca\" data-element_type=\"container\">\n\t\t\t\t<div class=\"elementor-element elementor-element-e2cdfba elementor-widget elementor-widget-image\" data-id=\"e2cdfba\" data-element_type=\"widget\" data-widget_type=\"image.default\">\n\t\t\t\t<div class=\"elementor-widget-container\">\n\t\t\t\t\t\t\t\t\t\t\t\t\t\t<a href=\"https:\/\/kurtoglualuminyum.com\/bg\/%d0%ba%d0%b0%d1%82%d0%b5%d0%b3%d0%be%d1%80%d0%b8%d1%8f-%d0%bd%d0%b0-%d0%bf%d1%80%d0%be%d0%b4%d1%83%d0%ba%d1%82%d0%b0\/%d0%b2%d1%8a%d1%82%d1%80%d0%b5%d1%88%d0%bd%d0%b8-%d1%81%d0%b8%d1%81%d1%82%d0%b5%d0%bc%d0%b8\/\">\n\t\t\t\t\t\t\t<img loading=\"lazy\" decoding=\"async\" width=\"500\" height=\"484\" src=\"https:\/\/kurtoglualuminyum.com\/wp-content\/uploads\/2024\/08\/ic-mekan-sistemleri-2.png\" class=\"attachment-large size-large wp-image-9360\" alt=\"\" srcset=\"https:\/\/kurtoglualuminyum.com\/wp-content\/uploads\/2024\/08\/ic-mekan-sistemleri-2.png 500w, https:\/\/kurtoglualuminyum.com\/wp-content\/uploads\/2024\/08\/ic-mekan-sistemleri-2-300x290.png 300w\" sizes=\"(max-width: 500px) 100vw, 500px\" \/>\t\t\t\t\t\t\t\t<\/a>\n\t\t\t\t\t\t\t\t\t\t\t\t\t<\/div>\n\t\t\t\t<\/div>\n\t\t\t\t<div class=\"elementor-element elementor-element-a0e8d46 elementor-widget elementor-widget-heading\" data-id=\"a0e8d46\" data-element_type=\"widget\" data-widget_type=\"heading.default\">\n\t\t\t\t<div class=\"elementor-widget-container\">\n\t\t\t<h3 class=\"elementor-heading-title elementor-size-default\"><a href=\"https:\/\/kurtoglualuminyum.com\/bg\/%d0%ba%d0%b0%d1%82%d0%b5%d0%b3%d0%be%d1%80%d0%b8%d1%8f-%d0%bd%d0%b0-%d0%bf%d1%80%d0%be%d0%b4%d1%83%d0%ba%d1%82%d0%b0\/%d0%b2%d1%8a%d1%82%d1%80%d0%b5%d1%88%d0%bd%d0%b8-%d1%81%d0%b8%d1%81%d1%82%d0%b5%d0%bc%d0%b8\/\">\u0418\u043d\u0442\u0435\u0440\u0438\u043e\u0440\u043d\u0438 \u0441\u0438\u0441\u0442\u0435\u043c\u0438<\/a><\/h3>\t\t<\/div>\n\t\t\t\t<\/div>\n\t\t\t\t<\/div>\n\t\t<div class=\"elementor-element elementor-element-737f406 e-con-full e-flex e-con e-child\" data-id=\"737f406\" data-element_type=\"container\">\n\t\t\t\t<\/div>\n\t\t<div class=\"elementor-element elementor-element-8098cbd e-con-full e-flex e-con e-child\" data-id=\"8098cbd\" data-element_type=\"container\">\n\t\t\t\t<\/div>\n\t\t\t\t\t<\/div>\n\t\t\t\t<\/div>\n\t\t\t\t<\/div>","protected":false},"excerpt":{"rendered":"<p>Al\u00fcminyum Profil Sistemleri Kap\u0131 ve Pencere Sistemleri Kap\u0131 ve Sistemleri S\u00fcrme Sistemleri Giydirme Cephe Sistemleri Panel Cephe Sistemleri G\u00fcne\u015f K\u0131r\u0131c\u0131 Sistemler Aluminyum Kaplama Sistemi K\u00fcpe\u015fte Sistemi Denizlik Sistemleri \u0130\u00e7 Mekan Sistemleri<\/p>","protected":false},"author":1,"featured_media":0,"parent":0,"menu_order":0,"comment_status":"closed","ping_status":"closed","template":"elementor_header_footer","meta":{"footnotes":""},"class_list":["post-71","page","type-page","status-publish","hentry"],"_links":{"self":[{"href":"https:\/\/kurtoglualuminyum.com\/bg\/wp-json\/wp\/v2\/pages\/71","targetHints":{"allow":["GET"]}}],"collection":[{"href":"https:\/\/kurtoglualuminyum.com\/bg\/wp-json\/wp\/v2\/pages"}],"about":[{"href":"https:\/\/kurtoglualuminyum.com\/bg\/wp-json\/wp\/v2\/types\/page"}],"author":[{"embeddable":true,"href":"https:\/\/kurtoglualuminyum.com\/bg\/wp-json\/wp\/v2\/users\/1"}],"replies":[{"embeddable":true,"href":"https:\/\/kurtoglualuminyum.com\/bg\/wp-json\/wp\/v2\/comments?post=71"}],"version-history":[{"count":0,"href":"https:\/\/kurtoglualuminyum.com\/bg\/wp-json\/wp\/v2\/pages\/71\/revisions"}],"wp:attachment":[{"href":"https:\/\/kurtoglualuminyum.com\/bg\/wp-json\/wp\/v2\/media?parent=71"}],"curies":[{"name":"\u0440\u0430\u0431\u043e\u0442\u043d\u0430 \u0441\u0440\u0435\u0449\u0430","href":"https:\/\/api.w.org\/{rel}","templated":true}]}}