{"id":1946,"date":"2022-09-15T09:29:25","date_gmt":"2022-09-15T09:29:25","guid":{"rendered":"https:\/\/kurtoglualuminyum.com\/?page_id=1946"},"modified":"2025-07-31T09:52:45","modified_gmt":"2025-07-31T06:52:45","slug":"personalwesen","status":"publish","type":"page","link":"https:\/\/kurtoglualuminyum.com\/de\/personalwesen\/","title":{"rendered":"Personalwesen"},"content":{"rendered":"<div data-elementor-type=\"wp-page\" data-elementor-id=\"1946\" class=\"elementor elementor-1946\">\n\t\t\t\t<div class=\"elementor-element elementor-element-7c22570 e-con-full e-flex e-con e-parent\" data-id=\"7c22570\" data-element_type=\"container\" data-settings=\"{&quot;background_background&quot;:&quot;classic&quot;}\">\n\t\t<div class=\"elementor-element elementor-element-1528abd e-con-full e-flex e-con e-child\" data-id=\"1528abd\" data-element_type=\"container\" data-settings=\"{&quot;background_background&quot;:&quot;classic&quot;}\">\n\t\t<style>\r\n    \r\n .alt-menu {\r\n    display: none;\r\n    opacity: 0;\r\n    max-height: 0;\r\n    overflow: hidden;\r\n\r\n    background-color: #f1f1f1;\r\n    border-left: 2px solid #ccc;\r\n    margin-left: 30px;\r\n    position: relative;\r\n    z-index: 1;\r\n}\r\n\r\n.item {\r\n    cursor: pointer;\r\n    position: relative;\r\n}\r\n<\/style>\r\n\t\t<div class=\"elementor-element elementor-element-df09936 elementor-widget elementor-widget-heading\" data-id=\"df09936\" data-element_type=\"widget\" data-widget_type=\"heading.default\">\n\t\t\t\t<div class=\"elementor-widget-container\">\n\t\t\t<style>\/*! elementor - v3.21.0 - 26-05-2024 *\/\n.elementor-heading-title{padding:0;margin:0;line-height:1}.elementor-widget-heading .elementor-heading-title[class*=elementor-size-]>a{color:inherit;font-size:inherit;line-height:inherit}.elementor-widget-heading .elementor-heading-title.elementor-size-small{font-size:15px}.elementor-widget-heading .elementor-heading-title.elementor-size-medium{font-size:19px}.elementor-widget-heading .elementor-heading-title.elementor-size-large{font-size:29px}.elementor-widget-heading .elementor-heading-title.elementor-size-xl{font-size:39px}.elementor-widget-heading .elementor-heading-title.elementor-size-xxl{font-size:59px}<\/style><h4 class=\"elementor-heading-title elementor-size-default\">Kurto\u011flu Aluminium<\/h4>\t\t<\/div>\n\t\t\t\t<\/div>\n\t\t\t\t<div class=\"elementor-element elementor-element-6620ff5 elementor-widget elementor-widget-heading\" data-id=\"6620ff5\" data-element_type=\"widget\" data-widget_type=\"heading.default\">\n\t\t\t\t<div class=\"elementor-widget-container\">\n\t\t\t<h1 class=\"elementor-heading-title elementor-size-default\">Personalwesen<\/h1>\t\t<\/div>\n\t\t\t\t<\/div>\n\t\t\t\t<div class=\"elementor-element elementor-element-c909b8e elementor-widget elementor-widget-text-editor\" data-id=\"c909b8e\" data-element_type=\"widget\" data-widget_type=\"text-editor.default\">\n\t\t\t\t<div class=\"elementor-widget-container\">\n\t\t\t<style>\/*! elementor - v3.21.0 - 26-05-2024 *\/\n.elementor-widget-text-editor.elementor-drop-cap-view-stacked .elementor-drop-cap{background-color:#69727d;color:#fff}.elementor-widget-text-editor.elementor-drop-cap-view-framed .elementor-drop-cap{color:#69727d;border:3px solid;background-color:transparent}.elementor-widget-text-editor:not(.elementor-drop-cap-view-default) .elementor-drop-cap{margin-top:8px}.elementor-widget-text-editor:not(.elementor-drop-cap-view-default) .elementor-drop-cap-letter{width:1em;height:1em}.elementor-widget-text-editor .elementor-drop-cap{float:left;text-align:center;line-height:1;font-size:50px}.elementor-widget-text-editor .elementor-drop-cap-letter{display:inline-block}<\/style>\t\t\t\t<p>Das wertvollste Kapital eines Unternehmens sind zweifellos seine Mitarbeiter. Neben ihrem Wissen, ihrer Erfahrung und ihrem Mehrwert f\u00fcr Gesch\u00e4ftsprozesse sind auch ihre Meinungen und Vorschl\u00e4ge entscheidend f\u00fcr das Wachstum und die Entwicklung des Unternehmens. An diesem Punkt ist es ein strategischer Schritt, die Meinungen und Vorschl\u00e4ge der Mitarbeiter zu ber\u00fccksichtigen, zu bewerten und in Unternehmenserfolg umzusetzen. Mit der richtigen Strategie und motivierenden Instrumenten des Personalmanagements gelingt dies.<\/p><p>Das Personalmanagement spielt eine entscheidende Rolle bei der Erfassung, Analyse und Umsetzung von Mitarbeiterfeedback und -vorschl\u00e4gen. Wenn Mitarbeiter die M\u00f6glichkeit haben, Feedback zu Herausforderungen in Arbeitsprozessen, Verbesserungsm\u00f6glichkeiten und innovativen Ideen zu geben, wirkt sich dies direkt auf die Unternehmensleistung aus. Die effektive Auswertung dieses Feedbacks und dessen Umsetzung in strategische Entscheidungen ist ein entscheidender Faktor f\u00fcr den Unternehmenserfolg.<\/p>\t\t\t\t\t\t<\/div>\n\t\t\t\t<\/div>\n\t\t\t\t<\/div>\n\t\t<div class=\"elementor-element elementor-element-b2a58a3 e-con-full e-flex e-con e-child\" data-id=\"b2a58a3\" data-element_type=\"container\">\n\t\t\t\t<div class=\"elementor-element elementor-element-485ee46 elementor-widget elementor-widget-image\" data-id=\"485ee46\" data-element_type=\"widget\" data-widget_type=\"image.default\">\n\t\t\t\t<div class=\"elementor-widget-container\">\n\t\t\t<style>\/*! elementor - v3.21.0 - 26-05-2024 *\/\n.elementor-widget-image{text-align:center}.elementor-widget-image a{display:inline-block}.elementor-widget-image a img[src$=\".svg\"]{width:48px}.elementor-widget-image img{vertical-align:middle;display:inline-block}<\/style>\t\t\t\t\t\t\t\t\t\t<img fetchpriority=\"high\" decoding=\"async\" width=\"2560\" height=\"1280\" src=\"https:\/\/kurtoglualuminyum.com\/wp-content\/uploads\/2024\/08\/insan-kaynaklari-scaled.jpg\" class=\"attachment-full size-full wp-image-9601\" alt=\"\" srcset=\"https:\/\/kurtoglualuminyum.com\/wp-content\/uploads\/2024\/08\/insan-kaynaklari-scaled.jpg 2560w, https:\/\/kurtoglualuminyum.com\/wp-content\/uploads\/2024\/08\/insan-kaynaklari-300x150.jpg 300w, https:\/\/kurtoglualuminyum.com\/wp-content\/uploads\/2024\/08\/insan-kaynaklari-1024x512.jpg 1024w, https:\/\/kurtoglualuminyum.com\/wp-content\/uploads\/2024\/08\/insan-kaynaklari-768x384.jpg 768w, https:\/\/kurtoglualuminyum.com\/wp-content\/uploads\/2024\/08\/insan-kaynaklari-1536x768.jpg 1536w, https:\/\/kurtoglualuminyum.com\/wp-content\/uploads\/2024\/08\/insan-kaynaklari-2048x1024.jpg 2048w\" sizes=\"(max-width: 2560px) 100vw, 2560px\" \/>\t\t\t\t\t\t\t\t\t\t\t\t\t<\/div>\n\t\t\t\t<\/div>\n\t\t\t\t<\/div>\n\t\t\t\t<\/div>\n\t\t<div class=\"elementor-element elementor-element-2abe633 e-con-full e-flex e-con e-parent\" data-id=\"2abe633\" data-element_type=\"container\" data-settings=\"{&quot;background_background&quot;:&quot;classic&quot;}\">\n\t\t<div class=\"elementor-element elementor-element-8fa3f4b e-con-full e-flex e-con e-child\" data-id=\"8fa3f4b\" data-element_type=\"container\">\n\t\t\t\t<div class=\"elementor-element elementor-element-edfb929 elementor-widget elementor-widget-heading\" data-id=\"edfb929\" data-element_type=\"widget\" data-widget_type=\"heading.default\">\n\t\t\t\t<div class=\"elementor-widget-container\">\n\t\t\t<h2 class=\"elementor-heading-title elementor-size-default\">HR-Meinung<\/h2>\t\t<\/div>\n\t\t\t\t<\/div>\n\t\t\t\t<div class=\"elementor-element elementor-element-f71db12 elementor-widget elementor-widget-text-editor\" data-id=\"f71db12\" data-element_type=\"widget\" data-widget_type=\"text-editor.default\">\n\t\t\t\t<div class=\"elementor-widget-container\">\n\t\t\t\t\t\t\t<p>Einer der wichtigsten Erfolgsfaktoren eines Unternehmens sind die Humanressourcen. Die Verbesserung der Mitarbeiterleistung beginnt mit der Priorisierung ihrer Gef\u00fchle, Gedanken, Erwartungen und Priorit\u00e4ten. Im Personalwesen (HR) ist die Kenntnis der Mitarbeiterzufriedenheit und -unzufriedenheit ein grundlegender Eckpfeiler des Personalmanagements. Dieses Bewusstsein ist nicht nur entscheidend f\u00fcr die Mitarbeiterbindung, sondern auch f\u00fcr die Maximierung ihres Potenzials und die Sicherstellung ihrer Anstellung in den richtigen Organisationen.<\/p><p>Das Personalmanagement sollte die emotionale und mentale Verfassung der Mitarbeiter beobachten und sich auf das Verst\u00e4ndnis ihrer Erwartungen und Priorit\u00e4ten konzentrieren. Faktoren wie Arbeitsbelastung, Work-Life-Balance, Arbeitsbedingungen, F\u00fchrungsstil, Karrierechancen und Unternehmenskultur wirken sich direkt auf die Leistung der Mitarbeiter aus. Die Mitarbeiterzufriedenheit h\u00e4ngt eng mit der Effektivit\u00e4t dieser Faktoren zusammen. Daher muss das Personalmanagement eine Strategie entwickeln, die die Mitarbeiter unterst\u00fctzt, ihren Bed\u00fcrfnissen gerecht wird und ihnen hilft, ihr volles Potenzial auszusch\u00f6pfen.<\/p>\t\t\t\t\t\t<\/div>\n\t\t\t\t<\/div>\n\t\t\t\t<\/div>\n\t\t<div class=\"elementor-element elementor-element-124c541 e-con-full e-flex e-con e-child\" data-id=\"124c541\" data-element_type=\"container\">\n\t\t\t\t<div class=\"elementor-element elementor-element-e6a3a40 elementor-widget elementor-widget-image\" data-id=\"e6a3a40\" data-element_type=\"widget\" data-widget_type=\"image.default\">\n\t\t\t\t<div class=\"elementor-widget-container\">\n\t\t\t\t\t\t\t\t\t\t\t\t\t<img decoding=\"async\" width=\"950\" height=\"432\" src=\"https:\/\/kurtoglualuminyum.com\/wp-content\/uploads\/2024\/08\/ik-gorusu.png\" class=\"attachment-full size-full wp-image-9602\" alt=\"\" srcset=\"https:\/\/kurtoglualuminyum.com\/wp-content\/uploads\/2024\/08\/ik-gorusu.png 950w, https:\/\/kurtoglualuminyum.com\/wp-content\/uploads\/2024\/08\/ik-gorusu-300x136.png 300w, https:\/\/kurtoglualuminyum.com\/wp-content\/uploads\/2024\/08\/ik-gorusu-768x349.png 768w\" sizes=\"(max-width: 950px) 100vw, 950px\" \/>\t\t\t\t\t\t\t\t\t\t\t\t\t<\/div>\n\t\t\t\t<\/div>\n\t\t\t\t<\/div>\n\t\t\t\t<\/div>\n\t\t<div class=\"elementor-element elementor-element-e783567 e-con-full e-flex e-con e-parent\" data-id=\"e783567\" data-element_type=\"container\" data-settings=\"{&quot;background_background&quot;:&quot;classic&quot;}\">\n\t\t<div class=\"elementor-element elementor-element-2e4e81e e-con-full e-flex e-con e-child\" data-id=\"2e4e81e\" data-element_type=\"container\" data-settings=\"{&quot;background_background&quot;:&quot;classic&quot;}\">\n\t\t\t\t<div class=\"elementor-element elementor-element-5b40592 elementor-widget elementor-widget-heading\" data-id=\"5b40592\" data-element_type=\"widget\" data-widget_type=\"heading.default\">\n\t\t\t\t<div class=\"elementor-widget-container\">\n\t\t\t<h3 class=\"elementor-heading-title elementor-size-default\">Was bietet HR Opinion?<\/h3>\t\t<\/div>\n\t\t\t\t<\/div>\n\t\t\t\t<div class=\"elementor-element elementor-element-fc05cf1 elementor-widget elementor-widget-text-editor\" data-id=\"fc05cf1\" data-element_type=\"widget\" data-widget_type=\"text-editor.default\">\n\t\t\t\t<div class=\"elementor-widget-container\">\n\t\t\t\t\t\t\t<p>Nachhaltiger Unternehmenserfolg h\u00e4ngt von der effektiven Steuerung interner Prozesse und der Mitarbeiterleistung ab. Objektive interne Analysen und Bewertungen aus zuverl\u00e4ssiger und unabh\u00e4ngiger Perspektive sind hierf\u00fcr unerl\u00e4sslich. Diese Analysen liefern ein klares Bild vom aktuellen Status des Unternehmens und konkrete Daten zur Wahrnehmung der angebotenen Dienstleistungen durch die Mitarbeiter. Durch die strategische Priorisierung von Ma\u00dfnahmen zur Steigerung der Mitarbeiterzufriedenheit und -motivation k\u00f6nnen die Gesamteffizienz und der Unternehmenserfolg gesteigert werden.<\/p>\t\t\t\t\t\t<\/div>\n\t\t\t\t<\/div>\n\t\t\t\t<\/div>\n\t\t<div class=\"elementor-element elementor-element-518d11e e-con-full e-flex e-con e-child\" data-id=\"518d11e\" data-element_type=\"container\">\n\t\t\t\t<div class=\"elementor-element elementor-element-d0b458f elementor-widget elementor-widget-image\" data-id=\"d0b458f\" data-element_type=\"widget\" data-widget_type=\"image.default\">\n\t\t\t\t<div class=\"elementor-widget-container\">\n\t\t\t\t\t\t\t\t\t\t\t\t\t<img decoding=\"async\" width=\"950\" height=\"432\" src=\"https:\/\/kurtoglualuminyum.com\/wp-content\/uploads\/2024\/08\/insan-kaynaklari-2.png\" class=\"attachment-full size-full wp-image-9607\" alt=\"\" srcset=\"https:\/\/kurtoglualuminyum.com\/wp-content\/uploads\/2024\/08\/insan-kaynaklari-2.png 950w, https:\/\/kurtoglualuminyum.com\/wp-content\/uploads\/2024\/08\/insan-kaynaklari-2-300x136.png 300w, https:\/\/kurtoglualuminyum.com\/wp-content\/uploads\/2024\/08\/insan-kaynaklari-2-768x349.png 768w\" sizes=\"(max-width: 950px) 100vw, 950px\" \/>\t\t\t\t\t\t\t\t\t\t\t\t\t<\/div>\n\t\t\t\t<\/div>\n\t\t\t\t<\/div>\n\t\t\t\t<\/div>\n\t\t\t\t<\/div>","protected":false},"excerpt":{"rendered":"<p>Kurto\u011flu Aluminyum \u0130nsan Kaynaklar\u0131 Bir \u015firketin en de\u011ferli varl\u0131\u011f\u0131, ku\u015fkusuz ki \u00e7al\u0131\u015fanlar\u0131d\u0131r. Onlar\u0131n bilgi birikimi, tecr\u00fcbesi ve i\u015f s\u00fcre\u00e7lerine katt\u0131\u011f\u0131 de\u011ferin yan\u0131 s\u0131ra, g\u00f6r\u00fc\u015f ve \u00f6nerileri de \u015firketin b\u00fcy\u00fcmesi ve geli\u015fmesi i\u00e7in kritik \u00f6neme sahiptir. \u0130\u015fte tam bu noktada, \u00e7al\u0131\u015fanlar\u0131n g\u00f6r\u00fc\u015f ve \u00f6nerilerini dinlemek, onlar\u0131 de\u011ferlendirmek ve bu fikirleri \u015firket ba\u015far\u0131s\u0131na d\u00f6n\u00fc\u015ft\u00fcrmek, stratejik bir ad\u0131m [&hellip;]<\/p>","protected":false},"author":1,"featured_media":0,"parent":0,"menu_order":0,"comment_status":"closed","ping_status":"closed","template":"elementor_header_footer","meta":{"footnotes":""},"class_list":["post-1946","page","type-page","status-publish","hentry"],"_links":{"self":[{"href":"https:\/\/kurtoglualuminyum.com\/de\/wp-json\/wp\/v2\/pages\/1946","targetHints":{"allow":["GET"]}}],"collection":[{"href":"https:\/\/kurtoglualuminyum.com\/de\/wp-json\/wp\/v2\/pages"}],"about":[{"href":"https:\/\/kurtoglualuminyum.com\/de\/wp-json\/wp\/v2\/types\/page"}],"author":[{"embeddable":true,"href":"https:\/\/kurtoglualuminyum.com\/de\/wp-json\/wp\/v2\/users\/1"}],"replies":[{"embeddable":true,"href":"https:\/\/kurtoglualuminyum.com\/de\/wp-json\/wp\/v2\/comments?post=1946"}],"version-history":[{"count":0,"href":"https:\/\/kurtoglualuminyum.com\/de\/wp-json\/wp\/v2\/pages\/1946\/revisions"}],"wp:attachment":[{"href":"https:\/\/kurtoglualuminyum.com\/de\/wp-json\/wp\/v2\/media?parent=1946"}],"curies":[{"name":"wp","href":"https:\/\/api.w.org\/{rel}","templated":true}]}}