{"id":2247,"date":"2022-09-16T04:50:09","date_gmt":"2022-09-16T04:50:09","guid":{"rendered":"https:\/\/kurtoglualuminyum.com\/?page_id=2247"},"modified":"2025-11-24T17:52:51","modified_gmt":"2025-11-24T14:52:51","slug":"petroleum-and-gas-services","status":"publish","type":"page","link":"https:\/\/kurtoglualuminyum.com\/de\/umweltproduktdeklaration\/","title":{"rendered":"Umweltproduktdeklaration"},"content":{"rendered":"<div data-elementor-type=\"wp-page\" data-elementor-id=\"2247\" class=\"elementor elementor-2247\">\n\t\t\t\t<div class=\"elementor-element elementor-element-2923b05 e-flex e-con-boxed e-con e-parent\" data-id=\"2923b05\" data-element_type=\"container\">\n\t\t\t\t\t<div class=\"e-con-inner\">\n\t\t<style>\r\n    \r\n .alt-menu {\r\n    display: none;\r\n    opacity: 0;\r\n    max-height: 0;\r\n    overflow: hidden;\r\n\r\n    background-color: #f1f1f1;\r\n    border-left: 2px solid #ccc;\r\n    margin-left: 30px;\r\n    position: relative;\r\n    z-index: 1;\r\n}\r\n\r\n.item {\r\n    cursor: pointer;\r\n    position: relative;\r\n}\r\n<\/style>\r\n\t\t<div class=\"elementor-element elementor-element-7443602 elementor-widget elementor-widget-heading\" data-id=\"7443602\" data-element_type=\"widget\" data-widget_type=\"heading.default\">\n\t\t\t\t<div class=\"elementor-widget-container\">\n\t\t\t<style>\/*! elementor - v3.21.0 - 26-05-2024 *\/\n.elementor-heading-title{padding:0;margin:0;line-height:1}.elementor-widget-heading .elementor-heading-title[class*=elementor-size-]>a{color:inherit;font-size:inherit;line-height:inherit}.elementor-widget-heading .elementor-heading-title.elementor-size-small{font-size:15px}.elementor-widget-heading .elementor-heading-title.elementor-size-medium{font-size:19px}.elementor-widget-heading .elementor-heading-title.elementor-size-large{font-size:29px}.elementor-widget-heading .elementor-heading-title.elementor-size-xl{font-size:39px}.elementor-widget-heading .elementor-heading-title.elementor-size-xxl{font-size:59px}<\/style><h1 class=\"elementor-heading-title elementor-size-default\">Umweltproduktdeklaration<\/h1>\t\t<\/div>\n\t\t\t\t<\/div>\n\t\t\t\t<div class=\"elementor-element elementor-element-26c8a5c elementor-widget elementor-widget-text-editor\" data-id=\"26c8a5c\" data-element_type=\"widget\" data-widget_type=\"text-editor.default\">\n\t\t\t\t<div class=\"elementor-widget-container\">\n\t\t\t<style>\/*! elementor - v3.21.0 - 26-05-2024 *\/\n.elementor-widget-text-editor.elementor-drop-cap-view-stacked .elementor-drop-cap{background-color:#69727d;color:#fff}.elementor-widget-text-editor.elementor-drop-cap-view-framed .elementor-drop-cap{color:#69727d;border:3px solid;background-color:transparent}.elementor-widget-text-editor:not(.elementor-drop-cap-view-default) .elementor-drop-cap{margin-top:8px}.elementor-widget-text-editor:not(.elementor-drop-cap-view-default) .elementor-drop-cap-letter{width:1em;height:1em}.elementor-widget-text-editor .elementor-drop-cap{float:left;text-align:center;line-height:1;font-size:50px}.elementor-widget-text-editor .elementor-drop-cap-letter{display:inline-block}<\/style>\t\t\t\t<p>Umweltbewusstsein und nachhaltiges Handeln gewinnen in der heutigen Welt zunehmend an Bedeutung. In diesem Bewusstsein hat sich unser Unternehmen zum Ziel gesetzt, seiner Verantwortung f\u00fcr Umwelt und Nachhaltigkeit auf h\u00f6chstem Niveau gerecht zu werden. In diesem Zusammenhang sind wir stolz auf die Auszeichnung mit dem Produktumweltdeklarationszertifikat (EPD). Das EPD-Zertifikat ist eine international anerkannte Zertifizierung, die die Umweltauswirkungen und die Umweltleistung unserer Produktionsprozesse objektiv dokumentiert. Diese Zertifizierung unterst\u00fctzt uns bei der regelm\u00e4\u00dfigen \u00dcberpr\u00fcfung unserer Umweltleistung, der Entwicklung unserer Nachhaltigkeitsstrategien und der kontinuierlichen Verbesserung unserer Umweltpolitik. Der durch das EPD-Zertifikat erm\u00f6glichte Pr\u00fcf- und Dokumentationsprozess erm\u00f6glicht uns eine transparente \u00dcberwachung unserer Umweltbeitr\u00e4ge und inspiriert uns, f\u00fcr zuk\u00fcnftige Projekte umweltfreundlichere und nachhaltigere L\u00f6sungen zu entwickeln. Unser umweltbewusster Produktionsansatz erf\u00fcllt nicht nur die heutigen Bed\u00fcrfnisse, sondern zielt auch darauf ab, die Lebensqualit\u00e4t k\u00fcnftiger Generationen zu verbessern. Daher sind wir uns bewusst, dass der Erfolg mit dem EPD-Zertifikat nur der Anfang ist, und wir arbeiten kontinuierlich daran, unsere Umweltverantwortung weiter auszubauen.<\/p><p>Wir zeigen unser Engagement f\u00fcr Nachhaltigkeit deutlich durch die umweltfreundlichen Produktionsprozesse, die wir unseren Kunden, Gesch\u00e4ftspartnern und der Gesellschaft bieten. Dieses Engagement ist nicht nur ein Markenversprechen, sondern ein zentraler Wert, den wir in alle unsere Produktionsprozesse und Gesch\u00e4ftsmodelle integrieren. Auch in Zukunft werden wir durch Innovation und Technologie eine f\u00fchrende Rolle in der Branche spielen, um unserer Verantwortung f\u00fcr die Umwelt gerecht zu werden und nachhaltige L\u00f6sungen zu schaffen. Dabei setzen wir unsere Mission um, eine nachhaltige Welt zu schaffen, indem wir umweltbewusste Ma\u00dfnahmen ergreifen. Wir freuen uns, Sie auf diesem wichtigen Weg zu begleiten und unser Engagement f\u00fcr die Umwelt zu teilen. Denn wir glauben, dass selbst ein kleiner Schritt der Beginn einer gro\u00dfen Ver\u00e4nderung sein kann, die die Welt ver\u00e4ndern wird. Lassen Sie uns zusammenarbeiten und gemeinsam f\u00fcr eine umweltfreundliche und nachhaltige Zukunft wachsen.<\/p>\t\t\t\t\t\t<\/div>\n\t\t\t\t<\/div>\n\t\t\t\t<div class=\"elementor-element elementor-element-7b73c59 elementor-widget elementor-widget-text-editor\" data-id=\"7b73c59\" data-element_type=\"widget\" data-widget_type=\"text-editor.default\">\n\t\t\t\t<div class=\"elementor-widget-container\">\n\t\t\t\t\t\t\t<strong>Zur Umwelterkl\u00e4rung f\u00fcr Aluminiumprofile mit Rohoberfl\u00e4che\u00a0<a href=\"https:\/\/kurtoglualuminyum.com\/wp-content\/uploads\/2024\/08\/uncoated_aluminum_profile-1.pdf\" target=\"_blank\" rel=\"noopener\"><u>KLICKEN<\/u><\/a><\/strong>\n<br>\n<strong>Um die Umwelterkl\u00e4rung f\u00fcr pulverbeschichtete Aluminiumprofile anzuzeigen\u00a0<a href=\"https:\/\/kurtoglualuminyum.com\/wp-content\/uploads\/2024\/08\/powder_coated_aluminum_profile-1-2.pdf\" target=\"_blank\" rel=\"noopener\"><u>KLICKEN<\/u><\/a><\/strong>\n<br>\n<strong>Um die Produktumwelterkl\u00e4rung des Aluminiumprofils mit eloxierter Oberfl\u00e4che anzuzeigen\u00a0<a href=\"https:\/\/kurtoglualuminyum.com\/wp-content\/uploads\/2024\/08\/anodized_aluminum_profile-1.pdf\" target=\"_blank\" rel=\"noopener\"><u>KLICKEN<\/u><\/a><\/strong>\t\t\t\t\t\t<\/div>\n\t\t\t\t<\/div>\n\t\t\t\t\t<\/div>\n\t\t\t\t<\/div>\n\t\t\t\t<\/div>","protected":false},"excerpt":{"rendered":"<p>\u00c7evresel \u00dcr\u00fcn Beyan\u0131 G\u00fcn\u00fcm\u00fcz d\u00fcnyas\u0131nda \u00e7evreye duyarl\u0131 olman\u0131n ve s\u00fcrd\u00fcr\u00fclebilir uygulamalar\u0131 benimsemenin \u00f6nemi her ge\u00e7en g\u00fcn daha da art\u0131yor. Bu bilincin fark\u0131nda olarak, firmam\u0131z \u00e7evreye ve s\u00fcrd\u00fcr\u00fclebilirli\u011fe y\u00f6nelik sorumluluklar\u0131n\u0131 en \u00fcst d\u00fczeyde yerine getirme misyonunu benimsemi\u015ftir. Bu ba\u011flamda, \u00dcr\u00fcn \u00c7evre Beyan\u0131 (EPD) sertifikas\u0131n\u0131 kazanm\u0131\u015f olman\u0131n gururunu ya\u015f\u0131yoruz. EPD sertifikas\u0131, \u00fcretim s\u00fcre\u00e7lerimizin \u00e7evresel etkilerini ve performans\u0131n\u0131 [&hellip;]<\/p>","protected":false},"author":1,"featured_media":0,"parent":0,"menu_order":0,"comment_status":"closed","ping_status":"closed","template":"elementor_header_footer","meta":{"footnotes":""},"class_list":["post-2247","page","type-page","status-publish","hentry"],"_links":{"self":[{"href":"https:\/\/kurtoglualuminyum.com\/de\/wp-json\/wp\/v2\/pages\/2247","targetHints":{"allow":["GET"]}}],"collection":[{"href":"https:\/\/kurtoglualuminyum.com\/de\/wp-json\/wp\/v2\/pages"}],"about":[{"href":"https:\/\/kurtoglualuminyum.com\/de\/wp-json\/wp\/v2\/types\/page"}],"author":[{"embeddable":true,"href":"https:\/\/kurtoglualuminyum.com\/de\/wp-json\/wp\/v2\/users\/1"}],"replies":[{"embeddable":true,"href":"https:\/\/kurtoglualuminyum.com\/de\/wp-json\/wp\/v2\/comments?post=2247"}],"version-history":[{"count":0,"href":"https:\/\/kurtoglualuminyum.com\/de\/wp-json\/wp\/v2\/pages\/2247\/revisions"}],"wp:attachment":[{"href":"https:\/\/kurtoglualuminyum.com\/de\/wp-json\/wp\/v2\/media?parent=2247"}],"curies":[{"name":"wp","href":"https:\/\/api.w.org\/{rel}","templated":true}]}}