{"id":67,"date":"2022-09-07T02:49:31","date_gmt":"2022-09-07T02:49:31","guid":{"rendered":"https:\/\/kurtoglualuminyum.com\/?page_id=67"},"modified":"2025-08-15T10:21:00","modified_gmt":"2025-08-15T07:21:00","slug":"uber-uns","status":"publish","type":"page","link":"https:\/\/kurtoglualuminyum.com\/de\/uber-uns\/","title":{"rendered":"\u00dcber uns"},"content":{"rendered":"<div data-elementor-type=\"wp-page\" data-elementor-id=\"67\" class=\"elementor elementor-67\">\n\t\t\t\t\t\t<section class=\"elementor-section elementor-top-section elementor-element elementor-element-22a7f47 elementor-section-boxed elementor-section-height-default elementor-section-height-default\" data-id=\"22a7f47\" data-element_type=\"section\" data-settings=\"{&quot;background_background&quot;:&quot;classic&quot;}\">\n\t\t\t\t\t\t\t<div class=\"elementor-background-overlay\"><\/div>\n\t\t\t\t\t\t\t<div class=\"elementor-container elementor-column-gap-no\">\n\t\t\t\t\t<div class=\"elementor-column elementor-col-50 elementor-top-column elementor-element elementor-element-3ca0866 auntri_stretch_column_left\" data-id=\"3ca0866\" data-element_type=\"column\">\n\t\t\t<div class=\"elementor-widget-wrap elementor-element-populated\">\n\t\t\t\t<style>\r\n    \r\n .alt-menu {\r\n    display: none;\r\n    opacity: 0;\r\n    max-height: 0;\r\n    overflow: hidden;\r\n\r\n    background-color: #f1f1f1;\r\n    border-left: 2px solid #ccc;\r\n    margin-left: 30px;\r\n    position: relative;\r\n    z-index: 1;\r\n}\r\n\r\n.item {\r\n    cursor: pointer;\r\n    position: relative;\r\n}\r\n<\/style>\r\n\t\t<div class=\"elementor-element elementor-element-4e6e0aa elementor-widget elementor-widget-auntri_elementor_ova_image\" data-id=\"4e6e0aa\" data-element_type=\"widget\" data-settings=\"{&quot;show_line_right&quot;:&quot;yes&quot;}\" data-widget_type=\"auntri_elementor_ova_image.default\">\n\t\t\t\t<div class=\"elementor-widget-container\">\n\t\t\t\n\t\t\t\t\t<div class=\"ova-image version_1\">\n\t\t\t\t\t\t\t\t\t\n\t\t\t\t\t\n\t\t\t\t<img decoding=\"async\" src=\"https:\/\/kurtoglualuminyum.com\/wp-content\/uploads\/2024\/08\/hakkimizda-3.png\" alt=\"\">\n\n\t\t\t\t\t\t\t\t\t<div class=\"line-right\"><\/div>\n\t\t\t\t\n\t\t\t\t\n\t\t\t\t\n\t\t\t<\/div>\n\t\t\t\t \t\n\t\t\t\t<\/div>\n\t\t\t\t<\/div>\n\t\t\t\t\t<\/div>\n\t\t<\/div>\n\t\t\t\t<div class=\"elementor-column elementor-col-50 elementor-top-column elementor-element elementor-element-f5cec90 hakkimizyazikapsa\" data-id=\"f5cec90\" data-element_type=\"column\">\n\t\t\t<div class=\"elementor-widget-wrap elementor-element-populated\">\n\t\t\t\t\t\t<div class=\"elementor-element elementor-element-43d2db7 elementor-widget elementor-widget-auntri_elementor_heading\" data-id=\"43d2db7\" data-element_type=\"widget\" data-widget_type=\"auntri_elementor_heading.default\">\n\t\t\t\t<div class=\"elementor-widget-container\">\n\t\t\t\n\t\t<div class=\"ova-title\">\n\n\t\t\t\n\t\t\t\t\t\t\t\n\t\t\t\t\t\t\t\t\t<div class=\"box-title\">\n\t\t\t\t\t\t<div class=\"line-top\"><\/div>\n\t\t\t\t\n\t\t\t\t\t\n\t\t\t\t\t\t<h3 class=\"title\">\u00dcber Kurto\u011flu Aluminium<\/h3>\n\n\t\t\t\t\t\n\t\t\t\t\t\t\t\t\t<\/div>\n\t\t\t\t\n\t\t\t\n\t\t\t\n\t\t<\/div>\n\t\t \t\n\t\t\t\t<\/div>\n\t\t\t\t<\/div>\n\t\t\t\t<div class=\"elementor-element elementor-element-ecd6c95 elementor-widget__width-initial elementor-widget elementor-widget-text-editor\" data-id=\"ecd6c95\" data-element_type=\"widget\" data-widget_type=\"text-editor.default\">\n\t\t\t\t<div class=\"elementor-widget-container\">\n\t\t\t<style>\/*! elementor - v3.21.0 - 26-05-2024 *\/\n.elementor-widget-text-editor.elementor-drop-cap-view-stacked .elementor-drop-cap{background-color:#69727d;color:#fff}.elementor-widget-text-editor.elementor-drop-cap-view-framed .elementor-drop-cap{color:#69727d;border:3px solid;background-color:transparent}.elementor-widget-text-editor:not(.elementor-drop-cap-view-default) .elementor-drop-cap{margin-top:8px}.elementor-widget-text-editor:not(.elementor-drop-cap-view-default) .elementor-drop-cap-letter{width:1em;height:1em}.elementor-widget-text-editor .elementor-drop-cap{float:left;text-align:center;line-height:1;font-size:50px}.elementor-widget-text-editor .elementor-drop-cap-letter{display:inline-block}<\/style>\t\t\t\t<p>Unser Unternehmen begann seine Produktion in den 1960er Jahren mit Kupfer und Blei. 1980 stieg es mit einer 1200-Tonnen-Aluminium-Strangpresse in den Produktionssektor ein.<\/p><p><strong>KURTOGLU Aluminium<\/strong>Das Unternehmen befindet sich in \u00c7orlu, etwa 100 km von Istanbul entfernt, und verf\u00fcgt \u00fcber ein 36.000 m\u00b2 gro\u00dfes geschlossenes Gel\u00e4nde. Dank der j\u00fcngsten Investitionen ist unser Unternehmen zu einer modernen, integrierten Einrichtung geworden.<\/p><p>Nachfolgend sind auch die Hauptmerkmale unseres Unternehmens aufgef\u00fchrt:<\/p><p><strong>\u2022 Jahreskapazit\u00e4t ~ 34.000 Tonnen,<\/strong><br \/><strong>\u2022 Ungef\u00e4hr ~ 600 qualifizierte Mitarbeiter,<\/strong><br \/><strong>\u2022 <span style=\"color: #1f7bc9;\">ISO 9001:2015<\/span> Qualit\u00e4tssystem,<\/strong><br \/><strong>\u2022 <span style=\"color: #1f7bc9;\">Qualicoat Seaside<\/span> Das Dokument,<\/strong><br \/><strong>\u2022 <span style=\"color: #1f7bc9;\">Qualanod<\/span> Das Dokument,<\/strong><br \/><strong>\u2022 <span style=\"color: #1f7bc9;\">CE<\/span> Das Dokument,<\/strong><br \/><strong>\u2022 Formabteilung (Drahterodieren, Bearbeitungszentrum)<\/strong><br \/><strong>\u2022 Aluminium-Strangpressen (800 Tonnen, 1460 Tonnen, 1880 Tonnen, 1460\/1880 Tonnen, 2100 Tonnen und 2600 Tonnen),<\/strong><br \/><strong>\u2022 Anodisierungsanlage (75.000 Ampere \u2013 412.500 m\u00b2 \/ Monat)<\/strong><br \/><strong>\u2022 Anlage zur elektrostatischen Pulverbeschichtung (750.000 m\u00b2 \/ Monat)<\/strong><br \/><strong>\u2022 Abteilung f\u00fcr mechanische Bearbeitung (CNC-Bearbeitungszentrum)<\/strong><\/p>\t\t\t\t\t\t<\/div>\n\t\t\t\t<\/div>\n\t\t\t\t<div class=\"elementor-element elementor-element-f7d2ee3 elementor-widget elementor-widget-html\" data-id=\"f7d2ee3\" data-element_type=\"widget\" data-widget_type=\"html.default\">\n\t\t\t\t<div class=\"elementor-widget-container\">\n\t\t\t<style>\n    .hakkimizyazikapsa p{margin: 0 0 1em;}\n    \n     .hakkimizyazikapsa  .elementor-widget:not(:last-child) {\n    margin-block-end: 0px;\n}\n<\/style>\t\t<\/div>\n\t\t\t\t<\/div>\n\t\t\t\t<section class=\"elementor-section elementor-inner-section elementor-element elementor-element-928f0b9 elementor-section-full_width elementor-section-height-default elementor-section-height-default\" data-id=\"928f0b9\" data-element_type=\"section\">\n\t\t\t\t\t\t<div class=\"elementor-container elementor-column-gap-narrow\">\n\t\t\t\t\t<div class=\"elementor-column elementor-col-50 elementor-inner-column elementor-element elementor-element-1deb905\" data-id=\"1deb905\" data-element_type=\"column\">\n\t\t\t<div class=\"elementor-widget-wrap elementor-element-populated\">\n\t\t\t\t\t\t<div class=\"elementor-element elementor-element-9a95522 elementor-mobile-align-center elementor-widget elementor-widget-button\" data-id=\"9a95522\" data-element_type=\"widget\" data-widget_type=\"button.default\">\n\t\t\t\t<div class=\"elementor-widget-container\">\n\t\t\t\t\t<div class=\"elementor-button-wrapper\">\n\t\t\t<a class=\"elementor-button elementor-button-link elementor-size-sm\" href=\"https:\/\/kurtoglualuminyum.com\/de\/produkte\/\">\n\t\t\t\t\t\t<span class=\"elementor-button-content-wrapper\">\n\t\t\t\t\t\t\t\t\t<span class=\"elementor-button-text\">Informationen<\/span>\n\t\t\t\t\t<\/span>\n\t\t\t\t\t<\/a>\n\t\t<\/div>\n\t\t\t\t<\/div>\n\t\t\t\t<\/div>\n\t\t\t\t\t<\/div>\n\t\t<\/div>\n\t\t\t\t<div class=\"elementor-column elementor-col-50 elementor-inner-column elementor-element elementor-element-e3cd06c\" data-id=\"e3cd06c\" data-element_type=\"column\">\n\t\t\t<div class=\"elementor-widget-wrap elementor-element-populated\">\n\t\t\t\t\t\t<div class=\"elementor-element elementor-element-5cc1dc4 elementor-mobile-align-center elementor-button-danger elementor-widget elementor-widget-button\" data-id=\"5cc1dc4\" data-element_type=\"widget\" data-widget_type=\"button.default\">\n\t\t\t\t<div class=\"elementor-widget-container\">\n\t\t\t\t\t<div class=\"elementor-button-wrapper\">\n\t\t\t<a class=\"elementor-button elementor-button-link elementor-size-sm\" href=\"https:\/\/kurtoglualuminyum.com\/de\/kommunikation\/\">\n\t\t\t\t\t\t<span class=\"elementor-button-content-wrapper\">\n\t\t\t\t\t\t\t\t\t<span class=\"elementor-button-text\">Kontaktieren Sie uns<\/span>\n\t\t\t\t\t<\/span>\n\t\t\t\t\t<\/a>\n\t\t<\/div>\n\t\t\t\t<\/div>\n\t\t\t\t<\/div>\n\t\t\t\t\t<\/div>\n\t\t<\/div>\n\t\t\t\t\t<\/div>\n\t\t<\/section>\n\t\t\t\t\t<\/div>\n\t\t<\/div>\n\t\t\t\t\t<\/div>\n\t\t<\/section>\n\t\t\t\t<section class=\"elementor-section elementor-top-section elementor-element elementor-element-ea0b71e elementor-section-content-middle elementor-section-boxed elementor-section-height-default elementor-section-height-default\" data-id=\"ea0b71e\" data-element_type=\"section\" data-settings=\"{&quot;background_background&quot;:&quot;classic&quot;}\">\n\t\t\t\t\t\t\t<div class=\"elementor-background-overlay\"><\/div>\n\t\t\t\t\t\t\t<div class=\"elementor-container elementor-column-gap-no\">\n\t\t\t\t\t<div class=\"elementor-column elementor-col-50 elementor-top-column elementor-element elementor-element-79961f3\" data-id=\"79961f3\" data-element_type=\"column\">\n\t\t\t<div class=\"elementor-widget-wrap elementor-element-populated\">\n\t\t\t\t\t\t<div class=\"elementor-element elementor-element-61c42be elementor-widget elementor-widget-auntri_elementor_heading\" data-id=\"61c42be\" data-element_type=\"widget\" data-widget_type=\"auntri_elementor_heading.default\">\n\t\t\t\t<div class=\"elementor-widget-container\">\n\t\t\t\n\t\t<div class=\"ova-title\">\n\n\t\t\t\n\t\t\t\t\t\t\t\n\t\t\t\t\t\t\t\t\t<div class=\"box-title\">\n\t\t\t\t\t\t<div class=\"line-top\"><\/div>\n\t\t\t\t\n\t\t\t\t\t\n\t\t\t\t\t\t<h3 class=\"title\">Internationale Qualit\u00e4tseinrichtung und perfekter Serviceansatz<\/h3>\n\n\t\t\t\t\t\n\t\t\t\t\t\t\t\t\t<\/div>\n\t\t\t\t\n\t\t\t\n\t\t\t\t\t\t\t<p class=\"description\">Unser Unternehmen betreibt Einrichtungen, die nach internationalen Qualit\u00e4tsstandards gebaut und ausgestattet sind. Diese bis ins kleinste Detail durchdachten Einrichtungen werden mit modernster Technologie ausgestattet und nach globalen Standards verwaltet. Dank unseres tadellosen Serviceansatzes, der die Kundenzufriedenheit in den Vordergrund stellt, m\u00f6chten wir unseren G\u00e4sten ein unvergleichliches Erlebnis bieten. Unser kompetentes Personal wird kontinuierlich geschult und verfolgt Entwicklungen aufmerksam, um Ihre Bed\u00fcrfnisse bestm\u00f6glich zu erf\u00fcllen. So k\u00f6nnen wir unsere Servicequalit\u00e4t kontinuierlich verbessern und unsere f\u00fchrende Position in der Branche behaupten.\n<\/p>\n\t\t\t\n\t\t<\/div>\n\t\t \t\n\t\t\t\t<\/div>\n\t\t\t\t<\/div>\n\t\t\t\t<div class=\"elementor-element elementor-element-b817760 elementor-widget elementor-widget-auntri_elementor_heading\" data-id=\"b817760\" data-element_type=\"widget\" data-widget_type=\"auntri_elementor_heading.default\">\n\t\t\t\t<div class=\"elementor-widget-container\">\n\t\t\t\n\t\t<div class=\"ova-title\">\n\n\t\t\t\n\t\t\t\n\t\t\t\t\t\t\t<p class=\"description\">\n\n\nUnser Unternehmen setzt sich f\u00fcr Nachhaltigkeit und Umweltbewusstsein ein und setzt verschiedene Projekte zur Energieeffizienz und zum Abfallmanagement um. Mit unseren umweltfreundlichen Praktiken und Projekten zur sozialen Verantwortung handeln wir nicht nur im Hinblick auf die heutigen, sondern auch auf die zuk\u00fcnftigen Bed\u00fcrfnisse.<\/p>\n\t\t\t\n\t\t<\/div>\n\t\t \t\n\t\t\t\t<\/div>\n\t\t\t\t<\/div>\n\t\t\t\t\t<\/div>\n\t\t<\/div>\n\t\t\t\t<div class=\"elementor-column elementor-col-50 elementor-top-column elementor-element elementor-element-86d628f\" data-id=\"86d628f\" data-element_type=\"column\">\n\t\t\t<div class=\"elementor-widget-wrap elementor-element-populated\">\n\t\t\t\t\t\t<div class=\"elementor-element elementor-element-b0992e7 elementor-animation-none elementor-invisible elementor-widget elementor-widget-auntri_elementor_ova_icon_box\" data-id=\"b0992e7\" data-element_type=\"widget\" data-settings=\"{&quot;_animation&quot;:&quot;ova-move-up&quot;,&quot;_animation_tablet&quot;:&quot;none&quot;,&quot;_animation_delay&quot;:300}\" data-widget_type=\"auntri_elementor_ova_icon_box.default\">\n\t\t\t\t<div class=\"elementor-widget-container\">\n\t\t\t            \n\t\t\t\t\t\t\t<div class=\"template5-box\">\n\t\t\t\n\t \t    <div class=\"ova-icon-box ova-icon-box-template5\">\n\n\t \t    \t\n                \n\t            \n\t\t\t\t\n\t            \n            \t\n\t            \t\t            \t\t\t\t\t\t<h4 class=\"title\">\n\t\t\t\t\t\t\t1. Offenheit, Ehrlichkeit\t\t\t\t\t\t<\/h4>\n\t\t\t\t\t\t\t\t\t\n\t\t\t\t\t\t\t\t\t<p class=\"description\">\n\t\t\t\t\t\tWir handeln umsichtig und ehrlich, um Schaden von unserem Unternehmen und allen damit verbundenen Personen abzuwenden. Wir teilen aufrichtig auftretende Probleme sowie gewonnene Erfahrungen und Erkenntnisse mit.\n\t\t\t\t\t<\/p>\n\t\t\t\t\n\t\t\t\t\t\t\t\t<div class=\"text-number\">\n\t\t\t\t    01            \t<\/div>\n            \t\n\t\t\t\t\n\t\t\t\t\t\t    <\/div>\t \n\t\t    \t\t    \t<span class=\"template5-line-bot\"><\/span>\n\t\t\t<\/div>\n\t\t        \n\n\t\t\t\t<\/div>\n\t\t\t\t<\/div>\n\t\t\t\t<div class=\"elementor-element elementor-element-9662dfb elementor-animation-none elementor-invisible elementor-widget elementor-widget-auntri_elementor_ova_icon_box\" data-id=\"9662dfb\" data-element_type=\"widget\" data-settings=\"{&quot;_animation&quot;:&quot;ova-move-up&quot;,&quot;_animation_tablet&quot;:&quot;none&quot;,&quot;_animation_delay&quot;:150}\" data-widget_type=\"auntri_elementor_ova_icon_box.default\">\n\t\t\t\t<div class=\"elementor-widget-container\">\n\t\t\t            \n\t\t\t\t\t\t\t<div class=\"template5-box\">\n\t\t\t\n\t \t    <div class=\"ova-icon-box ova-icon-box-template5\">\n\n\t \t    \t\n                \n\t            \n\t\t\t\t\n\t            \n            \t\n\t            \t\t            \t\t\t\t\t\t<h4 class=\"title\">\n\t\t\t\t\t\t\t2. FORSCHUNG\t\t\t\t\t\t<\/h4>\n\t\t\t\t\t\t\t\t\t\n\t\t\t\t\t\t\t\t\t<p class=\"description\">\n\t\t\t\t\t\tArbeiten unter Nutzung fr\u00fcherer Erfahrungen und wissenschaftlicher Quellen zur L\u00f6sung aufgetretener Probleme und zur Entwicklung von Aktivit\u00e4ten. Der Wunsch, die Ereignisse hinter den Aktivit\u00e4ten zu untersuchen und ihre Quelle zu finden.\t\t\t\t\t<\/p>\n\t\t\t\t\n\t\t\t\t\t\t\t\t<div class=\"text-number\">\n\t\t\t\t    02            \t<\/div>\n            \t\n\t\t\t\t\n\t\t\t\t\t\t    <\/div>\t \n\t\t    \t\t    \t<span class=\"template5-line-bot\"><\/span>\n\t\t\t<\/div>\n\t\t        \n\n\t\t\t\t<\/div>\n\t\t\t\t<\/div>\n\t\t\t\t<div class=\"elementor-element elementor-element-5d8344a elementor-animation-none elementor-invisible elementor-widget elementor-widget-auntri_elementor_ova_icon_box\" data-id=\"5d8344a\" data-element_type=\"widget\" data-settings=\"{&quot;_animation&quot;:&quot;ova-move-up&quot;,&quot;_animation_tablet&quot;:&quot;none&quot;}\" data-widget_type=\"auntri_elementor_ova_icon_box.default\">\n\t\t\t\t<div class=\"elementor-widget-container\">\n\t\t\t            \n\t\t\t\t\t\t\t<div class=\"template5-box\">\n\t\t\t\n\t \t    <div class=\"ova-icon-box ova-icon-box-template5\">\n\n\t \t    \t\n                \n\t            \n\t\t\t\t\n\t            \n            \t\n\t            \t\t            \t\t\t\t\t\t<h4 class=\"title\">\n\t\t\t\t\t\t\t3. HARTE ARBEIT\t\t\t\t\t\t<\/h4>\n\t\t\t\t\t\t\t\t\t\n\t\t\t\t\t\t\t\t\t<p class=\"description\">\n\t\t\t\t\t\tSich intensiv mit dem Thema auseinandersetzen, f\u00fcr das er verantwortlich ist, die Effizienz seiner Arbeit analysieren und L\u00f6sungen zur Effizienzsteigerung entwickeln.\n\t\t\t\t\t<\/p>\n\t\t\t\t\n\t\t\t\t\t\t\t\t<div class=\"text-number\">\n\t\t\t\t    03            \t<\/div>\n            \t\n\t\t\t\t\n\t\t\t\t\t\t    <\/div>\t \n\t\t    \t\t    \t<span class=\"template5-line-bot\"><\/span>\n\t\t\t<\/div>\n\t\t        \n\n\t\t\t\t<\/div>\n\t\t\t\t<\/div>\n\t\t\t\t\t<\/div>\n\t\t<\/div>\n\t\t\t\t\t<\/div>\n\t\t<\/section>\n\t\t<div class=\"elementor-element elementor-element-96824e3 e-flex e-con-boxed e-con e-parent\" data-id=\"96824e3\" data-element_type=\"container\">\n\t\t\t\t\t<div class=\"e-con-inner\">\n\t\t\t\t<div class=\"elementor-element elementor-element-4947d18 elementor-widget elementor-widget-image\" data-id=\"4947d18\" data-element_type=\"widget\" data-widget_type=\"image.default\">\n\t\t\t\t<div class=\"elementor-widget-container\">\n\t\t\t<style>\/*! elementor - v3.21.0 - 26-05-2024 *\/\n.elementor-widget-image{text-align:center}.elementor-widget-image a{display:inline-block}.elementor-widget-image a img[src$=\".svg\"]{width:48px}.elementor-widget-image img{vertical-align:middle;display:inline-block}<\/style>\t\t\t\t\t\t\t\t\t\t<img fetchpriority=\"high\" decoding=\"async\" width=\"943\" height=\"264\" src=\"https:\/\/kurtoglualuminyum.com\/wp-content\/uploads\/2024\/08\/kurtoglu-aluminyum-logo.png\" class=\"attachment-full size-full wp-image-10599\" alt=\"\" srcset=\"https:\/\/kurtoglualuminyum.com\/wp-content\/uploads\/2024\/08\/kurtoglu-aluminyum-logo.png 943w, https:\/\/kurtoglualuminyum.com\/wp-content\/uploads\/2024\/08\/kurtoglu-aluminyum-logo-300x84.png 300w, https:\/\/kurtoglualuminyum.com\/wp-content\/uploads\/2024\/08\/kurtoglu-aluminyum-logo-768x215.png 768w\" sizes=\"(max-width: 943px) 100vw, 943px\" \/>\t\t\t\t\t\t\t\t\t\t\t\t\t<\/div>\n\t\t\t\t<\/div>\n\t\t\t\t<div class=\"elementor-element elementor-element-cde56c2 elementor-widget elementor-widget-text-editor\" data-id=\"cde56c2\" data-element_type=\"widget\" data-widget_type=\"text-editor.default\">\n\t\t\t\t<div class=\"elementor-widget-container\">\n\t\t\t\t\t\t\tKurto\u011flu Aluminium ist stolz darauf, ein weltweit anerkannter Marktf\u00fchrer f\u00fcr Aluminiumprofilsysteme zu sein. Wir sind bestrebt, Ihnen mit unseren innovativen L\u00f6sungen und hochwertigen Produkten den bestm\u00f6glichen Service zu bieten.\n\n\n\n\n\n\n\n\n\t\t\t\t\t\t<\/div>\n\t\t\t\t<\/div>\n\t\t\t\t\t<\/div>\n\t\t\t\t<\/div>\n\t\t\t\t<section class=\"elementor-section elementor-top-section elementor-element elementor-element-c85aef0 elementor-section-boxed elementor-section-height-default elementor-section-height-default\" data-id=\"c85aef0\" data-element_type=\"section\" data-settings=\"{&quot;background_background&quot;:&quot;classic&quot;}\">\n\t\t\t\t\t\t\t<div class=\"elementor-background-overlay\"><\/div>\n\t\t\t\t\t\t\t<div class=\"elementor-container elementor-column-gap-no\">\n\t\t\t\t\t<div class=\"elementor-column elementor-col-100 elementor-top-column elementor-element elementor-element-825c199\" data-id=\"825c199\" data-element_type=\"column\">\n\t\t\t<div class=\"elementor-widget-wrap elementor-element-populated\">\n\t\t\t\t\t\t<section class=\"elementor-section elementor-inner-section elementor-element elementor-element-7d5d87b elementor-section-full_width elementor-section-content-middle elementor-section-height-default elementor-section-height-default\" data-id=\"7d5d87b\" data-element_type=\"section\">\n\t\t\t\t\t\t<div class=\"elementor-container elementor-column-gap-no\">\n\t\t\t\t\t<div class=\"elementor-column elementor-col-50 elementor-inner-column elementor-element elementor-element-882e321\" data-id=\"882e321\" data-element_type=\"column\">\n\t\t\t<div class=\"elementor-widget-wrap elementor-element-populated\">\n\t\t\t\t\t\t<div class=\"elementor-element elementor-element-f9ab6ea elementor-widget elementor-widget-auntri_elementor_ova_icon_box\" data-id=\"f9ab6ea\" data-element_type=\"widget\" data-widget_type=\"auntri_elementor_ova_icon_box.default\">\n\t\t\t\t<div class=\"elementor-widget-container\">\n\t\t\t            \n\t\t\t\n\t \t    <div class=\"ova-icon-box ova-icon-box-template3\">\n\n\t \t    \t\n                \n\t            \n\t\t\t\t\t            \t<div class=\"icon\">\n\t            \t\t\n\t            \t\t<i aria-hidden=\"true\" class=\"flaticon flaticon-quality\"><\/i>\t            \t<\/div>\n\t            \t<div class=\"box-title-desc\">\n\t            \n\t            \n            \t\n\t            \t\t            \t\t\t\t\t\t<h4 class=\"title\">\n\t\t\t\t\t\t\tMission\t\t\t\t\t\t<\/h4>\n\t\t\t\t\t\t\t\t\t\n\t\t\t\t\t\t\t\t\t<p class=\"description\">\n\t\t\t\t\t\tEin Unternehmen zu sein, das die Kundenzufriedenheit in den Vordergrund stellt, Wert auf die Entwicklung des Unternehmens und des Einzelnen legt, die Sensibilit\u00e4t f\u00fcr den Schutz der Umwelt und der nat\u00fcrlichen Ressourcen beachtet, mit seinen fachkundigen Mitarbeitern innovative Produkte auf den Markt bringt und darauf abzielt, mit seiner Qualit\u00e4t ein weltweit anerkanntes Unternehmen zu werden.\t\t\t\t\t<\/p>\n\t\t\t\t\n\t\t\t\t\n\t\t\t\t            \t\t<\/div>\n\t\t\t\t\n\t\t\t\t\t\t\t\t\t\t\t\t \t\t\t    <\/div>\t \n\t\t        \n\n\t\t\t\t<\/div>\n\t\t\t\t<\/div>\n\t\t\t\t\t<\/div>\n\t\t<\/div>\n\t\t\t\t<div class=\"elementor-column elementor-col-50 elementor-inner-column elementor-element elementor-element-2524edd\" data-id=\"2524edd\" data-element_type=\"column\">\n\t\t\t<div class=\"elementor-widget-wrap elementor-element-populated\">\n\t\t\t\t\t\t<div class=\"elementor-element elementor-element-f26f77d elementor-widget elementor-widget-auntri_elementor_ova_icon_box\" data-id=\"f26f77d\" data-element_type=\"widget\" data-widget_type=\"auntri_elementor_ova_icon_box.default\">\n\t\t\t\t<div class=\"elementor-widget-container\">\n\t\t\t            \n\t\t\t\n\t \t    <div class=\"ova-icon-box ova-icon-box-template3\">\n\n\t \t    \t\n                \n\t            \n\t\t\t\t\t            \t<div class=\"icon\">\n\t            \t\t\n\t            \t\t<i aria-hidden=\"true\" class=\"ovaicon ovaicon-checked\"><\/i>\t            \t<\/div>\n\t            \t<div class=\"box-title-desc\">\n\t            \n\t            \n            \t\n\t            \t\t            \t\t\t\t\t\t<h4 class=\"title\">\n\t\t\t\t\t\t\tVision\t\t\t\t\t\t<\/h4>\n\t\t\t\t\t\t\t\t\t\n\t\t\t\t\t\t\t\t\t<p class=\"description\">\n\t\t\t\t\t\tWir m\u00f6chten ein Unternehmen sein, das die Entwicklung von Unternehmen und Einzelpersonen in den Vordergrund stellt, dem Schutz von Umwelt und nat\u00fcrlichen Ressourcen Rechnung tr\u00e4gt, mit seinem Expertenteam innovative Produkte auf den Markt bringt und weltweit f\u00fcr seine Qualit\u00e4t anerkannt ist. Wir m\u00f6chten die Unternehmensentwicklung parallel zum technologischen Fortschritt fortf\u00fchren und die Zufriedenheit unserer Mitarbeiter gew\u00e4hrleisten.\n\t\t\t\t\t<\/p>\n\t\t\t\t\n\t\t\t\t\n\t\t\t\t            \t\t<\/div>\n\t\t\t\t\n\t\t\t\t\t\t\t\t\t\t\t\t \t\t\t    <\/div>\t \n\t\t        \n\n\t\t\t\t<\/div>\n\t\t\t\t<\/div>\n\t\t\t\t\t<\/div>\n\t\t<\/div>\n\t\t\t\t\t<\/div>\n\t\t<\/section>\n\t\t\t\t\t<\/div>\n\t\t<\/div>\n\t\t\t\t\t<\/div>\n\t\t<\/section>\n\t\t<div class=\"elementor-element elementor-element-4e87142 e-con-full e-flex e-con e-parent\" data-id=\"4e87142\" data-element_type=\"container\">\n\t\t\t\t<div class=\"elementor-element elementor-element-9d02a07 elementor-widget elementor-widget-google_maps\" data-id=\"9d02a07\" data-element_type=\"widget\" data-widget_type=\"google_maps.default\">\n\t\t\t\t<div class=\"elementor-widget-container\">\n\t\t\t<style>\/*! elementor - v3.21.0 - 26-05-2024 *\/\n.elementor-widget-google_maps .elementor-widget-container{overflow:hidden}.elementor-widget-google_maps .elementor-custom-embed{line-height:0}.elementor-widget-google_maps iframe{height:300px}<\/style>\t\t<div class=\"elementor-custom-embed\">\n\t\t\t<iframe loading=\"lazy\"\n\t\t\t\t\tsrc=\"https:\/\/maps.google.com\/maps?q=Kurto%C4%9Flu%20Bak%C4%B1r%20Kur%C5%9Fun%20San.%20A.%C5%9E&#038;t=m&#038;z=16&#038;output=embed&#038;iwloc=near\"\n\t\t\t\t\ttitle=\"Kurto\u011flu Copper Lead Industry Inc.\"\n\t\t\t\t\taria-label=\"Kurto\u011flu Copper Lead Industry Inc.\"\n\t\t\t><\/iframe>\n\t\t<\/div>\n\t\t\t\t<\/div>\n\t\t\t\t<\/div>\n\t\t\t\t<\/div>\n\t\t\t\t<\/div>","protected":false},"excerpt":{"rendered":"<p>Kurto\u011flu Al\u00fcminyum Hakk\u0131nda \u015eirketimiz 1960\u2019 l\u0131 y\u0131llarda Bak\u0131r ve Kur\u015fun ile \u00fcretim hayat\u0131na ba\u015flam\u0131\u015ft\u0131r. 1980 y\u0131l\u0131nda 1200 tonluk Al\u00fcminyum Ekstr\u00fczyon presi ile \u00fcretim sekt\u00f6r\u00fcne girmi\u015ftir. KURTO\u011eLU Al\u00fcminyum; \u0130stanbul\u2019a yakla\u015f\u0131k 100 km mesafede \u00c7orlu\u2019da bulunmaktad\u0131r. 36.000 m\u00b2 kapal\u0131 alanda faaliyetini s\u00fcrd\u00fcrmektedir. Son yap\u0131lan yat\u0131r\u0131mlarla \u015firketimiz modern bir entegre tesis haline ula\u015fm\u0131\u015ft\u0131r. \u015eirketimizin ana \u00f6zellikleri a\u015fa\u011f\u0131da da [&hellip;]<\/p>","protected":false},"author":1,"featured_media":0,"parent":0,"menu_order":0,"comment_status":"closed","ping_status":"closed","template":"elementor_header_footer","meta":{"footnotes":""},"class_list":["post-67","page","type-page","status-publish","hentry"],"_links":{"self":[{"href":"https:\/\/kurtoglualuminyum.com\/de\/wp-json\/wp\/v2\/pages\/67","targetHints":{"allow":["GET"]}}],"collection":[{"href":"https:\/\/kurtoglualuminyum.com\/de\/wp-json\/wp\/v2\/pages"}],"about":[{"href":"https:\/\/kurtoglualuminyum.com\/de\/wp-json\/wp\/v2\/types\/page"}],"author":[{"embeddable":true,"href":"https:\/\/kurtoglualuminyum.com\/de\/wp-json\/wp\/v2\/users\/1"}],"replies":[{"embeddable":true,"href":"https:\/\/kurtoglualuminyum.com\/de\/wp-json\/wp\/v2\/comments?post=67"}],"version-history":[{"count":0,"href":"https:\/\/kurtoglualuminyum.com\/de\/wp-json\/wp\/v2\/pages\/67\/revisions"}],"wp:attachment":[{"href":"https:\/\/kurtoglualuminyum.com\/de\/wp-json\/wp\/v2\/media?parent=67"}],"curies":[{"name":"wp","href":"https:\/\/api.w.org\/{rel}","templated":true}]}}