{"id":69,"date":"2022-09-07T02:50:13","date_gmt":"2022-09-07T02:50:13","guid":{"rendered":"https:\/\/kurtoglualuminyum.com\/?page_id=69"},"modified":"2025-07-31T09:44:40","modified_gmt":"2025-07-31T06:44:40","slug":"qualitatspolitik","status":"publish","type":"page","link":"https:\/\/kurtoglualuminyum.com\/de\/qualitatspolitik\/","title":{"rendered":"Energie- und Qualit\u00e4tspolitik"},"content":{"rendered":"<div data-elementor-type=\"wp-page\" data-elementor-id=\"69\" class=\"elementor elementor-69\">\n\t\t\t\t<div class=\"elementor-element elementor-element-1b801ce e-con-full e-flex e-con e-parent\" data-id=\"1b801ce\" data-element_type=\"container\" data-settings=\"{&quot;background_background&quot;:&quot;classic&quot;}\">\n\t\t<div class=\"elementor-element elementor-element-46ad50f e-con-full e-flex e-con e-child\" data-id=\"46ad50f\" data-element_type=\"container\" data-settings=\"{&quot;background_background&quot;:&quot;classic&quot;}\">\n\t\t<style>\r\n    \r\n .alt-menu {\r\n    display: none;\r\n    opacity: 0;\r\n    max-height: 0;\r\n    overflow: hidden;\r\n\r\n    background-color: #f1f1f1;\r\n    border-left: 2px solid #ccc;\r\n    margin-left: 30px;\r\n    position: relative;\r\n    z-index: 1;\r\n}\r\n\r\n.item {\r\n    cursor: pointer;\r\n    position: relative;\r\n}\r\n<\/style>\r\n\t\t<div class=\"elementor-element elementor-element-2f49511 elementor-widget elementor-widget-heading\" data-id=\"2f49511\" data-element_type=\"widget\" data-widget_type=\"heading.default\">\n\t\t\t\t<div class=\"elementor-widget-container\">\n\t\t\t<style>\/*! elementor - v3.21.0 - 26-05-2024 *\/\n.elementor-heading-title{padding:0;margin:0;line-height:1}.elementor-widget-heading .elementor-heading-title[class*=elementor-size-]>a{color:inherit;font-size:inherit;line-height:inherit}.elementor-widget-heading .elementor-heading-title.elementor-size-small{font-size:15px}.elementor-widget-heading .elementor-heading-title.elementor-size-medium{font-size:19px}.elementor-widget-heading .elementor-heading-title.elementor-size-large{font-size:29px}.elementor-widget-heading .elementor-heading-title.elementor-size-xl{font-size:39px}.elementor-widget-heading .elementor-heading-title.elementor-size-xxl{font-size:59px}<\/style><h4 class=\"elementor-heading-title elementor-size-default\">Kurto\u011flu Aluminium<\/h4>\t\t<\/div>\n\t\t\t\t<\/div>\n\t\t\t\t<div class=\"elementor-element elementor-element-e53c74c elementor-widget elementor-widget-heading\" data-id=\"e53c74c\" data-element_type=\"widget\" data-widget_type=\"heading.default\">\n\t\t\t\t<div class=\"elementor-widget-container\">\n\t\t\t<h1 class=\"elementor-heading-title elementor-size-default\">Energie- und Qualit\u00e4tspolitik<\/h1>\t\t<\/div>\n\t\t\t\t<\/div>\n\t\t\t\t<div class=\"elementor-element elementor-element-a70a918 elementor-widget elementor-widget-text-editor\" data-id=\"a70a918\" data-element_type=\"widget\" data-widget_type=\"text-editor.default\">\n\t\t\t\t<div class=\"elementor-widget-container\">\n\t\t\t<style>\/*! elementor - v3.21.0 - 26-05-2024 *\/\n.elementor-widget-text-editor.elementor-drop-cap-view-stacked .elementor-drop-cap{background-color:#69727d;color:#fff}.elementor-widget-text-editor.elementor-drop-cap-view-framed .elementor-drop-cap{color:#69727d;border:3px solid;background-color:transparent}.elementor-widget-text-editor:not(.elementor-drop-cap-view-default) .elementor-drop-cap{margin-top:8px}.elementor-widget-text-editor:not(.elementor-drop-cap-view-default) .elementor-drop-cap-letter{width:1em;height:1em}.elementor-widget-text-editor .elementor-drop-cap{float:left;text-align:center;line-height:1;font-size:50px}.elementor-widget-text-editor .elementor-drop-cap-letter{display:inline-block}<\/style>\t\t\t\tDie Unternehmensleitung hat eine Energie- und Qualit\u00e4tspolitik entwickelt, die einen Rahmen f\u00fcr Energie- und Qualit\u00e4tsziele bietet, die mit dem Unternehmenszweck und -kontext \u00fcbereinstimmen und dessen strategische Ausrichtung unterst\u00fctzen. Sie beinhaltet die Verpflichtung zur Erf\u00fcllung der geltenden Anforderungen und dr\u00fcckt das Bekenntnis zur kontinuierlichen Verbesserung aus. Die Energie- und Qualit\u00e4tspolitik unseres Unternehmens basiert auf Produktqualit\u00e4t, technologischem Fortschritt, Kundenzufriedenheit, Schulung, Umweltbewusstsein und kontinuierlicher Verbesserung von Energieverbrauch und -leistung. Unser Unternehmen setzt diese Politik konsequent in allen seinen Aktivit\u00e4ten und Einheiten um.\t\t\t\t\t\t<\/div>\n\t\t\t\t<\/div>\n\t\t\t\t<\/div>\n\t\t<div class=\"elementor-element elementor-element-a0b72ff e-con-full e-flex e-con e-child\" data-id=\"a0b72ff\" data-element_type=\"container\">\n\t\t\t\t<div class=\"elementor-element elementor-element-6e5e00b elementor-widget elementor-widget-image\" data-id=\"6e5e00b\" data-element_type=\"widget\" data-widget_type=\"image.default\">\n\t\t\t\t<div class=\"elementor-widget-container\">\n\t\t\t<style>\/*! elementor - v3.21.0 - 26-05-2024 *\/\n.elementor-widget-image{text-align:center}.elementor-widget-image a{display:inline-block}.elementor-widget-image a img[src$=\".svg\"]{width:48px}.elementor-widget-image img{vertical-align:middle;display:inline-block}<\/style>\t\t\t\t\t\t\t\t\t\t<img fetchpriority=\"high\" decoding=\"async\" width=\"950\" height=\"432\" src=\"https:\/\/kurtoglualuminyum.com\/wp-content\/uploads\/2024\/08\/urun-kalitesi-3.png\" class=\"attachment-full size-full wp-image-9376\" alt=\"\" srcset=\"https:\/\/kurtoglualuminyum.com\/wp-content\/uploads\/2024\/08\/urun-kalitesi-3.png 950w, https:\/\/kurtoglualuminyum.com\/wp-content\/uploads\/2024\/08\/urun-kalitesi-3-300x136.png 300w, https:\/\/kurtoglualuminyum.com\/wp-content\/uploads\/2024\/08\/urun-kalitesi-3-768x349.png 768w\" sizes=\"(max-width: 950px) 100vw, 950px\" \/>\t\t\t\t\t\t\t\t\t\t\t\t\t<\/div>\n\t\t\t\t<\/div>\n\t\t\t\t<\/div>\n\t\t\t\t<\/div>\n\t\t<div class=\"elementor-element elementor-element-71fc00e e-con-full e-flex e-con e-parent\" data-id=\"71fc00e\" data-element_type=\"container\" data-settings=\"{&quot;background_background&quot;:&quot;classic&quot;}\">\n\t\t<div class=\"elementor-element elementor-element-f349c4c e-con-full e-flex e-con e-child\" data-id=\"f349c4c\" data-element_type=\"container\">\n\t\t\t\t<div class=\"elementor-element elementor-element-0f7fef1 elementor-widget elementor-widget-heading\" data-id=\"0f7fef1\" data-element_type=\"widget\" data-widget_type=\"heading.default\">\n\t\t\t\t<div class=\"elementor-widget-container\">\n\t\t\t<h2 class=\"elementor-heading-title elementor-size-default\">Produktqualit\u00e4t<\/h2>\t\t<\/div>\n\t\t\t\t<\/div>\n\t\t\t\t<div class=\"elementor-element elementor-element-9b9e846 elementor-widget elementor-widget-text-editor\" data-id=\"9b9e846\" data-element_type=\"widget\" data-widget_type=\"text-editor.default\">\n\t\t\t\t<div class=\"elementor-widget-container\">\n\t\t\t\t\t\t\tIn unseren Entscheidungsprozessen legen wir Wert auf Nachhaltigkeit und Kundenzufriedenheit, indem wir Produktqualit\u00e4t, Zuverl\u00e4ssigkeit und Energieeffizienz ebenso priorisieren wie unsere anderen Gesch\u00e4ftsprozesse. Dieser Ansatz unterstreicht unser Ziel, umweltfreundliche und langlebige Produkte anzubieten. Dar\u00fcber hinaus streben wir durch die Steigerung der Energieeffizienz die Senkung der Betriebskosten und die Minimierung der Umweltbelastung an. Dabei setzen wir uns f\u00fcr kontinuierliche Verbesserung und die Entwicklung innovativer L\u00f6sungen ein, indem wir die Mitwirkung und Zusammenarbeit aller unserer Abteilungen f\u00f6rdern. Dies erm\u00f6glicht uns den Aufbau vertrauensvoller und nachhaltiger Gesch\u00e4ftsbeziehungen zu unseren internen und externen Stakeholdern.\t\t\t\t\t\t<\/div>\n\t\t\t\t<\/div>\n\t\t\t\t<\/div>\n\t\t<div class=\"elementor-element elementor-element-2b4d462 e-con-full e-flex e-con e-child\" data-id=\"2b4d462\" data-element_type=\"container\">\n\t\t\t\t<div class=\"elementor-element elementor-element-e805df3 elementor-widget elementor-widget-image\" data-id=\"e805df3\" data-element_type=\"widget\" data-widget_type=\"image.default\">\n\t\t\t\t<div class=\"elementor-widget-container\">\n\t\t\t\t\t\t\t\t\t\t\t\t\t<img decoding=\"async\" width=\"950\" height=\"432\" src=\"https:\/\/kurtoglualuminyum.com\/wp-content\/uploads\/2024\/08\/urun-kalitesi-4.png\" class=\"attachment-full size-full wp-image-9380\" alt=\"\" srcset=\"https:\/\/kurtoglualuminyum.com\/wp-content\/uploads\/2024\/08\/urun-kalitesi-4.png 950w, https:\/\/kurtoglualuminyum.com\/wp-content\/uploads\/2024\/08\/urun-kalitesi-4-300x136.png 300w, https:\/\/kurtoglualuminyum.com\/wp-content\/uploads\/2024\/08\/urun-kalitesi-4-768x349.png 768w\" sizes=\"(max-width: 950px) 100vw, 950px\" \/>\t\t\t\t\t\t\t\t\t\t\t\t\t<\/div>\n\t\t\t\t<\/div>\n\t\t\t\t<\/div>\n\t\t\t\t<\/div>\n\t\t<div class=\"elementor-element elementor-element-39af67f e-con-full e-flex e-con e-parent\" data-id=\"39af67f\" data-element_type=\"container\" data-settings=\"{&quot;background_background&quot;:&quot;classic&quot;}\">\n\t\t<div class=\"elementor-element elementor-element-0037b17 e-con-full e-flex e-con e-child\" data-id=\"0037b17\" data-element_type=\"container\" data-settings=\"{&quot;background_background&quot;:&quot;classic&quot;}\">\n\t\t\t\t<div class=\"elementor-element elementor-element-098bda6 elementor-widget elementor-widget-heading\" data-id=\"098bda6\" data-element_type=\"widget\" data-widget_type=\"heading.default\">\n\t\t\t\t<div class=\"elementor-widget-container\">\n\t\t\t<h3 class=\"elementor-heading-title elementor-size-default\">Regelm\u00e4\u00dfige \u00dcberwachung &amp; Gesetze und Vorschriften\n <\/h3>\t\t<\/div>\n\t\t\t\t<\/div>\n\t\t\t\t<div class=\"elementor-element elementor-element-782cf09 elementor-widget elementor-widget-text-editor\" data-id=\"782cf09\" data-element_type=\"widget\" data-widget_type=\"text-editor.default\">\n\t\t\t\t<div class=\"elementor-widget-container\">\n\t\t\t\t\t\t\tWir \u00fcberwachen unsere Energieeffizienz regelm\u00e4\u00dfig intern und erstellen detaillierte Berichte. Diese Berichte helfen uns, die notwendigen Schritte zur Steigerung unserer Energieeffizienz und zur Erreichung unserer Nachhaltigkeitsziele zu unternehmen. Dar\u00fcber hinaus entwickeln wir strategische Pl\u00e4ne zur Optimierung unseres Energieverbrauchs und zur Kostensenkung. Wir halten uns mindestens an alle relevanten Gesetze, Vorschriften und Normen. Um dies sicherzustellen, verfolgen wir laufend aktualisierte gesetzliche Bestimmungen und Branchenstandards. Unsere Unternehmensrichtlinien und Betriebsabl\u00e4ufe sind darauf ausgerichtet, die Einhaltung gesetzlicher Vorschriften und Qualit\u00e4tsstandards zu gew\u00e4hrleisten. So k\u00f6nnen wir sowohl unseren gesetzlichen Verpflichtungen nachkommen als auch hohe Qualit\u00e4ts- und Sicherheitsstandards einhalten.\t\t\t\t\t\t<\/div>\n\t\t\t\t<\/div>\n\t\t\t\t<\/div>\n\t\t<div class=\"elementor-element elementor-element-4939067 e-con-full e-flex e-con e-child\" data-id=\"4939067\" data-element_type=\"container\">\n\t\t\t\t<div class=\"elementor-element elementor-element-5d3094d elementor-widget elementor-widget-image\" data-id=\"5d3094d\" data-element_type=\"widget\" data-widget_type=\"image.default\">\n\t\t\t\t<div class=\"elementor-widget-container\">\n\t\t\t\t\t\t\t\t\t\t\t\t\t<img decoding=\"async\" width=\"950\" height=\"432\" src=\"https:\/\/kurtoglualuminyum.com\/wp-content\/uploads\/2024\/08\/yasa-ve-yonetmelikler.png\" class=\"attachment-full size-full wp-image-9384\" alt=\"\" srcset=\"https:\/\/kurtoglualuminyum.com\/wp-content\/uploads\/2024\/08\/yasa-ve-yonetmelikler.png 950w, https:\/\/kurtoglualuminyum.com\/wp-content\/uploads\/2024\/08\/yasa-ve-yonetmelikler-300x136.png 300w, https:\/\/kurtoglualuminyum.com\/wp-content\/uploads\/2024\/08\/yasa-ve-yonetmelikler-768x349.png 768w\" sizes=\"(max-width: 950px) 100vw, 950px\" \/>\t\t\t\t\t\t\t\t\t\t\t\t\t<\/div>\n\t\t\t\t<\/div>\n\t\t\t\t<\/div>\n\t\t\t\t<\/div>\n\t\t<div class=\"elementor-element elementor-element-3f004fc e-con-full e-flex e-con e-parent\" data-id=\"3f004fc\" data-element_type=\"container\" data-settings=\"{&quot;background_background&quot;:&quot;classic&quot;}\">\n\t\t<div class=\"elementor-element elementor-element-178157f e-con-full e-flex e-con e-child\" data-id=\"178157f\" data-element_type=\"container\">\n\t\t\t\t<div class=\"elementor-element elementor-element-3565456 elementor-widget elementor-widget-heading\" data-id=\"3565456\" data-element_type=\"widget\" data-widget_type=\"heading.default\">\n\t\t\t\t<div class=\"elementor-widget-container\">\n\t\t\t<h3 class=\"elementor-heading-title elementor-size-default\">Kontinuierliche Verbesserung<\/h3>\t\t<\/div>\n\t\t\t\t<\/div>\n\t\t\t\t<div class=\"elementor-element elementor-element-88718a5 elementor-widget elementor-widget-text-editor\" data-id=\"88718a5\" data-element_type=\"widget\" data-widget_type=\"text-editor.default\">\n\t\t\t\t<div class=\"elementor-widget-container\">\n\t\t\t\t\t\t\tWir sind bestrebt, unsere Energieeffizienz und unser Energiemanagementsystem kontinuierlich zu verbessern, ohne dabei Kompromisse bei der Qualit\u00e4t einzugehen. Zu diesem Zweck setzen wir uns konkrete Ziele, die mit unseren Richtlinien \u00fcbereinstimmen, und \u00fcberwachen diese mithilfe verschiedener Mess- und Bewertungsmethoden. Wir entwickeln strategische Pl\u00e4ne, um unsere Energieeffizienz zu steigern und unsere Nachhaltigkeitsziele zu erreichen. Um diese Politik zu unterst\u00fctzen, stellen wir unseren Mitarbeitern die notwendigen Informationen und Schulungen zur Verf\u00fcgung und stellen die notwendigen Ressourcen bereit. Wir \u00fcberpr\u00fcfen regelm\u00e4\u00dfig unsere Managementsysteme und Betriebsabl\u00e4ufe und ergreifen alle notwendigen Ma\u00dfnahmen, um eine effektive und effiziente Energienutzung sicherzustellen.\t\t\t\t\t\t<\/div>\n\t\t\t\t<\/div>\n\t\t\t\t<\/div>\n\t\t<div class=\"elementor-element elementor-element-92667d4 e-con-full e-flex e-con e-child\" data-id=\"92667d4\" data-element_type=\"container\">\n\t\t\t\t<div class=\"elementor-element elementor-element-ed93aa2 elementor-widget elementor-widget-image\" data-id=\"ed93aa2\" data-element_type=\"widget\" data-widget_type=\"image.default\">\n\t\t\t\t<div class=\"elementor-widget-container\">\n\t\t\t\t\t\t\t\t\t\t\t\t\t<img loading=\"lazy\" decoding=\"async\" width=\"950\" height=\"432\" src=\"https:\/\/kurtoglualuminyum.com\/wp-content\/uploads\/2024\/08\/surekli-gelisim.png\" class=\"attachment-full size-full wp-image-9388\" alt=\"\" srcset=\"https:\/\/kurtoglualuminyum.com\/wp-content\/uploads\/2024\/08\/surekli-gelisim.png 950w, https:\/\/kurtoglualuminyum.com\/wp-content\/uploads\/2024\/08\/surekli-gelisim-300x136.png 300w, https:\/\/kurtoglualuminyum.com\/wp-content\/uploads\/2024\/08\/surekli-gelisim-768x349.png 768w\" sizes=\"(max-width: 950px) 100vw, 950px\" \/>\t\t\t\t\t\t\t\t\t\t\t\t\t<\/div>\n\t\t\t\t<\/div>\n\t\t\t\t<\/div>\n\t\t\t\t<\/div>\n\t\t<div class=\"elementor-element elementor-element-93b6dc5 e-con-full e-flex e-con e-parent\" data-id=\"93b6dc5\" data-element_type=\"container\" data-settings=\"{&quot;background_background&quot;:&quot;classic&quot;}\">\n\t\t<div class=\"elementor-element elementor-element-e58ad64 e-con-full e-flex e-con e-child\" data-id=\"e58ad64\" data-element_type=\"container\">\n\t\t\t\t<div class=\"elementor-element elementor-element-9240efa elementor-widget elementor-widget-heading\" data-id=\"9240efa\" data-element_type=\"widget\" data-widget_type=\"heading.default\">\n\t\t\t\t<div class=\"elementor-widget-container\">\n\t\t\t<h3 class=\"elementor-heading-title elementor-size-default\">Kundenzufriedenheit<\/h3>\t\t<\/div>\n\t\t\t\t<\/div>\n\t\t\t\t<div class=\"elementor-element elementor-element-9c614f5 elementor-widget elementor-widget-text-editor\" data-id=\"9c614f5\" data-element_type=\"widget\" data-widget_type=\"text-editor.default\">\n\t\t\t\t<div class=\"elementor-widget-container\">\n\t\t\t\t\t\t\tDie anhaltende Zufriedenheit unserer Kunden ist f\u00fcr uns die h\u00f6chste Priorit\u00e4t, denn sie ist der Grund f\u00fcr die Existenz unseres Unternehmens. Wir ermitteln ihre Bed\u00fcrfnisse und Erwartungen und arbeiten daran, ihnen mehr davon zu bieten.\t\t\t\t\t\t<\/div>\n\t\t\t\t<\/div>\n\t\t\t\t<div class=\"elementor-element elementor-element-f7ecdf6 elementor-widget elementor-widget-heading\" data-id=\"f7ecdf6\" data-element_type=\"widget\" data-widget_type=\"heading.default\">\n\t\t\t\t<div class=\"elementor-widget-container\">\n\t\t\t<h4 class=\"elementor-heading-title elementor-size-default\">Bildung und Teamgeist<\/h4>\t\t<\/div>\n\t\t\t\t<\/div>\n\t\t\t\t<div class=\"elementor-element elementor-element-14487cf elementor-widget elementor-widget-text-editor\" data-id=\"14487cf\" data-element_type=\"widget\" data-widget_type=\"text-editor.default\">\n\t\t\t\t<div class=\"elementor-widget-container\">\n\t\t\t\t\t\t\tIn unserem Unternehmen sehen wir die Mitarbeiterentwicklung als wichtigen Treiber der Qualit\u00e4tsverbesserung und setzen diese konsequent um. Durch die Schulung unserer Mitarbeiter, die Steigerung ihrer Motivation und Sensibilisierung gew\u00e4hrleisten wir eine effiziente Nutzung nat\u00fcrlicher Ressourcen bei minimaler Verschwendung. Wir schaffen die passenden Umgebungen, Bedingungen und Ressourcen, um eine energieeffiziente Arbeitskultur zu f\u00f6rdern und zu unterst\u00fctzen.\n\n\t\t\t\t\t\t<\/div>\n\t\t\t\t<\/div>\n\t\t\t\t<\/div>\n\t\t<div class=\"elementor-element elementor-element-e0211dd e-con-full e-flex e-con e-child\" data-id=\"e0211dd\" data-element_type=\"container\">\n\t\t\t\t<div class=\"elementor-element elementor-element-c3930b7 elementor-widget elementor-widget-image\" data-id=\"c3930b7\" data-element_type=\"widget\" data-widget_type=\"image.default\">\n\t\t\t\t<div class=\"elementor-widget-container\">\n\t\t\t\t\t\t\t\t\t\t\t\t\t<img loading=\"lazy\" decoding=\"async\" width=\"950\" height=\"432\" src=\"https:\/\/kurtoglualuminyum.com\/wp-content\/uploads\/2024\/08\/musteri-memnuniyeti.png\" class=\"attachment-full size-full wp-image-9383\" alt=\"\" srcset=\"https:\/\/kurtoglualuminyum.com\/wp-content\/uploads\/2024\/08\/musteri-memnuniyeti.png 950w, https:\/\/kurtoglualuminyum.com\/wp-content\/uploads\/2024\/08\/musteri-memnuniyeti-300x136.png 300w, https:\/\/kurtoglualuminyum.com\/wp-content\/uploads\/2024\/08\/musteri-memnuniyeti-768x349.png 768w\" sizes=\"(max-width: 950px) 100vw, 950px\" \/>\t\t\t\t\t\t\t\t\t\t\t\t\t<\/div>\n\t\t\t\t<\/div>\n\t\t\t\t<\/div>\n\t\t\t\t<\/div>\n\t\t\t\t<\/div>","protected":false},"excerpt":{"rendered":"<p>Kurto\u011flu Aluminyum Enerji ve Kalite Politikas\u0131 Firma y\u00f6netimi; kurulu\u015fun ama\u00e7 ve ba\u011flam\u0131na uygun ve stratejik istikametini destekleyen enerji ve kalite ama\u00e7lar\u0131 i\u00e7in bir \u00e7er\u00e7eve sa\u011flayan, uygulanabilir \u015fartlar\u0131 yerine getirme i\u00e7in bir taahh\u00fct i\u00e7eren ve s\u00fcrekli iyile\u015ftirme taahh\u00fcd\u00fcn\u00fc de ifade eden enerji ve kalite politikas\u0131 olu\u015fturmu\u015ftur. Firmam\u0131z\u0131n enerji ve kalite politikas\u0131; \u00fcr\u00fcn kalitesi, teknoloji takibi, m\u00fc\u015fteri [&hellip;]<\/p>","protected":false},"author":1,"featured_media":0,"parent":0,"menu_order":0,"comment_status":"closed","ping_status":"closed","template":"elementor_header_footer","meta":{"footnotes":""},"class_list":["post-69","page","type-page","status-publish","hentry"],"_links":{"self":[{"href":"https:\/\/kurtoglualuminyum.com\/de\/wp-json\/wp\/v2\/pages\/69","targetHints":{"allow":["GET"]}}],"collection":[{"href":"https:\/\/kurtoglualuminyum.com\/de\/wp-json\/wp\/v2\/pages"}],"about":[{"href":"https:\/\/kurtoglualuminyum.com\/de\/wp-json\/wp\/v2\/types\/page"}],"author":[{"embeddable":true,"href":"https:\/\/kurtoglualuminyum.com\/de\/wp-json\/wp\/v2\/users\/1"}],"replies":[{"embeddable":true,"href":"https:\/\/kurtoglualuminyum.com\/de\/wp-json\/wp\/v2\/comments?post=69"}],"version-history":[{"count":0,"href":"https:\/\/kurtoglualuminyum.com\/de\/wp-json\/wp\/v2\/pages\/69\/revisions"}],"wp:attachment":[{"href":"https:\/\/kurtoglualuminyum.com\/de\/wp-json\/wp\/v2\/media?parent=69"}],"curies":[{"name":"wp","href":"https:\/\/api.w.org\/{rel}","templated":true}]}}