{"id":2247,"date":"2022-09-16T04:50:09","date_gmt":"2022-09-16T04:50:09","guid":{"rendered":"https:\/\/kurtoglualuminyum.com\/?page_id=2247"},"modified":"2025-11-24T17:52:51","modified_gmt":"2025-11-24T14:52:51","slug":"petroleum-and-gas-services","status":"publish","type":"page","link":"https:\/\/kurtoglualuminyum.com\/fr\/declaration-environnementale-de-produit\/","title":{"rendered":"D\u00e9claration environnementale de produit"},"content":{"rendered":"<div data-elementor-type=\"wp-page\" data-elementor-id=\"2247\" class=\"elementor elementor-2247\">\n\t\t\t\t<div class=\"elementor-element elementor-element-2923b05 e-flex e-con-boxed e-con e-parent\" data-id=\"2923b05\" data-element_type=\"container\">\n\t\t\t\t\t<div class=\"e-con-inner\">\n\t\t<style>\r\n    \r\n .alt-menu {\r\n    display: none;\r\n    opacity: 0;\r\n    max-height: 0;\r\n    overflow: hidden;\r\n\r\n    background-color: #f1f1f1;\r\n    border-left: 2px solid #ccc;\r\n    margin-left: 30px;\r\n    position: relative;\r\n    z-index: 1;\r\n}\r\n\r\n.item {\r\n    cursor: pointer;\r\n    position: relative;\r\n}\r\n<\/style>\r\n\t\t<div class=\"elementor-element elementor-element-7443602 elementor-widget elementor-widget-heading\" data-id=\"7443602\" data-element_type=\"widget\" data-widget_type=\"heading.default\">\n\t\t\t\t<div class=\"elementor-widget-container\">\n\t\t\t<style>\/*! elementor - v3.21.0 - 26-05-2024 *\/\n.elementor-heading-title{padding:0;margin:0;line-height:1}.elementor-widget-heading .elementor-heading-title[class*=elementor-size-]>a{color:inherit;font-size:inherit;line-height:inherit}.elementor-widget-heading .elementor-heading-title.elementor-size-small{font-size:15px}.elementor-widget-heading .elementor-heading-title.elementor-size-medium{font-size:19px}.elementor-widget-heading .elementor-heading-title.elementor-size-large{font-size:29px}.elementor-widget-heading .elementor-heading-title.elementor-size-xl{font-size:39px}.elementor-widget-heading .elementor-heading-title.elementor-size-xxl{font-size:59px}<\/style><h1 class=\"elementor-heading-title elementor-size-default\">D\u00e9claration environnementale de produit<\/h1>\t\t<\/div>\n\t\t\t\t<\/div>\n\t\t\t\t<div class=\"elementor-element elementor-element-26c8a5c elementor-widget elementor-widget-text-editor\" data-id=\"26c8a5c\" data-element_type=\"widget\" data-widget_type=\"text-editor.default\">\n\t\t\t\t<div class=\"elementor-widget-container\">\n\t\t\t<style>\/*! elementor - v3.21.0 - 26-05-2024 *\/\n.elementor-widget-text-editor.elementor-drop-cap-view-stacked .elementor-drop-cap{background-color:#69727d;color:#fff}.elementor-widget-text-editor.elementor-drop-cap-view-framed .elementor-drop-cap{color:#69727d;border:3px solid;background-color:transparent}.elementor-widget-text-editor:not(.elementor-drop-cap-view-default) .elementor-drop-cap{margin-top:8px}.elementor-widget-text-editor:not(.elementor-drop-cap-view-default) .elementor-drop-cap-letter{width:1em;height:1em}.elementor-widget-text-editor .elementor-drop-cap{float:left;text-align:center;line-height:1;font-size:50px}.elementor-widget-text-editor .elementor-drop-cap-letter{display:inline-block}<\/style>\t\t\t\t<p>Dans le monde d&#039;aujourd&#039;hui, l&#039;importance d&#039;\u00eatre respectueux de l&#039;environnement et d&#039;adopter des pratiques durables ne cesse de cro\u00eetre. Consciente de cette n\u00e9cessit\u00e9, notre entreprise s&#039;est donn\u00e9e pour mission d&#039;assumer pleinement ses responsabilit\u00e9s en mati\u00e8re d&#039;environnement et de d\u00e9veloppement durable. Dans ce contexte, nous sommes fiers d&#039;avoir obtenu la certification D\u00e9claration Environnementale de Produit (DEP). Cette certification, reconnue internationalement, documente objectivement l&#039;impact environnemental et la performance de nos processus de production. Elle nous guide dans l&#039;audit r\u00e9gulier de nos performances environnementales, le d\u00e9veloppement de nos strat\u00e9gies de d\u00e9veloppement durable et l&#039;am\u00e9lioration continue de nos politiques environnementales. Ce processus d&#039;audit et de documentation, assur\u00e9 par la certification DEP, nous permet de suivre en toute transparence nos contributions environnementales et nous incite \u00e0 d\u00e9velopper des solutions plus respectueuses de l&#039;environnement et durables pour nos projets futurs. Notre approche de production respectueuse de l&#039;environnement r\u00e9pond non seulement aux besoins d&#039;aujourd&#039;hui, mais vise \u00e9galement \u00e0 am\u00e9liorer la qualit\u00e9 de vie des g\u00e9n\u00e9rations futures. Conscients que ce succ\u00e8s avec la certification DEP n&#039;est qu&#039;un d\u00e9but, nous poursuivons nos efforts pour renforcer encore nos responsabilit\u00e9s environnementales.<\/p><p>Nous d\u00e9montrons clairement notre engagement en faveur du d\u00e9veloppement durable gr\u00e2ce aux processus de production respectueux de l&#039;environnement que nous proposons \u00e0 nos clients, \u00e0 nos partenaires commerciaux et \u00e0 la soci\u00e9t\u00e9. Cet engagement n&#039;est pas seulement une promesse de marque, mais une valeur fondamentale que nous int\u00e9grons \u00e0 tous nos processus de production et mod\u00e8les \u00e9conomiques. \u00c0 l&#039;avenir, nous continuerons \u00e0 jouer un r\u00f4le de premier plan dans le secteur gr\u00e2ce \u00e0 l&#039;innovation et \u00e0 la technologie, afin d&#039;assumer nos responsabilit\u00e9s environnementales et de cr\u00e9er des solutions durables. Ce faisant, nous mettons en \u0153uvre notre mission\u00a0: cr\u00e9er un monde durable en adoptant des mesures \u00e9co-responsables. Nous sommes ravis de vous compter parmi nous dans cette importante aventure et de partager notre engagement envers l&#039;environnement. Car nous sommes convaincus que m\u00eame un petit pas peut \u00eatre le d\u00e9but d&#039;un changement majeur qui transformera le monde. Travaillons ensemble et grandissons ensemble pour un avenir respectueux de l&#039;environnement et durable.<\/p>\t\t\t\t\t\t<\/div>\n\t\t\t\t<\/div>\n\t\t\t\t<div class=\"elementor-element elementor-element-7b73c59 elementor-widget elementor-widget-text-editor\" data-id=\"7b73c59\" data-element_type=\"widget\" data-widget_type=\"text-editor.default\">\n\t\t\t\t<div class=\"elementor-widget-container\">\n\t\t\t\t\t\t\t<strong>Pour voir la d\u00e9claration environnementale du produit profil\u00e9 en aluminium \u00e0 surface brute\u00a0<a href=\"https:\/\/kurtoglualuminyum.com\/wp-content\/uploads\/2024\/08\/uncoated_aluminum_profile-1.pdf\" target=\"_blank\" rel=\"noopener\"><u>CLIQUEZ<\/u><\/a><\/strong>\n<br>\n<strong>Pour consulter la d\u00e9claration environnementale du produit profil\u00e9 en aluminium avec rev\u00eatement en poudre\u00a0<a href=\"https:\/\/kurtoglualuminyum.com\/wp-content\/uploads\/2024\/08\/powder_coated_aluminum_profile-1-2.pdf\" target=\"_blank\" rel=\"noopener\"><u>CLIQUEZ<\/u><\/a><\/strong>\n<br>\n<strong>Pour consulter la d\u00e9claration environnementale du produit du profil\u00e9 en aluminium \u00e0 surface anodis\u00e9e\u00a0<a href=\"https:\/\/kurtoglualuminyum.com\/wp-content\/uploads\/2024\/08\/anodized_aluminum_profile-1.pdf\" target=\"_blank\" rel=\"noopener\"><u>CLIQUEZ<\/u><\/a><\/strong>\t\t\t\t\t\t<\/div>\n\t\t\t\t<\/div>\n\t\t\t\t\t<\/div>\n\t\t\t\t<\/div>\n\t\t\t\t<\/div>","protected":false},"excerpt":{"rendered":"<p>\u00c7evresel \u00dcr\u00fcn Beyan\u0131 G\u00fcn\u00fcm\u00fcz d\u00fcnyas\u0131nda \u00e7evreye duyarl\u0131 olman\u0131n ve s\u00fcrd\u00fcr\u00fclebilir uygulamalar\u0131 benimsemenin \u00f6nemi her ge\u00e7en g\u00fcn daha da art\u0131yor. Bu bilincin fark\u0131nda olarak, firmam\u0131z \u00e7evreye ve s\u00fcrd\u00fcr\u00fclebilirli\u011fe y\u00f6nelik sorumluluklar\u0131n\u0131 en \u00fcst d\u00fczeyde yerine getirme misyonunu benimsemi\u015ftir. Bu ba\u011flamda, \u00dcr\u00fcn \u00c7evre Beyan\u0131 (EPD) sertifikas\u0131n\u0131 kazanm\u0131\u015f olman\u0131n gururunu ya\u015f\u0131yoruz. EPD sertifikas\u0131, \u00fcretim s\u00fcre\u00e7lerimizin \u00e7evresel etkilerini ve performans\u0131n\u0131 [&hellip;]<\/p>","protected":false},"author":1,"featured_media":0,"parent":0,"menu_order":0,"comment_status":"closed","ping_status":"closed","template":"elementor_header_footer","meta":{"footnotes":""},"class_list":["post-2247","page","type-page","status-publish","hentry"],"_links":{"self":[{"href":"https:\/\/kurtoglualuminyum.com\/fr\/wp-json\/wp\/v2\/pages\/2247","targetHints":{"allow":["GET"]}}],"collection":[{"href":"https:\/\/kurtoglualuminyum.com\/fr\/wp-json\/wp\/v2\/pages"}],"about":[{"href":"https:\/\/kurtoglualuminyum.com\/fr\/wp-json\/wp\/v2\/types\/page"}],"author":[{"embeddable":true,"href":"https:\/\/kurtoglualuminyum.com\/fr\/wp-json\/wp\/v2\/users\/1"}],"replies":[{"embeddable":true,"href":"https:\/\/kurtoglualuminyum.com\/fr\/wp-json\/wp\/v2\/comments?post=2247"}],"version-history":[{"count":0,"href":"https:\/\/kurtoglualuminyum.com\/fr\/wp-json\/wp\/v2\/pages\/2247\/revisions"}],"wp:attachment":[{"href":"https:\/\/kurtoglualuminyum.com\/fr\/wp-json\/wp\/v2\/media?parent=2247"}],"curies":[{"name":"wp","href":"https:\/\/api.w.org\/{rel}","templated":true}]}}