{"id":69,"date":"2022-09-07T02:50:13","date_gmt":"2022-09-07T02:50:13","guid":{"rendered":"https:\/\/kurtoglualuminyum.com\/?page_id=69"},"modified":"2025-07-31T09:44:40","modified_gmt":"2025-07-31T06:44:40","slug":"politique-de-qualite","status":"publish","type":"page","link":"https:\/\/kurtoglualuminyum.com\/fr\/politique-de-qualite\/","title":{"rendered":"Politique \u00e9nerg\u00e9tique et de qualit\u00e9"},"content":{"rendered":"<div data-elementor-type=\"wp-page\" data-elementor-id=\"69\" class=\"elementor elementor-69\">\n\t\t\t\t<div class=\"elementor-element elementor-element-1b801ce e-con-full e-flex e-con e-parent\" data-id=\"1b801ce\" data-element_type=\"container\" data-settings=\"{&quot;background_background&quot;:&quot;classic&quot;}\">\n\t\t<div class=\"elementor-element elementor-element-46ad50f e-con-full e-flex e-con e-child\" data-id=\"46ad50f\" data-element_type=\"container\" data-settings=\"{&quot;background_background&quot;:&quot;classic&quot;}\">\n\t\t<style>\r\n    \r\n .alt-menu {\r\n    display: none;\r\n    opacity: 0;\r\n    max-height: 0;\r\n    overflow: hidden;\r\n\r\n    background-color: #f1f1f1;\r\n    border-left: 2px solid #ccc;\r\n    margin-left: 30px;\r\n    position: relative;\r\n    z-index: 1;\r\n}\r\n\r\n.item {\r\n    cursor: pointer;\r\n    position: relative;\r\n}\r\n<\/style>\r\n\t\t<div class=\"elementor-element elementor-element-2f49511 elementor-widget elementor-widget-heading\" data-id=\"2f49511\" data-element_type=\"widget\" data-widget_type=\"heading.default\">\n\t\t\t\t<div class=\"elementor-widget-container\">\n\t\t\t<style>\/*! elementor - v3.21.0 - 26-05-2024 *\/\n.elementor-heading-title{padding:0;margin:0;line-height:1}.elementor-widget-heading .elementor-heading-title[class*=elementor-size-]>a{color:inherit;font-size:inherit;line-height:inherit}.elementor-widget-heading .elementor-heading-title.elementor-size-small{font-size:15px}.elementor-widget-heading .elementor-heading-title.elementor-size-medium{font-size:19px}.elementor-widget-heading .elementor-heading-title.elementor-size-large{font-size:29px}.elementor-widget-heading .elementor-heading-title.elementor-size-xl{font-size:39px}.elementor-widget-heading .elementor-heading-title.elementor-size-xxl{font-size:59px}<\/style><h4 class=\"elementor-heading-title elementor-size-default\">Aluminium Kurto\u011flu<\/h4>\t\t<\/div>\n\t\t\t\t<\/div>\n\t\t\t\t<div class=\"elementor-element elementor-element-e53c74c elementor-widget elementor-widget-heading\" data-id=\"e53c74c\" data-element_type=\"widget\" data-widget_type=\"heading.default\">\n\t\t\t\t<div class=\"elementor-widget-container\">\n\t\t\t<h1 class=\"elementor-heading-title elementor-size-default\">Politique \u00e9nerg\u00e9tique et de qualit\u00e9<\/h1>\t\t<\/div>\n\t\t\t\t<\/div>\n\t\t\t\t<div class=\"elementor-element elementor-element-a70a918 elementor-widget elementor-widget-text-editor\" data-id=\"a70a918\" data-element_type=\"widget\" data-widget_type=\"text-editor.default\">\n\t\t\t\t<div class=\"elementor-widget-container\">\n\t\t\t<style>\/*! elementor - v3.21.0 - 26-05-2024 *\/\n.elementor-widget-text-editor.elementor-drop-cap-view-stacked .elementor-drop-cap{background-color:#69727d;color:#fff}.elementor-widget-text-editor.elementor-drop-cap-view-framed .elementor-drop-cap{color:#69727d;border:3px solid;background-color:transparent}.elementor-widget-text-editor:not(.elementor-drop-cap-view-default) .elementor-drop-cap{margin-top:8px}.elementor-widget-text-editor:not(.elementor-drop-cap-view-default) .elementor-drop-cap-letter{width:1em;height:1em}.elementor-widget-text-editor .elementor-drop-cap{float:left;text-align:center;line-height:1;font-size:50px}.elementor-widget-text-editor .elementor-drop-cap-letter{display:inline-block}<\/style>\t\t\t\tLa direction de l&#039;entreprise a \u00e9labor\u00e9 une politique \u00e9nergie et qualit\u00e9. Celle-ci encadre les objectifs \u00e9nerg\u00e9tiques et qualit\u00e9, en phase avec la raison d&#039;\u00eatre et le contexte de l&#039;organisation et soutient son orientation strat\u00e9gique. Elle inclut un engagement \u00e0 respecter les exigences applicables et exprime une volont\u00e9 d&#039;am\u00e9lioration continue. Cette politique repose sur la qualit\u00e9 des produits, le progr\u00e8s technologique, la satisfaction client, la formation, la sensibilisation \u00e0 l&#039;environnement et l&#039;am\u00e9lioration continue de l&#039;intensit\u00e9 et de la performance \u00e9nerg\u00e9tiques. Notre organisation applique syst\u00e9matiquement cette politique dans toutes ses activit\u00e9s et dans toutes ses unit\u00e9s.\t\t\t\t\t\t<\/div>\n\t\t\t\t<\/div>\n\t\t\t\t<\/div>\n\t\t<div class=\"elementor-element elementor-element-a0b72ff e-con-full e-flex e-con e-child\" data-id=\"a0b72ff\" data-element_type=\"container\">\n\t\t\t\t<div class=\"elementor-element elementor-element-6e5e00b elementor-widget elementor-widget-image\" data-id=\"6e5e00b\" data-element_type=\"widget\" data-widget_type=\"image.default\">\n\t\t\t\t<div class=\"elementor-widget-container\">\n\t\t\t<style>\/*! elementor - v3.21.0 - 26-05-2024 *\/\n.elementor-widget-image{text-align:center}.elementor-widget-image a{display:inline-block}.elementor-widget-image a img[src$=\".svg\"]{width:48px}.elementor-widget-image img{vertical-align:middle;display:inline-block}<\/style>\t\t\t\t\t\t\t\t\t\t<img fetchpriority=\"high\" decoding=\"async\" width=\"950\" height=\"432\" src=\"https:\/\/kurtoglualuminyum.com\/wp-content\/uploads\/2024\/08\/urun-kalitesi-3.png\" class=\"attachment-full size-full wp-image-9376\" alt=\"\" srcset=\"https:\/\/kurtoglualuminyum.com\/wp-content\/uploads\/2024\/08\/urun-kalitesi-3.png 950w, https:\/\/kurtoglualuminyum.com\/wp-content\/uploads\/2024\/08\/urun-kalitesi-3-300x136.png 300w, https:\/\/kurtoglualuminyum.com\/wp-content\/uploads\/2024\/08\/urun-kalitesi-3-768x349.png 768w\" sizes=\"(max-width: 950px) 100vw, 950px\" \/>\t\t\t\t\t\t\t\t\t\t\t\t\t<\/div>\n\t\t\t\t<\/div>\n\t\t\t\t<\/div>\n\t\t\t\t<\/div>\n\t\t<div class=\"elementor-element elementor-element-71fc00e e-con-full e-flex e-con e-parent\" data-id=\"71fc00e\" data-element_type=\"container\" data-settings=\"{&quot;background_background&quot;:&quot;classic&quot;}\">\n\t\t<div class=\"elementor-element elementor-element-f349c4c e-con-full e-flex e-con e-child\" data-id=\"f349c4c\" data-element_type=\"container\">\n\t\t\t\t<div class=\"elementor-element elementor-element-0f7fef1 elementor-widget elementor-widget-heading\" data-id=\"0f7fef1\" data-element_type=\"widget\" data-widget_type=\"heading.default\">\n\t\t\t\t<div class=\"elementor-widget-container\">\n\t\t\t<h2 class=\"elementor-heading-title elementor-size-default\">Qualit\u00e9 du produit<\/h2>\t\t<\/div>\n\t\t\t\t<\/div>\n\t\t\t\t<div class=\"elementor-element elementor-element-9b9e846 elementor-widget elementor-widget-text-editor\" data-id=\"9b9e846\" data-element_type=\"widget\" data-widget_type=\"text-editor.default\">\n\t\t\t\t<div class=\"elementor-widget-container\">\n\t\t\t\t\t\t\tDans nos processus d\u00e9cisionnels, nous accordons la priorit\u00e9 au d\u00e9veloppement durable et \u00e0 la satisfaction client, en privil\u00e9giant la qualit\u00e9, la fiabilit\u00e9 et l&#039;efficacit\u00e9 \u00e9nerg\u00e9tique des produits au m\u00eame titre que nos autres processus op\u00e9rationnels. Cette approche renforce notre objectif de proposer des produits respectueux de l&#039;environnement et durables. Nous visons \u00e9galement \u00e0 r\u00e9duire nos co\u00fbts d&#039;exploitation et \u00e0 minimiser notre impact environnemental en am\u00e9liorant l&#039;efficacit\u00e9 \u00e9nerg\u00e9tique. Dans ce cadre, nous maintenons notre engagement en faveur de l&#039;am\u00e9lioration continue et du d\u00e9veloppement de solutions innovantes en encourageant la contribution et la collaboration de tous nos services. Cela nous permet d&#039;\u00e9tablir des relations commerciales fiables et durables avec nos parties prenantes internes et externes.\t\t\t\t\t\t<\/div>\n\t\t\t\t<\/div>\n\t\t\t\t<\/div>\n\t\t<div class=\"elementor-element elementor-element-2b4d462 e-con-full e-flex e-con e-child\" data-id=\"2b4d462\" data-element_type=\"container\">\n\t\t\t\t<div class=\"elementor-element elementor-element-e805df3 elementor-widget elementor-widget-image\" data-id=\"e805df3\" data-element_type=\"widget\" data-widget_type=\"image.default\">\n\t\t\t\t<div class=\"elementor-widget-container\">\n\t\t\t\t\t\t\t\t\t\t\t\t\t<img decoding=\"async\" width=\"950\" height=\"432\" src=\"https:\/\/kurtoglualuminyum.com\/wp-content\/uploads\/2024\/08\/urun-kalitesi-4.png\" class=\"attachment-full size-full wp-image-9380\" alt=\"\" srcset=\"https:\/\/kurtoglualuminyum.com\/wp-content\/uploads\/2024\/08\/urun-kalitesi-4.png 950w, https:\/\/kurtoglualuminyum.com\/wp-content\/uploads\/2024\/08\/urun-kalitesi-4-300x136.png 300w, https:\/\/kurtoglualuminyum.com\/wp-content\/uploads\/2024\/08\/urun-kalitesi-4-768x349.png 768w\" sizes=\"(max-width: 950px) 100vw, 950px\" \/>\t\t\t\t\t\t\t\t\t\t\t\t\t<\/div>\n\t\t\t\t<\/div>\n\t\t\t\t<\/div>\n\t\t\t\t<\/div>\n\t\t<div class=\"elementor-element elementor-element-39af67f e-con-full e-flex e-con e-parent\" data-id=\"39af67f\" data-element_type=\"container\" data-settings=\"{&quot;background_background&quot;:&quot;classic&quot;}\">\n\t\t<div class=\"elementor-element elementor-element-0037b17 e-con-full e-flex e-con e-child\" data-id=\"0037b17\" data-element_type=\"container\" data-settings=\"{&quot;background_background&quot;:&quot;classic&quot;}\">\n\t\t\t\t<div class=\"elementor-element elementor-element-098bda6 elementor-widget elementor-widget-heading\" data-id=\"098bda6\" data-element_type=\"widget\" data-widget_type=\"heading.default\">\n\t\t\t\t<div class=\"elementor-widget-container\">\n\t\t\t<h3 class=\"elementor-heading-title elementor-size-default\">Surveillance r\u00e9guli\u00e8re et lois et r\u00e9glementations\n <\/h3>\t\t<\/div>\n\t\t\t\t<\/div>\n\t\t\t\t<div class=\"elementor-element elementor-element-782cf09 elementor-widget elementor-widget-text-editor\" data-id=\"782cf09\" data-element_type=\"widget\" data-widget_type=\"text-editor.default\">\n\t\t\t\t<div class=\"elementor-widget-container\">\n\t\t\t\t\t\t\tNous surveillons r\u00e9guli\u00e8rement notre performance \u00e9nerg\u00e9tique en interne et \u00e9tablissons des rapports d\u00e9taill\u00e9s. Ces rapports nous aident \u00e0 prendre les mesures n\u00e9cessaires pour accro\u00eetre notre efficacit\u00e9 \u00e9nerg\u00e9tique et atteindre nos objectifs de d\u00e9veloppement durable. Nous \u00e9laborons \u00e9galement des plans strat\u00e9giques pour optimiser notre consommation d&#039;\u00e9nergie et r\u00e9duire nos co\u00fbts. Nous respectons au minimum toutes les lois, r\u00e9glementations et normes en vigueur. Pour ce faire, nous suivons de pr\u00e8s les r\u00e9glementations l\u00e9gales et les normes du secteur, constamment mises \u00e0 jour. Nos politiques d&#039;entreprise et nos processus op\u00e9rationnels sont con\u00e7us pour garantir la conformit\u00e9 r\u00e9glementaire et le respect des normes de qualit\u00e9. Cela nous permet \u00e0 la fois de remplir nos responsabilit\u00e9s l\u00e9gales et d&#039;op\u00e9rer dans le respect de normes de qualit\u00e9 et de s\u00e9curit\u00e9 \u00e9lev\u00e9es.\t\t\t\t\t\t<\/div>\n\t\t\t\t<\/div>\n\t\t\t\t<\/div>\n\t\t<div class=\"elementor-element elementor-element-4939067 e-con-full e-flex e-con e-child\" data-id=\"4939067\" data-element_type=\"container\">\n\t\t\t\t<div class=\"elementor-element elementor-element-5d3094d elementor-widget elementor-widget-image\" data-id=\"5d3094d\" data-element_type=\"widget\" data-widget_type=\"image.default\">\n\t\t\t\t<div class=\"elementor-widget-container\">\n\t\t\t\t\t\t\t\t\t\t\t\t\t<img decoding=\"async\" width=\"950\" height=\"432\" src=\"https:\/\/kurtoglualuminyum.com\/wp-content\/uploads\/2024\/08\/yasa-ve-yonetmelikler.png\" class=\"attachment-full size-full wp-image-9384\" alt=\"\" srcset=\"https:\/\/kurtoglualuminyum.com\/wp-content\/uploads\/2024\/08\/yasa-ve-yonetmelikler.png 950w, https:\/\/kurtoglualuminyum.com\/wp-content\/uploads\/2024\/08\/yasa-ve-yonetmelikler-300x136.png 300w, https:\/\/kurtoglualuminyum.com\/wp-content\/uploads\/2024\/08\/yasa-ve-yonetmelikler-768x349.png 768w\" sizes=\"(max-width: 950px) 100vw, 950px\" \/>\t\t\t\t\t\t\t\t\t\t\t\t\t<\/div>\n\t\t\t\t<\/div>\n\t\t\t\t<\/div>\n\t\t\t\t<\/div>\n\t\t<div class=\"elementor-element elementor-element-3f004fc e-con-full e-flex e-con e-parent\" data-id=\"3f004fc\" data-element_type=\"container\" data-settings=\"{&quot;background_background&quot;:&quot;classic&quot;}\">\n\t\t<div class=\"elementor-element elementor-element-178157f e-con-full e-flex e-con e-child\" data-id=\"178157f\" data-element_type=\"container\">\n\t\t\t\t<div class=\"elementor-element elementor-element-3565456 elementor-widget elementor-widget-heading\" data-id=\"3565456\" data-element_type=\"widget\" data-widget_type=\"heading.default\">\n\t\t\t\t<div class=\"elementor-widget-container\">\n\t\t\t<h3 class=\"elementor-heading-title elementor-size-default\">Am\u00e9lioration continue<\/h3>\t\t<\/div>\n\t\t\t\t<\/div>\n\t\t\t\t<div class=\"elementor-element elementor-element-88718a5 elementor-widget elementor-widget-text-editor\" data-id=\"88718a5\" data-element_type=\"widget\" data-widget_type=\"text-editor.default\">\n\t\t\t\t<div class=\"elementor-widget-container\">\n\t\t\t\t\t\t\tNous nous effor\u00e7ons d&#039;am\u00e9liorer continuellement notre performance \u00e9nerg\u00e9tique et notre syst\u00e8me de gestion de l&#039;\u00e9nergie sans compromettre la qualit\u00e9. \u00c0 cette fin, nous fixons des objectifs et des cibles sp\u00e9cifiques, conformes \u00e0 nos politiques, et les suivons \u00e0 l&#039;aide de diverses m\u00e9thodes de mesure et d&#039;\u00e9valuation. Nous \u00e9laborons des plans strat\u00e9giques pour accro\u00eetre notre efficacit\u00e9 \u00e9nerg\u00e9tique et atteindre nos objectifs de d\u00e9veloppement durable. Pour soutenir cette politique, nous fournissons \u00e0 nos employ\u00e9s les informations et formations n\u00e9cessaires, ainsi que les ressources n\u00e9cessaires. Nous r\u00e9visons r\u00e9guli\u00e8rement nos syst\u00e8mes de gestion et nos processus op\u00e9rationnels et prenons toutes les mesures n\u00e9cessaires pour garantir une utilisation efficace et efficiente de l&#039;\u00e9nergie.\t\t\t\t\t\t<\/div>\n\t\t\t\t<\/div>\n\t\t\t\t<\/div>\n\t\t<div class=\"elementor-element elementor-element-92667d4 e-con-full e-flex e-con e-child\" data-id=\"92667d4\" data-element_type=\"container\">\n\t\t\t\t<div class=\"elementor-element elementor-element-ed93aa2 elementor-widget elementor-widget-image\" data-id=\"ed93aa2\" data-element_type=\"widget\" data-widget_type=\"image.default\">\n\t\t\t\t<div class=\"elementor-widget-container\">\n\t\t\t\t\t\t\t\t\t\t\t\t\t<img loading=\"lazy\" decoding=\"async\" width=\"950\" height=\"432\" src=\"https:\/\/kurtoglualuminyum.com\/wp-content\/uploads\/2024\/08\/surekli-gelisim.png\" class=\"attachment-full size-full wp-image-9388\" alt=\"\" srcset=\"https:\/\/kurtoglualuminyum.com\/wp-content\/uploads\/2024\/08\/surekli-gelisim.png 950w, https:\/\/kurtoglualuminyum.com\/wp-content\/uploads\/2024\/08\/surekli-gelisim-300x136.png 300w, https:\/\/kurtoglualuminyum.com\/wp-content\/uploads\/2024\/08\/surekli-gelisim-768x349.png 768w\" sizes=\"(max-width: 950px) 100vw, 950px\" \/>\t\t\t\t\t\t\t\t\t\t\t\t\t<\/div>\n\t\t\t\t<\/div>\n\t\t\t\t<\/div>\n\t\t\t\t<\/div>\n\t\t<div class=\"elementor-element elementor-element-93b6dc5 e-con-full e-flex e-con e-parent\" data-id=\"93b6dc5\" data-element_type=\"container\" data-settings=\"{&quot;background_background&quot;:&quot;classic&quot;}\">\n\t\t<div class=\"elementor-element elementor-element-e58ad64 e-con-full e-flex e-con e-child\" data-id=\"e58ad64\" data-element_type=\"container\">\n\t\t\t\t<div class=\"elementor-element elementor-element-9240efa elementor-widget elementor-widget-heading\" data-id=\"9240efa\" data-element_type=\"widget\" data-widget_type=\"heading.default\">\n\t\t\t\t<div class=\"elementor-widget-container\">\n\t\t\t<h3 class=\"elementor-heading-title elementor-size-default\">Satisfaction client<\/h3>\t\t<\/div>\n\t\t\t\t<\/div>\n\t\t\t\t<div class=\"elementor-element elementor-element-9c614f5 elementor-widget elementor-widget-text-editor\" data-id=\"9c614f5\" data-element_type=\"widget\" data-widget_type=\"text-editor.default\">\n\t\t\t\t<div class=\"elementor-widget-container\">\n\t\t\t\t\t\t\tNous priorisons la satisfaction continue de nos clients, raison d&#039;\u00eatre de notre organisation, et nous d\u00e9terminons leurs besoins et leurs attentes, en travaillant pour leur donner plus.\t\t\t\t\t\t<\/div>\n\t\t\t\t<\/div>\n\t\t\t\t<div class=\"elementor-element elementor-element-f7ecdf6 elementor-widget elementor-widget-heading\" data-id=\"f7ecdf6\" data-element_type=\"widget\" data-widget_type=\"heading.default\">\n\t\t\t\t<div class=\"elementor-widget-container\">\n\t\t\t<h4 class=\"elementor-heading-title elementor-size-default\">\u00c9ducation et esprit d&#039;\u00e9quipe<\/h4>\t\t<\/div>\n\t\t\t\t<\/div>\n\t\t\t\t<div class=\"elementor-element elementor-element-14487cf elementor-widget elementor-widget-text-editor\" data-id=\"14487cf\" data-element_type=\"widget\" data-widget_type=\"text-editor.default\">\n\t\t\t\t<div class=\"elementor-widget-container\">\n\t\t\t\t\t\t\tAu sein de notre organisation, nous consid\u00e9rons le d\u00e9veloppement des employ\u00e9s comme un moteur essentiel d&#039;am\u00e9lioration de la qualit\u00e9 et nous le mettons en \u0153uvre. En offrant \u00e0 nos employ\u00e9s la formation n\u00e9cessaire, en renfor\u00e7ant leur motivation et leur sensibilisation, nous garantissons une utilisation optimale des ressources naturelles avec un minimum de gaspillage. Nous cr\u00e9ons l&#039;environnement, les conditions et les ressources appropri\u00e9s pour favoriser et soutenir une culture de travail \u00e9conome en \u00e9nergie.\n\n\t\t\t\t\t\t<\/div>\n\t\t\t\t<\/div>\n\t\t\t\t<\/div>\n\t\t<div class=\"elementor-element elementor-element-e0211dd e-con-full e-flex e-con e-child\" data-id=\"e0211dd\" data-element_type=\"container\">\n\t\t\t\t<div class=\"elementor-element elementor-element-c3930b7 elementor-widget elementor-widget-image\" data-id=\"c3930b7\" data-element_type=\"widget\" data-widget_type=\"image.default\">\n\t\t\t\t<div class=\"elementor-widget-container\">\n\t\t\t\t\t\t\t\t\t\t\t\t\t<img loading=\"lazy\" decoding=\"async\" width=\"950\" height=\"432\" src=\"https:\/\/kurtoglualuminyum.com\/wp-content\/uploads\/2024\/08\/musteri-memnuniyeti.png\" class=\"attachment-full size-full wp-image-9383\" alt=\"\" srcset=\"https:\/\/kurtoglualuminyum.com\/wp-content\/uploads\/2024\/08\/musteri-memnuniyeti.png 950w, https:\/\/kurtoglualuminyum.com\/wp-content\/uploads\/2024\/08\/musteri-memnuniyeti-300x136.png 300w, https:\/\/kurtoglualuminyum.com\/wp-content\/uploads\/2024\/08\/musteri-memnuniyeti-768x349.png 768w\" sizes=\"(max-width: 950px) 100vw, 950px\" \/>\t\t\t\t\t\t\t\t\t\t\t\t\t<\/div>\n\t\t\t\t<\/div>\n\t\t\t\t<\/div>\n\t\t\t\t<\/div>\n\t\t\t\t<\/div>","protected":false},"excerpt":{"rendered":"<p>Kurto\u011flu Aluminyum Enerji ve Kalite Politikas\u0131 Firma y\u00f6netimi; kurulu\u015fun ama\u00e7 ve ba\u011flam\u0131na uygun ve stratejik istikametini destekleyen enerji ve kalite ama\u00e7lar\u0131 i\u00e7in bir \u00e7er\u00e7eve sa\u011flayan, uygulanabilir \u015fartlar\u0131 yerine getirme i\u00e7in bir taahh\u00fct i\u00e7eren ve s\u00fcrekli iyile\u015ftirme taahh\u00fcd\u00fcn\u00fc de ifade eden enerji ve kalite politikas\u0131 olu\u015fturmu\u015ftur. Firmam\u0131z\u0131n enerji ve kalite politikas\u0131; \u00fcr\u00fcn kalitesi, teknoloji takibi, m\u00fc\u015fteri [&hellip;]<\/p>","protected":false},"author":1,"featured_media":0,"parent":0,"menu_order":0,"comment_status":"closed","ping_status":"closed","template":"elementor_header_footer","meta":{"footnotes":""},"class_list":["post-69","page","type-page","status-publish","hentry"],"_links":{"self":[{"href":"https:\/\/kurtoglualuminyum.com\/fr\/wp-json\/wp\/v2\/pages\/69","targetHints":{"allow":["GET"]}}],"collection":[{"href":"https:\/\/kurtoglualuminyum.com\/fr\/wp-json\/wp\/v2\/pages"}],"about":[{"href":"https:\/\/kurtoglualuminyum.com\/fr\/wp-json\/wp\/v2\/types\/page"}],"author":[{"embeddable":true,"href":"https:\/\/kurtoglualuminyum.com\/fr\/wp-json\/wp\/v2\/users\/1"}],"replies":[{"embeddable":true,"href":"https:\/\/kurtoglualuminyum.com\/fr\/wp-json\/wp\/v2\/comments?post=69"}],"version-history":[{"count":0,"href":"https:\/\/kurtoglualuminyum.com\/fr\/wp-json\/wp\/v2\/pages\/69\/revisions"}],"wp:attachment":[{"href":"https:\/\/kurtoglualuminyum.com\/fr\/wp-json\/wp\/v2\/media?parent=69"}],"curies":[{"name":"wp","href":"https:\/\/api.w.org\/{rel}","templated":true}]}}