{"id":2247,"date":"2022-09-16T04:50:09","date_gmt":"2022-09-16T04:50:09","guid":{"rendered":"https:\/\/kurtoglualuminyum.com\/?page_id=2247"},"modified":"2025-11-24T17:52:51","modified_gmt":"2025-11-24T14:52:51","slug":"petroleum-and-gas-services","status":"publish","type":"page","link":"https:\/\/kurtoglualuminyum.com\/ro\/declaratia-de-mediu-a-produsului\/","title":{"rendered":"Declara\u021bie de mediu a produsului"},"content":{"rendered":"<div data-elementor-type=\"wp-page\" data-elementor-id=\"2247\" class=\"elementor elementor-2247\">\n\t\t\t\t<div class=\"elementor-element elementor-element-2923b05 e-flex e-con-boxed e-con e-parent\" data-id=\"2923b05\" data-element_type=\"container\">\n\t\t\t\t\t<div class=\"e-con-inner\">\n\t\t<style>\r\n    \r\n .alt-menu {\r\n    display: none;\r\n    opacity: 0;\r\n    max-height: 0;\r\n    overflow: hidden;\r\n\r\n    background-color: #f1f1f1;\r\n    border-left: 2px solid #ccc;\r\n    margin-left: 30px;\r\n    position: relative;\r\n    z-index: 1;\r\n}\r\n\r\n.item {\r\n    cursor: pointer;\r\n    position: relative;\r\n}\r\n<\/style>\r\n\t\t<div class=\"elementor-element elementor-element-7443602 elementor-widget elementor-widget-heading\" data-id=\"7443602\" data-element_type=\"widget\" data-widget_type=\"heading.default\">\n\t\t\t\t<div class=\"elementor-widget-container\">\n\t\t\t<style>\/*! elementor - v3.21.0 - 26-05-2024 *\/\n.elementor-heading-title{padding:0;margin:0;line-height:1}.elementor-widget-heading .elementor-heading-title[class*=elementor-size-]>a{color:inherit;font-size:inherit;line-height:inherit}.elementor-widget-heading .elementor-heading-title.elementor-size-small{font-size:15px}.elementor-widget-heading .elementor-heading-title.elementor-size-medium{font-size:19px}.elementor-widget-heading .elementor-heading-title.elementor-size-large{font-size:29px}.elementor-widget-heading .elementor-heading-title.elementor-size-xl{font-size:39px}.elementor-widget-heading .elementor-heading-title.elementor-size-xxl{font-size:59px}<\/style><h1 class=\"elementor-heading-title elementor-size-default\">Declara\u021bie de mediu a produsului<\/h1>\t\t<\/div>\n\t\t\t\t<\/div>\n\t\t\t\t<div class=\"elementor-element elementor-element-26c8a5c elementor-widget elementor-widget-text-editor\" data-id=\"26c8a5c\" data-element_type=\"widget\" data-widget_type=\"text-editor.default\">\n\t\t\t\t<div class=\"elementor-widget-container\">\n\t\t\t<style>\/*! elementor - v3.21.0 - 26-05-2024 *\/\n.elementor-widget-text-editor.elementor-drop-cap-view-stacked .elementor-drop-cap{background-color:#69727d;color:#fff}.elementor-widget-text-editor.elementor-drop-cap-view-framed .elementor-drop-cap{color:#69727d;border:3px solid;background-color:transparent}.elementor-widget-text-editor:not(.elementor-drop-cap-view-default) .elementor-drop-cap{margin-top:8px}.elementor-widget-text-editor:not(.elementor-drop-cap-view-default) .elementor-drop-cap-letter{width:1em;height:1em}.elementor-widget-text-editor .elementor-drop-cap{float:left;text-align:center;line-height:1;font-size:50px}.elementor-widget-text-editor .elementor-drop-cap-letter{display:inline-block}<\/style>\t\t\t\t<p>\u00cen lumea de ast\u0103zi, importan\u021ba con\u0219tientiz\u0103rii fa\u021b\u0103 de mediu \u0219i a adopt\u0103rii unor practici sustenabile cre\u0219te zilnic. Con\u0219tient\u0103 de aceast\u0103 con\u0219tientizare, compania noastr\u0103 \u0219i-a asumat misiunea de a-\u0219i \u00eendeplini responsabilit\u0103\u021bile fa\u021b\u0103 de mediu \u0219i sustenabilitate la cel mai \u00eenalt nivel. \u00cen acest context, suntem m\u00e2ndri c\u0103 am ob\u021binut certificatul Declara\u021biei de Mediu pentru Produs (EPD). Certificatul EPD este o certificare recunoscut\u0103 la nivel interna\u021bional care documenteaz\u0103 \u00een mod obiectiv impactul asupra mediului \u0219i performan\u021ba proceselor noastre de produc\u021bie. Aceast\u0103 certificare ne ghideaz\u0103 \u00een auditarea regulat\u0103 a performan\u021bei noastre de mediu, \u00een dezvoltarea strategiilor noastre de sustenabilitate \u0219i \u00een \u00eembun\u0103t\u0103\u021birea continu\u0103 a politicilor noastre de mediu. Acest proces de auditare \u0219i documentare oferit de certificatul EPD ne permite s\u0103 monitoriz\u0103m \u00een mod transparent contribu\u021biile noastre la mediu \u0219i ne inspir\u0103 s\u0103 dezvolt\u0103m solu\u021bii mai ecologice \u0219i mai sustenabile pentru proiectele viitoare. Abordarea noastr\u0103 de produc\u021bie con\u0219tient\u0103 de mediu nu numai c\u0103 satisface nevoile actuale, dar \u00ee\u0219i propune \u0219i s\u0103 \u00eembun\u0103t\u0103\u021beasc\u0103 calitatea vie\u021bii genera\u021biilor viitoare. Prin urmare, suntem con\u0219tien\u021bi c\u0103 acest succes pe care l-am ob\u021binut cu certificatul EPD este doar \u00eenceputul \u0219i continu\u0103m s\u0103 lucr\u0103m pentru a ne spori \u00een continuare responsabilit\u0103\u021bile de mediu.<\/p><p>Ne demonstr\u0103m \u00een mod clar angajamentul fa\u021b\u0103 de sustenabilitate prin procesele de produc\u021bie ecologice pe care le oferim clien\u021bilor no\u0219tri, partenerilor de afaceri \u0219i societ\u0103\u021bii. Acest angajament nu este doar o promisiune a m\u0103rcii, ci o valoare fundamental\u0103 pe care o integr\u0103m \u00een toate procesele noastre de produc\u021bie \u0219i modelele de afaceri. Privind \u00een perspectiv\u0103, vom continua s\u0103 juc\u0103m un rol de lider \u00een industrie prin inova\u021bie \u0219i tehnologie pentru a ne \u00eendeplini responsabilit\u0103\u021bile de mediu \u0219i a crea solu\u021bii durabile. \u00cen acest proces, ne implement\u0103m misiunea de a crea o lume durabil\u0103, lu\u00e2nd m\u0103suri responsabile fa\u021b\u0103 de mediu. Suntem \u00eenc\u00e2nta\u021bi s\u0103 v\u0103 al\u0103tura\u021bi nou\u0103 \u00een aceast\u0103 c\u0103l\u0103torie important\u0103 \u0219i s\u0103 \u00eemp\u0103rt\u0103\u0219i\u021bi angajamentul nostru fa\u021b\u0103 de mediu. Pentru c\u0103 noi credem c\u0103 p\u00e2n\u0103 \u0219i un pas mic poate fi \u00eenceputul unei schimb\u0103ri majore care va transforma lumea. Haide\u021bi s\u0103 lucr\u0103m \u00eempreun\u0103 \u0219i s\u0103 cre\u0219tem \u00eempreun\u0103 pentru un viitor ecologic \u0219i durabil.<\/p>\t\t\t\t\t\t<\/div>\n\t\t\t\t<\/div>\n\t\t\t\t<div class=\"elementor-element elementor-element-7b73c59 elementor-widget elementor-widget-text-editor\" data-id=\"7b73c59\" data-element_type=\"widget\" data-widget_type=\"text-editor.default\">\n\t\t\t\t<div class=\"elementor-widget-container\">\n\t\t\t\t\t\t\t<strong>Pentru a consulta Declara\u021bia de mediu a produsului din profil de aluminiu cu suprafa\u021b\u0103 brut\u0103\u00a0<a href=\"https:\/\/kurtoglualuminyum.com\/wp-content\/uploads\/2024\/08\/uncoated_aluminum_profile-1.pdf\" target=\"_blank\" rel=\"noopener\"><u>CLIC<\/u><\/a><\/strong>\n<br>\n<strong>Pentru a consulta Declara\u021bia de mediu a produsului din profil de aluminiu acoperit cu pulbere\u00a0<a href=\"https:\/\/kurtoglualuminyum.com\/wp-content\/uploads\/2024\/08\/powder_coated_aluminum_profile-1-2.pdf\" target=\"_blank\" rel=\"noopener\"><u>CLIC<\/u><\/a><\/strong>\n<br>\n<strong>Pentru a consulta Declara\u021bia de mediu a produsului pentru profilul de aluminiu anodizat\u00a0<a href=\"https:\/\/kurtoglualuminyum.com\/wp-content\/uploads\/2024\/08\/anodized_aluminum_profile-1.pdf\" target=\"_blank\" rel=\"noopener\"><u>CLIC<\/u><\/a><\/strong>\t\t\t\t\t\t<\/div>\n\t\t\t\t<\/div>\n\t\t\t\t\t<\/div>\n\t\t\t\t<\/div>\n\t\t\t\t<\/div>","protected":false},"excerpt":{"rendered":"<p>Declara\u021bie de mediu pentru produs: \u00cen lumea de ast\u0103zi, importan\u021ba con\u0219tientiz\u0103rii fa\u021b\u0103 de mediu \u0219i a adopt\u0103rii unor practici sustenabile cre\u0219te zilnic. Con\u0219tient\u0103 de aceast\u0103 con\u0219tientizare, compania noastr\u0103 \u0219i-a asumat misiunea de a-\u0219i \u00eendeplini responsabilit\u0103\u021bile fa\u021b\u0103 de mediu \u0219i sustenabilitate la cel mai \u00eenalt nivel. \u00cen acest context, suntem m\u00e2ndri c\u0103 am ob\u021binut certificarea Declara\u021biei de mediu pentru produs (EPD). Certificarea EPD m\u0103soar\u0103 impactul asupra mediului \u0219i performan\u021ba proceselor noastre de produc\u021bie [\u2026]<\/p>","protected":false},"author":1,"featured_media":0,"parent":0,"menu_order":0,"comment_status":"closed","ping_status":"closed","template":"elementor_header_footer","meta":{"footnotes":""},"class_list":["post-2247","page","type-page","status-publish","hentry"],"_links":{"self":[{"href":"https:\/\/kurtoglualuminyum.com\/ro\/wp-json\/wp\/v2\/pages\/2247","targetHints":{"allow":["GET"]}}],"collection":[{"href":"https:\/\/kurtoglualuminyum.com\/ro\/wp-json\/wp\/v2\/pages"}],"about":[{"href":"https:\/\/kurtoglualuminyum.com\/ro\/wp-json\/wp\/v2\/types\/page"}],"author":[{"embeddable":true,"href":"https:\/\/kurtoglualuminyum.com\/ro\/wp-json\/wp\/v2\/users\/1"}],"replies":[{"embeddable":true,"href":"https:\/\/kurtoglualuminyum.com\/ro\/wp-json\/wp\/v2\/comments?post=2247"}],"version-history":[{"count":0,"href":"https:\/\/kurtoglualuminyum.com\/ro\/wp-json\/wp\/v2\/pages\/2247\/revisions"}],"wp:attachment":[{"href":"https:\/\/kurtoglualuminyum.com\/ro\/wp-json\/wp\/v2\/media?parent=2247"}],"curies":[{"name":"wp","href":"https:\/\/api.w.org\/{rel}","templated":true}]}}