{"id":67,"date":"2022-09-07T02:49:31","date_gmt":"2022-09-07T02:49:31","guid":{"rendered":"https:\/\/kurtoglualuminyum.com\/?page_id=67"},"modified":"2025-08-15T10:21:00","modified_gmt":"2025-08-15T07:21:00","slug":"despre-noi","status":"publish","type":"page","link":"https:\/\/kurtoglualuminyum.com\/ro\/despre-noi\/","title":{"rendered":"Despre noi"},"content":{"rendered":"<div data-elementor-type=\"wp-page\" data-elementor-id=\"67\" class=\"elementor elementor-67\">\n\t\t\t\t\t\t<section class=\"elementor-section elementor-top-section elementor-element elementor-element-22a7f47 elementor-section-boxed elementor-section-height-default elementor-section-height-default\" data-id=\"22a7f47\" data-element_type=\"section\" data-settings=\"{&quot;background_background&quot;:&quot;classic&quot;}\">\n\t\t\t\t\t\t\t<div class=\"elementor-background-overlay\"><\/div>\n\t\t\t\t\t\t\t<div class=\"elementor-container elementor-column-gap-no\">\n\t\t\t\t\t<div class=\"elementor-column elementor-col-50 elementor-top-column elementor-element elementor-element-3ca0866 auntri_stretch_column_left\" data-id=\"3ca0866\" data-element_type=\"column\">\n\t\t\t<div class=\"elementor-widget-wrap elementor-element-populated\">\n\t\t\t\t<style>\r\n    \r\n .alt-menu {\r\n    display: none;\r\n    opacity: 0;\r\n    max-height: 0;\r\n    overflow: hidden;\r\n\r\n    background-color: #f1f1f1;\r\n    border-left: 2px solid #ccc;\r\n    margin-left: 30px;\r\n    position: relative;\r\n    z-index: 1;\r\n}\r\n\r\n.item {\r\n    cursor: pointer;\r\n    position: relative;\r\n}\r\n<\/style>\r\n\t\t<div class=\"elementor-element elementor-element-4e6e0aa elementor-widget elementor-widget-auntri_elementor_ova_image\" data-id=\"4e6e0aa\" data-element_type=\"widget\" data-settings=\"{&quot;show_line_right&quot;:&quot;yes&quot;}\" data-widget_type=\"auntri_elementor_ova_image.default\">\n\t\t\t\t<div class=\"elementor-widget-container\">\n\t\t\t\n\t\t\t\t\t<div class=\"ova-image version_1\">\n\t\t\t\t\t\t\t\t\t\n\t\t\t\t\t\n\t\t\t\t<img decoding=\"async\" src=\"https:\/\/kurtoglualuminyum.com\/wp-content\/uploads\/2024\/08\/hakkimizda-3.png\" alt=\"\">\n\n\t\t\t\t\t\t\t\t\t<div class=\"line-right\"><\/div>\n\t\t\t\t\n\t\t\t\t\n\t\t\t\t\n\t\t\t<\/div>\n\t\t\t\t \t\n\t\t\t\t<\/div>\n\t\t\t\t<\/div>\n\t\t\t\t\t<\/div>\n\t\t<\/div>\n\t\t\t\t<div class=\"elementor-column elementor-col-50 elementor-top-column elementor-element elementor-element-f5cec90 hakkimizyazikapsa\" data-id=\"f5cec90\" data-element_type=\"column\">\n\t\t\t<div class=\"elementor-widget-wrap elementor-element-populated\">\n\t\t\t\t\t\t<div class=\"elementor-element elementor-element-43d2db7 elementor-widget elementor-widget-auntri_elementor_heading\" data-id=\"43d2db7\" data-element_type=\"widget\" data-widget_type=\"auntri_elementor_heading.default\">\n\t\t\t\t<div class=\"elementor-widget-container\">\n\t\t\t\n\t\t<div class=\"ova-title\">\n\n\t\t\t\n\t\t\t\t\t\t\t\n\t\t\t\t\t\t\t\t\t<div class=\"box-title\">\n\t\t\t\t\t\t<div class=\"line-top\"><\/div>\n\t\t\t\t\n\t\t\t\t\t\n\t\t\t\t\t\t<h3 class=\"title\">Despre Kurto\u011flu Aluminium<\/h3>\n\n\t\t\t\t\t\n\t\t\t\t\t\t\t\t\t<\/div>\n\t\t\t\t\n\t\t\t\n\t\t\t\n\t\t<\/div>\n\t\t \t\n\t\t\t\t<\/div>\n\t\t\t\t<\/div>\n\t\t\t\t<div class=\"elementor-element elementor-element-ecd6c95 elementor-widget__width-initial elementor-widget elementor-widget-text-editor\" data-id=\"ecd6c95\" data-element_type=\"widget\" data-widget_type=\"text-editor.default\">\n\t\t\t\t<div class=\"elementor-widget-container\">\n\t\t\t<style>\/*! elementor - v3.21.0 - 26-05-2024 *\/\n.elementor-widget-text-editor.elementor-drop-cap-view-stacked .elementor-drop-cap{background-color:#69727d;color:#fff}.elementor-widget-text-editor.elementor-drop-cap-view-framed .elementor-drop-cap{color:#69727d;border:3px solid;background-color:transparent}.elementor-widget-text-editor:not(.elementor-drop-cap-view-default) .elementor-drop-cap{margin-top:8px}.elementor-widget-text-editor:not(.elementor-drop-cap-view-default) .elementor-drop-cap-letter{width:1em;height:1em}.elementor-widget-text-editor .elementor-drop-cap{float:left;text-align:center;line-height:1;font-size:50px}.elementor-widget-text-editor .elementor-drop-cap-letter{display:inline-block}<\/style>\t\t\t\t<p>Compania noastr\u0103 \u0219i-a \u00eenceput activitatea de produc\u021bie cu Cupru \u0219i Plumb \u00een anii 1960. \u00cen 1980, a intrat \u00een sectorul de produc\u021bie cu o pres\u0103 de extrudare a aluminiului de 1200 de tone.<\/p><p><strong>KURTOGLU Aluminiu<\/strong>Situat\u0103 \u00een \u00c7orlu, la aproximativ 100 km de Istanbul, \u00ee\u0219i desf\u0103\u0219oar\u0103 activitatea \u00eentr-o zon\u0103 \u00eenchis\u0103 de 36.000 m\u00b2. Datorit\u0103 investi\u021biilor recente, compania noastr\u0103 a devenit o unitate modern\u0103 \u0219i integrat\u0103.<\/p><p>Principalele caracteristici ale companiei noastre sunt, de asemenea, men\u021bionate mai jos:<\/p><p><strong>\u2022 Capacitate anual\u0103 ~ 34.000 tone,<\/strong><br \/><strong>\u2022 Aproximativ ~ 600 de angaja\u021bi califica\u021bi,<\/strong><br \/><strong>\u2022 <span style=\"color: #1f7bc9;\">ISO 9001:2015<\/span> sistem de calitate,<\/strong><br \/><strong>\u2022 <span style=\"color: #1f7bc9;\">Qualicoat Seaside<\/span> Documentul,<\/strong><br \/><strong>\u2022 <span style=\"color: #1f7bc9;\">Qualanod<\/span> Documentul,<\/strong><br \/><strong>\u2022 <span style=\"color: #1f7bc9;\">CE<\/span> Documentul,<\/strong><br \/><strong>\u2022 Departamentul de turnare (EDM cu s\u00e2rm\u0103, Centru de prelucrare)<\/strong><br \/><strong>\u2022 Prese de extrudare a aluminiului; (800 tone, 1460 tone, 1880 tone, 1460\/1880 tone, 2100 tone \u0219i 2600 tone),<\/strong><br \/><strong>\u2022 Facilitate de anodizare (75.000 amperi \u2013 412.500 m\u00b2 \/ lun\u0103)<\/strong><br \/><strong>\u2022 Instala\u021bie de vopsire electrostatic\u0103 \u00een c\u00e2mp electrostatic (750.000 m\u00b2 \/ lun\u0103)<\/strong><br \/><strong>\u2022 Departamentul de Prelucrare Mecanic\u0103 (Centru de Prelucrare CNC)<\/strong><\/p>\t\t\t\t\t\t<\/div>\n\t\t\t\t<\/div>\n\t\t\t\t<div class=\"elementor-element elementor-element-f7d2ee3 elementor-widget elementor-widget-html\" data-id=\"f7d2ee3\" data-element_type=\"widget\" data-widget_type=\"html.default\">\n\t\t\t\t<div class=\"elementor-widget-container\">\n\t\t\t<style>\n    .hakkimizyazikapsa p{margin: 0 0 1em;}\n    \n     .hakkimizyazikapsa  .elementor-widget:not(:last-child) {\n    margin-block-end: 0px;\n}\n<\/style>\t\t<\/div>\n\t\t\t\t<\/div>\n\t\t\t\t<section class=\"elementor-section elementor-inner-section elementor-element elementor-element-928f0b9 elementor-section-full_width elementor-section-height-default elementor-section-height-default\" data-id=\"928f0b9\" data-element_type=\"section\">\n\t\t\t\t\t\t<div class=\"elementor-container elementor-column-gap-narrow\">\n\t\t\t\t\t<div class=\"elementor-column elementor-col-50 elementor-inner-column elementor-element elementor-element-1deb905\" data-id=\"1deb905\" data-element_type=\"column\">\n\t\t\t<div class=\"elementor-widget-wrap elementor-element-populated\">\n\t\t\t\t\t\t<div class=\"elementor-element elementor-element-9a95522 elementor-mobile-align-center elementor-widget elementor-widget-button\" data-id=\"9a95522\" data-element_type=\"widget\" data-widget_type=\"button.default\">\n\t\t\t\t<div class=\"elementor-widget-container\">\n\t\t\t\t\t<div class=\"elementor-button-wrapper\">\n\t\t\t<a class=\"elementor-button elementor-button-link elementor-size-sm\" href=\"https:\/\/kurtoglualuminyum.com\/ro\/produse\/\">\n\t\t\t\t\t\t<span class=\"elementor-button-content-wrapper\">\n\t\t\t\t\t\t\t\t\t<span class=\"elementor-button-text\">informa\u021bii<\/span>\n\t\t\t\t\t<\/span>\n\t\t\t\t\t<\/a>\n\t\t<\/div>\n\t\t\t\t<\/div>\n\t\t\t\t<\/div>\n\t\t\t\t\t<\/div>\n\t\t<\/div>\n\t\t\t\t<div class=\"elementor-column elementor-col-50 elementor-inner-column elementor-element elementor-element-e3cd06c\" data-id=\"e3cd06c\" data-element_type=\"column\">\n\t\t\t<div class=\"elementor-widget-wrap elementor-element-populated\">\n\t\t\t\t\t\t<div class=\"elementor-element elementor-element-5cc1dc4 elementor-mobile-align-center elementor-button-danger elementor-widget elementor-widget-button\" data-id=\"5cc1dc4\" data-element_type=\"widget\" data-widget_type=\"button.default\">\n\t\t\t\t<div class=\"elementor-widget-container\">\n\t\t\t\t\t<div class=\"elementor-button-wrapper\">\n\t\t\t<a class=\"elementor-button elementor-button-link elementor-size-sm\" href=\"https:\/\/kurtoglualuminyum.com\/ro\/comunicare\/\">\n\t\t\t\t\t\t<span class=\"elementor-button-content-wrapper\">\n\t\t\t\t\t\t\t\t\t<span class=\"elementor-button-text\">Contacta\u0163i-ne<\/span>\n\t\t\t\t\t<\/span>\n\t\t\t\t\t<\/a>\n\t\t<\/div>\n\t\t\t\t<\/div>\n\t\t\t\t<\/div>\n\t\t\t\t\t<\/div>\n\t\t<\/div>\n\t\t\t\t\t<\/div>\n\t\t<\/section>\n\t\t\t\t\t<\/div>\n\t\t<\/div>\n\t\t\t\t\t<\/div>\n\t\t<\/section>\n\t\t\t\t<section class=\"elementor-section elementor-top-section elementor-element elementor-element-ea0b71e elementor-section-content-middle elementor-section-boxed elementor-section-height-default elementor-section-height-default\" data-id=\"ea0b71e\" data-element_type=\"section\" data-settings=\"{&quot;background_background&quot;:&quot;classic&quot;}\">\n\t\t\t\t\t\t\t<div class=\"elementor-background-overlay\"><\/div>\n\t\t\t\t\t\t\t<div class=\"elementor-container elementor-column-gap-no\">\n\t\t\t\t\t<div class=\"elementor-column elementor-col-50 elementor-top-column elementor-element elementor-element-79961f3\" data-id=\"79961f3\" data-element_type=\"column\">\n\t\t\t<div class=\"elementor-widget-wrap elementor-element-populated\">\n\t\t\t\t\t\t<div class=\"elementor-element elementor-element-61c42be elementor-widget elementor-widget-auntri_elementor_heading\" data-id=\"61c42be\" data-element_type=\"widget\" data-widget_type=\"auntri_elementor_heading.default\">\n\t\t\t\t<div class=\"elementor-widget-container\">\n\t\t\t\n\t\t<div class=\"ova-title\">\n\n\t\t\t\n\t\t\t\t\t\t\t\n\t\t\t\t\t\t\t\t\t<div class=\"box-title\">\n\t\t\t\t\t\t<div class=\"line-top\"><\/div>\n\t\t\t\t\n\t\t\t\t\t\n\t\t\t\t\t\t<h3 class=\"title\">Facilit\u0103\u021bi interna\u021bionale de calitate \u0219i abordare perfect\u0103 a serviciilor<\/h3>\n\n\t\t\t\t\t\n\t\t\t\t\t\t\t\t\t<\/div>\n\t\t\t\t\n\t\t\t\n\t\t\t\t\t\t\t<p class=\"description\">Compania noastr\u0103 opereaz\u0103 facilit\u0103\u021bi construite \u0219i echipate \u00een conformitate cu standardele interna\u021bionale de calitate. Aceste facilit\u0103\u021bi, unde fiecare detaliu este planificat meticulos, sunt sus\u021binute de cele mai noi tehnologii \u0219i gestionate \u00een conformitate cu standardele globale. \u00cen plus, datorit\u0103 abord\u0103rii noastre impecabile a serviciilor, care prioritizeaz\u0103 satisfac\u021bia clien\u021bilor, ne propunem s\u0103 oferim oaspe\u021bilor no\u0219tri o experien\u021b\u0103 de neegalat. Personalul nostru expert este instruit continuu \u0219i monitorizeaz\u0103 \u00eendeaproape evolu\u021biile pentru a satisface c\u00e2t mai bine nevoile dumneavoastr\u0103. Acest lucru ne permite s\u0103 \u00eembun\u0103t\u0103\u021bim continuu calitatea serviciilor noastre \u0219i s\u0103 men\u021binem o pozi\u021bie de lider \u00een industrie.\n<\/p>\n\t\t\t\n\t\t<\/div>\n\t\t \t\n\t\t\t\t<\/div>\n\t\t\t\t<\/div>\n\t\t\t\t<div class=\"elementor-element elementor-element-b817760 elementor-widget elementor-widget-auntri_elementor_heading\" data-id=\"b817760\" data-element_type=\"widget\" data-widget_type=\"auntri_elementor_heading.default\">\n\t\t\t\t<div class=\"elementor-widget-container\">\n\t\t\t\n\t\t<div class=\"ova-title\">\n\n\t\t\t\n\t\t\t\n\t\t\t\t\t\t\t<p class=\"description\">\n\n\nCompania noastr\u0103 \u00eembr\u0103\u021bi\u0219eaz\u0103 principiile sustenabilit\u0103\u021bii \u0219i ale con\u0219tientiz\u0103rii fa\u021b\u0103 de mediu, implement\u00e2nd diverse proiecte \u00een domeniul eficien\u021bei energetice \u0219i al gestion\u0103rii de\u0219eurilor. Prin practicile noastre ecologice \u0219i proiectele de responsabilitate social\u0103, ac\u021bion\u0103m av\u00e2nd \u00een vedere nu doar nevoile actuale, ci \u0219i nevoile viitorului.<\/p>\n\t\t\t\n\t\t<\/div>\n\t\t \t\n\t\t\t\t<\/div>\n\t\t\t\t<\/div>\n\t\t\t\t\t<\/div>\n\t\t<\/div>\n\t\t\t\t<div class=\"elementor-column elementor-col-50 elementor-top-column elementor-element elementor-element-86d628f\" data-id=\"86d628f\" data-element_type=\"column\">\n\t\t\t<div class=\"elementor-widget-wrap elementor-element-populated\">\n\t\t\t\t\t\t<div class=\"elementor-element elementor-element-b0992e7 elementor-animation-none elementor-invisible elementor-widget elementor-widget-auntri_elementor_ova_icon_box\" data-id=\"b0992e7\" data-element_type=\"widget\" data-settings=\"{&quot;_animation&quot;:&quot;ova-move-up&quot;,&quot;_animation_tablet&quot;:&quot;none&quot;,&quot;_animation_delay&quot;:300}\" data-widget_type=\"auntri_elementor_ova_icon_box.default\">\n\t\t\t\t<div class=\"elementor-widget-container\">\n\t\t\t            \n\t\t\t\t\t\t\t<div class=\"template5-box\">\n\t\t\t\n\t \t    <div class=\"ova-icon-box ova-icon-box-template5\">\n\n\t \t    \t\n                \n\t            \n\t\t\t\t\n\t            \n            \t\n\t            \t\t            \t\t\t\t\t\t<h4 class=\"title\">\n\t\t\t\t\t\t\t1. DESCHIDERE, ONESTITATE\t\t\t\t\t\t<\/h4>\n\t\t\t\t\t\t\t\t\t\n\t\t\t\t\t\t\t\t\t<p class=\"description\">\n\t\t\t\t\t\tAdoptarea unui stil de ac\u021biune cu grij\u0103 \u0219i onestitate pentru a preveni prejudicierea companiei noastre \u0219i a tuturor celor asocia\u021bi cu aceasta. \u00cemp\u0103rt\u0103\u0219irea sincer\u0103 a oric\u0103ror probleme care apar, precum \u0219i a experien\u021bei \u0219i cuno\u0219tin\u021belor acumulate.\n\t\t\t\t\t<\/p>\n\t\t\t\t\n\t\t\t\t\t\t\t\t<div class=\"text-number\">\n\t\t\t\t    01            \t<\/div>\n            \t\n\t\t\t\t\n\t\t\t\t\t\t    <\/div>\t \n\t\t    \t\t    \t<span class=\"template5-line-bot\"><\/span>\n\t\t\t<\/div>\n\t\t        \n\n\t\t\t\t<\/div>\n\t\t\t\t<\/div>\n\t\t\t\t<div class=\"elementor-element elementor-element-9662dfb elementor-animation-none elementor-invisible elementor-widget elementor-widget-auntri_elementor_ova_icon_box\" data-id=\"9662dfb\" data-element_type=\"widget\" data-settings=\"{&quot;_animation&quot;:&quot;ova-move-up&quot;,&quot;_animation_tablet&quot;:&quot;none&quot;,&quot;_animation_delay&quot;:150}\" data-widget_type=\"auntri_elementor_ova_icon_box.default\">\n\t\t\t\t<div class=\"elementor-widget-container\">\n\t\t\t            \n\t\t\t\t\t\t\t<div class=\"template5-box\">\n\t\t\t\n\t \t    <div class=\"ova-icon-box ova-icon-box-template5\">\n\n\t \t    \t\n                \n\t            \n\t\t\t\t\n\t            \n            \t\n\t            \t\t            \t\t\t\t\t\t<h4 class=\"title\">\n\t\t\t\t\t\t\t2. CERCETARE\t\t\t\t\t\t<\/h4>\n\t\t\t\t\t\t\t\t\t\n\t\t\t\t\t\t\t\t\t<p class=\"description\">\n\t\t\t\t\t\tLucrul prin utilizarea experien\u021belor trecute \u0219i a surselor \u0219tiin\u021bifice \u00een rezolvarea problemelor \u00eent\u00e2lnite \u0219i dezvoltarea activit\u0103\u021bilor. Dorin\u021ba de a examina evenimentele din spatele activit\u0103\u021bilor \u0219i de a ajunge la sursa acestora.\t\t\t\t\t<\/p>\n\t\t\t\t\n\t\t\t\t\t\t\t\t<div class=\"text-number\">\n\t\t\t\t    02            \t<\/div>\n            \t\n\t\t\t\t\n\t\t\t\t\t\t    <\/div>\t \n\t\t    \t\t    \t<span class=\"template5-line-bot\"><\/span>\n\t\t\t<\/div>\n\t\t        \n\n\t\t\t\t<\/div>\n\t\t\t\t<\/div>\n\t\t\t\t<div class=\"elementor-element elementor-element-5d8344a elementor-animation-none elementor-invisible elementor-widget elementor-widget-auntri_elementor_ova_icon_box\" data-id=\"5d8344a\" data-element_type=\"widget\" data-settings=\"{&quot;_animation&quot;:&quot;ova-move-up&quot;,&quot;_animation_tablet&quot;:&quot;none&quot;}\" data-widget_type=\"auntri_elementor_ova_icon_box.default\">\n\t\t\t\t<div class=\"elementor-widget-container\">\n\t\t\t            \n\t\t\t\t\t\t\t<div class=\"template5-box\">\n\t\t\t\n\t \t    <div class=\"ova-icon-box ova-icon-box-template5\">\n\n\t \t    \t\n                \n\t            \n\t\t\t\t\n\t            \n            \t\n\t            \t\t            \t\t\t\t\t\t<h4 class=\"title\">\n\t\t\t\t\t\t\t3. MUNC\u0102 GREA\u021a\u0102\t\t\t\t\t\t<\/h4>\n\t\t\t\t\t\t\t\t\t\n\t\t\t\t\t\t\t\t\t<p class=\"description\">\n\t\t\t\t\t\tDedic\u00e2ndu-se subiectului de care este responsabil, analiz\u00e2nd eficien\u021ba muncii sale \u0219i dezvolt\u00e2nd solu\u021bii pentru cre\u0219terea eficien\u021bei.\n\t\t\t\t\t<\/p>\n\t\t\t\t\n\t\t\t\t\t\t\t\t<div class=\"text-number\">\n\t\t\t\t    03            \t<\/div>\n            \t\n\t\t\t\t\n\t\t\t\t\t\t    <\/div>\t \n\t\t    \t\t    \t<span class=\"template5-line-bot\"><\/span>\n\t\t\t<\/div>\n\t\t        \n\n\t\t\t\t<\/div>\n\t\t\t\t<\/div>\n\t\t\t\t\t<\/div>\n\t\t<\/div>\n\t\t\t\t\t<\/div>\n\t\t<\/section>\n\t\t<div class=\"elementor-element elementor-element-96824e3 e-flex e-con-boxed e-con e-parent\" data-id=\"96824e3\" data-element_type=\"container\">\n\t\t\t\t\t<div class=\"e-con-inner\">\n\t\t\t\t<div class=\"elementor-element elementor-element-4947d18 elementor-widget elementor-widget-image\" data-id=\"4947d18\" data-element_type=\"widget\" data-widget_type=\"image.default\">\n\t\t\t\t<div class=\"elementor-widget-container\">\n\t\t\t<style>\/*! elementor - v3.21.0 - 26-05-2024 *\/\n.elementor-widget-image{text-align:center}.elementor-widget-image a{display:inline-block}.elementor-widget-image a img[src$=\".svg\"]{width:48px}.elementor-widget-image img{vertical-align:middle;display:inline-block}<\/style>\t\t\t\t\t\t\t\t\t\t<img fetchpriority=\"high\" decoding=\"async\" width=\"943\" height=\"264\" src=\"https:\/\/kurtoglualuminyum.com\/wp-content\/uploads\/2024\/08\/kurtoglu-aluminyum-logo.png\" class=\"attachment-full size-full wp-image-10599\" alt=\"\" srcset=\"https:\/\/kurtoglualuminyum.com\/wp-content\/uploads\/2024\/08\/kurtoglu-aluminyum-logo.png 943w, https:\/\/kurtoglualuminyum.com\/wp-content\/uploads\/2024\/08\/kurtoglu-aluminyum-logo-300x84.png 300w, https:\/\/kurtoglualuminyum.com\/wp-content\/uploads\/2024\/08\/kurtoglu-aluminyum-logo-768x215.png 768w\" sizes=\"(max-width: 943px) 100vw, 943px\" \/>\t\t\t\t\t\t\t\t\t\t\t\t\t<\/div>\n\t\t\t\t<\/div>\n\t\t\t\t<div class=\"elementor-element elementor-element-cde56c2 elementor-widget elementor-widget-text-editor\" data-id=\"cde56c2\" data-element_type=\"widget\" data-widget_type=\"text-editor.default\">\n\t\t\t\t<div class=\"elementor-widget-container\">\n\t\t\t\t\t\t\tLa Kurto\u011flu Aluminum, suntem m\u00e2ndri s\u0103 fim un lider recunoscut la nivel global \u00een domeniul sistemelor de profile din aluminiu. Ne str\u0103duim s\u0103 v\u0103 oferim cele mai bune servicii posibile prin solu\u021biile noastre inovatoare \u0219i produsele de \u00eenalt\u0103 calitate.\n\n\n\n\n\n\n\n\n\t\t\t\t\t\t<\/div>\n\t\t\t\t<\/div>\n\t\t\t\t\t<\/div>\n\t\t\t\t<\/div>\n\t\t\t\t<section class=\"elementor-section elementor-top-section elementor-element elementor-element-c85aef0 elementor-section-boxed elementor-section-height-default elementor-section-height-default\" data-id=\"c85aef0\" data-element_type=\"section\" data-settings=\"{&quot;background_background&quot;:&quot;classic&quot;}\">\n\t\t\t\t\t\t\t<div class=\"elementor-background-overlay\"><\/div>\n\t\t\t\t\t\t\t<div class=\"elementor-container elementor-column-gap-no\">\n\t\t\t\t\t<div class=\"elementor-column elementor-col-100 elementor-top-column elementor-element elementor-element-825c199\" data-id=\"825c199\" data-element_type=\"column\">\n\t\t\t<div class=\"elementor-widget-wrap elementor-element-populated\">\n\t\t\t\t\t\t<section class=\"elementor-section elementor-inner-section elementor-element elementor-element-7d5d87b elementor-section-full_width elementor-section-content-middle elementor-section-height-default elementor-section-height-default\" data-id=\"7d5d87b\" data-element_type=\"section\">\n\t\t\t\t\t\t<div class=\"elementor-container elementor-column-gap-no\">\n\t\t\t\t\t<div class=\"elementor-column elementor-col-50 elementor-inner-column elementor-element elementor-element-882e321\" data-id=\"882e321\" data-element_type=\"column\">\n\t\t\t<div class=\"elementor-widget-wrap elementor-element-populated\">\n\t\t\t\t\t\t<div class=\"elementor-element elementor-element-f9ab6ea elementor-widget elementor-widget-auntri_elementor_ova_icon_box\" data-id=\"f9ab6ea\" data-element_type=\"widget\" data-widget_type=\"auntri_elementor_ova_icon_box.default\">\n\t\t\t\t<div class=\"elementor-widget-container\">\n\t\t\t            \n\t\t\t\n\t \t    <div class=\"ova-icon-box ova-icon-box-template3\">\n\n\t \t    \t\n                \n\t            \n\t\t\t\t\t            \t<div class=\"icon\">\n\t            \t\t\n\t            \t\t<i aria-hidden=\"true\" class=\"flaticon flaticon-quality\"><\/i>\t            \t<\/div>\n\t            \t<div class=\"box-title-desc\">\n\t            \n\t            \n            \t\n\t            \t\t            \t\t\t\t\t\t<h4 class=\"title\">\n\t\t\t\t\t\t\tMisiune\t\t\t\t\t\t<\/h4>\n\t\t\t\t\t\t\t\t\t\n\t\t\t\t\t\t\t\t\t<p class=\"description\">\n\t\t\t\t\t\tS\u0103 fim o companie care prioritizeaz\u0103 satisfac\u021bia clien\u021bilor, acord\u0103 importan\u021b\u0103 dezvolt\u0103rii corporative \u0219i individuale, respect\u0103 sensibilitatea fa\u021b\u0103 de protejarea mediului \u0219i a resurselor naturale, ofer\u0103 produse inovatoare pie\u021bei cu ajutorul personalului s\u0103u expert \u0219i \u00ee\u0219i propune s\u0103 devin\u0103 o companie recunoscut\u0103 la nivel global pentru calitatea sa.\t\t\t\t\t<\/p>\n\t\t\t\t\n\t\t\t\t\n\t\t\t\t            \t\t<\/div>\n\t\t\t\t\n\t\t\t\t\t\t\t\t\t\t\t\t \t\t\t    <\/div>\t \n\t\t        \n\n\t\t\t\t<\/div>\n\t\t\t\t<\/div>\n\t\t\t\t\t<\/div>\n\t\t<\/div>\n\t\t\t\t<div class=\"elementor-column elementor-col-50 elementor-inner-column elementor-element elementor-element-2524edd\" data-id=\"2524edd\" data-element_type=\"column\">\n\t\t\t<div class=\"elementor-widget-wrap elementor-element-populated\">\n\t\t\t\t\t\t<div class=\"elementor-element elementor-element-f26f77d elementor-widget elementor-widget-auntri_elementor_ova_icon_box\" data-id=\"f26f77d\" data-element_type=\"widget\" data-widget_type=\"auntri_elementor_ova_icon_box.default\">\n\t\t\t\t<div class=\"elementor-widget-container\">\n\t\t\t            \n\t\t\t\n\t \t    <div class=\"ova-icon-box ova-icon-box-template3\">\n\n\t \t    \t\n                \n\t            \n\t\t\t\t\t            \t<div class=\"icon\">\n\t            \t\t\n\t            \t\t<i aria-hidden=\"true\" class=\"ovaicon ovaicon-checked\"><\/i>\t            \t<\/div>\n\t            \t<div class=\"box-title-desc\">\n\t            \n\t            \n            \t\n\t            \t\t            \t\t\t\t\t\t<h4 class=\"title\">\n\t\t\t\t\t\t\tViziune\t\t\t\t\t\t<\/h4>\n\t\t\t\t\t\t\t\t\t\n\t\t\t\t\t\t\t\t\t<p class=\"description\">\n\t\t\t\t\t\tS\u0103 fim o companie care prioritizeaz\u0103 dezvoltarea corporativ\u0103 \u0219i individual\u0103, este sensibil\u0103 la protejarea mediului \u0219i a resurselor naturale, ofer\u0103 produse inovatoare pie\u021bei cu echipa sa de exper\u021bi \u0219i este recunoscut\u0103 la nivel global pentru calitatea sa. S\u0103 continu\u0103m dezvoltarea companiei \u00een paralel cu progresele tehnologice \u0219i s\u0103 asigur\u0103m satisfac\u021bia angaja\u021bilor.\n\t\t\t\t\t<\/p>\n\t\t\t\t\n\t\t\t\t\n\t\t\t\t            \t\t<\/div>\n\t\t\t\t\n\t\t\t\t\t\t\t\t\t\t\t\t \t\t\t    <\/div>\t \n\t\t        \n\n\t\t\t\t<\/div>\n\t\t\t\t<\/div>\n\t\t\t\t\t<\/div>\n\t\t<\/div>\n\t\t\t\t\t<\/div>\n\t\t<\/section>\n\t\t\t\t\t<\/div>\n\t\t<\/div>\n\t\t\t\t\t<\/div>\n\t\t<\/section>\n\t\t<div class=\"elementor-element elementor-element-4e87142 e-con-full e-flex e-con e-parent\" data-id=\"4e87142\" data-element_type=\"container\">\n\t\t\t\t<div class=\"elementor-element elementor-element-9d02a07 elementor-widget elementor-widget-google_maps\" data-id=\"9d02a07\" data-element_type=\"widget\" data-widget_type=\"google_maps.default\">\n\t\t\t\t<div class=\"elementor-widget-container\">\n\t\t\t<style>\/*! elementor - v3.21.0 - 26-05-2024 *\/\n.elementor-widget-google_maps .elementor-widget-container{overflow:hidden}.elementor-widget-google_maps .elementor-custom-embed{line-height:0}.elementor-widget-google_maps iframe{height:300px}<\/style>\t\t<div class=\"elementor-custom-embed\">\n\t\t\t<iframe loading=\"lazy\"\n\t\t\t\t\tsrc=\"https:\/\/maps.google.com\/maps?q=Kurto%C4%9Flu%20Bak%C4%B1r%20Kur%C5%9Fun%20San.%20A.%C5%9E&#038;t=m&#038;z=16&#038;output=embed&#038;iwloc=near\"\n\t\t\t\t\ttitle=\"Kurto\u011flu Copper Lead Industry Inc.\"\n\t\t\t\t\taria-label=\"Kurto\u011flu Copper Lead Industry Inc.\"\n\t\t\t><\/iframe>\n\t\t<\/div>\n\t\t\t\t<\/div>\n\t\t\t\t<\/div>\n\t\t\t\t<\/div>\n\t\t\t\t<\/div>","protected":false},"excerpt":{"rendered":"<p>Kurto\u011flu Al\u00fcminyum Hakk\u0131nda \u015eirketimiz 1960\u2019 l\u0131 y\u0131llarda Bak\u0131r ve Kur\u015fun ile \u00fcretim hayat\u0131na ba\u015flam\u0131\u015ft\u0131r. 1980 y\u0131l\u0131nda 1200 tonluk Al\u00fcminyum Ekstr\u00fczyon presi ile \u00fcretim sekt\u00f6r\u00fcne girmi\u015ftir. KURTO\u011eLU Al\u00fcminyum; \u0130stanbul\u2019a yakla\u015f\u0131k 100 km mesafede \u00c7orlu\u2019da bulunmaktad\u0131r. 36.000 m\u00b2 kapal\u0131 alanda faaliyetini s\u00fcrd\u00fcrmektedir. Son yap\u0131lan yat\u0131r\u0131mlarla \u015firketimiz modern bir entegre tesis haline ula\u015fm\u0131\u015ft\u0131r. \u015eirketimizin ana \u00f6zellikleri a\u015fa\u011f\u0131da da [&hellip;]<\/p>","protected":false},"author":1,"featured_media":0,"parent":0,"menu_order":0,"comment_status":"closed","ping_status":"closed","template":"elementor_header_footer","meta":{"footnotes":""},"class_list":["post-67","page","type-page","status-publish","hentry"],"_links":{"self":[{"href":"https:\/\/kurtoglualuminyum.com\/ro\/wp-json\/wp\/v2\/pages\/67","targetHints":{"allow":["GET"]}}],"collection":[{"href":"https:\/\/kurtoglualuminyum.com\/ro\/wp-json\/wp\/v2\/pages"}],"about":[{"href":"https:\/\/kurtoglualuminyum.com\/ro\/wp-json\/wp\/v2\/types\/page"}],"author":[{"embeddable":true,"href":"https:\/\/kurtoglualuminyum.com\/ro\/wp-json\/wp\/v2\/users\/1"}],"replies":[{"embeddable":true,"href":"https:\/\/kurtoglualuminyum.com\/ro\/wp-json\/wp\/v2\/comments?post=67"}],"version-history":[{"count":0,"href":"https:\/\/kurtoglualuminyum.com\/ro\/wp-json\/wp\/v2\/pages\/67\/revisions"}],"wp:attachment":[{"href":"https:\/\/kurtoglualuminyum.com\/ro\/wp-json\/wp\/v2\/media?parent=67"}],"curies":[{"name":"wp","href":"https:\/\/api.w.org\/{rel}","templated":true}]}}