{"id":69,"date":"2022-09-07T02:50:13","date_gmt":"2022-09-07T02:50:13","guid":{"rendered":"https:\/\/kurtoglualuminyum.com\/?page_id=69"},"modified":"2025-07-31T09:44:40","modified_gmt":"2025-07-31T06:44:40","slug":"politica-de-calitate","status":"publish","type":"page","link":"https:\/\/kurtoglualuminyum.com\/ro\/politica-de-calitate\/","title":{"rendered":"Politica energetic\u0103 \u0219i de calitate"},"content":{"rendered":"<div data-elementor-type=\"wp-page\" data-elementor-id=\"69\" class=\"elementor elementor-69\">\n\t\t\t\t<div class=\"elementor-element elementor-element-1b801ce e-con-full e-flex e-con e-parent\" data-id=\"1b801ce\" data-element_type=\"container\" data-settings=\"{&quot;background_background&quot;:&quot;classic&quot;}\">\n\t\t<div class=\"elementor-element elementor-element-46ad50f e-con-full e-flex e-con e-child\" data-id=\"46ad50f\" data-element_type=\"container\" data-settings=\"{&quot;background_background&quot;:&quot;classic&quot;}\">\n\t\t<style>\r\n    \r\n .alt-menu {\r\n    display: none;\r\n    opacity: 0;\r\n    max-height: 0;\r\n    overflow: hidden;\r\n\r\n    background-color: #f1f1f1;\r\n    border-left: 2px solid #ccc;\r\n    margin-left: 30px;\r\n    position: relative;\r\n    z-index: 1;\r\n}\r\n\r\n.item {\r\n    cursor: pointer;\r\n    position: relative;\r\n}\r\n<\/style>\r\n\t\t<div class=\"elementor-element elementor-element-2f49511 elementor-widget elementor-widget-heading\" data-id=\"2f49511\" data-element_type=\"widget\" data-widget_type=\"heading.default\">\n\t\t\t\t<div class=\"elementor-widget-container\">\n\t\t\t<style>\/*! elementor - v3.21.0 - 26-05-2024 *\/\n.elementor-heading-title{padding:0;margin:0;line-height:1}.elementor-widget-heading .elementor-heading-title[class*=elementor-size-]>a{color:inherit;font-size:inherit;line-height:inherit}.elementor-widget-heading .elementor-heading-title.elementor-size-small{font-size:15px}.elementor-widget-heading .elementor-heading-title.elementor-size-medium{font-size:19px}.elementor-widget-heading .elementor-heading-title.elementor-size-large{font-size:29px}.elementor-widget-heading .elementor-heading-title.elementor-size-xl{font-size:39px}.elementor-widget-heading .elementor-heading-title.elementor-size-xxl{font-size:59px}<\/style><h4 class=\"elementor-heading-title elementor-size-default\">Kurto\u011flu Aluminium<\/h4>\t\t<\/div>\n\t\t\t\t<\/div>\n\t\t\t\t<div class=\"elementor-element elementor-element-e53c74c elementor-widget elementor-widget-heading\" data-id=\"e53c74c\" data-element_type=\"widget\" data-widget_type=\"heading.default\">\n\t\t\t\t<div class=\"elementor-widget-container\">\n\t\t\t<h1 class=\"elementor-heading-title elementor-size-default\">Politica energetic\u0103 \u0219i de calitate<\/h1>\t\t<\/div>\n\t\t\t\t<\/div>\n\t\t\t\t<div class=\"elementor-element elementor-element-a70a918 elementor-widget elementor-widget-text-editor\" data-id=\"a70a918\" data-element_type=\"widget\" data-widget_type=\"text-editor.default\">\n\t\t\t\t<div class=\"elementor-widget-container\">\n\t\t\t<style>\/*! elementor - v3.21.0 - 26-05-2024 *\/\n.elementor-widget-text-editor.elementor-drop-cap-view-stacked .elementor-drop-cap{background-color:#69727d;color:#fff}.elementor-widget-text-editor.elementor-drop-cap-view-framed .elementor-drop-cap{color:#69727d;border:3px solid;background-color:transparent}.elementor-widget-text-editor:not(.elementor-drop-cap-view-default) .elementor-drop-cap{margin-top:8px}.elementor-widget-text-editor:not(.elementor-drop-cap-view-default) .elementor-drop-cap-letter{width:1em;height:1em}.elementor-widget-text-editor .elementor-drop-cap{float:left;text-align:center;line-height:1;font-size:50px}.elementor-widget-text-editor .elementor-drop-cap-letter{display:inline-block}<\/style>\t\t\t\tConducerea companiei a dezvoltat o politic\u0103 energetic\u0103 \u0219i de calitate care ofer\u0103 un cadru pentru obiectivele energetice \u0219i de calitate, aliniate cu scopul \u0219i contextul organiza\u021biei \u0219i care sus\u021bin direc\u021bia strategic\u0103 a acesteia, include un angajament de a \u00eendeplini cerin\u021bele aplicabile \u0219i exprim\u0103 un angajament pentru \u00eembun\u0103t\u0103\u021birea continu\u0103. Politica energetic\u0103 \u0219i de calitate a companiei noastre se bazeaz\u0103 pe calitatea produselor, progresul tehnologic, satisfac\u021bia clien\u021bilor, instruire, con\u0219tientizarea mediului \u0219i \u00eembun\u0103t\u0103\u021birea continu\u0103 a intensit\u0103\u021bii \u0219i performan\u021bei energetice. Organiza\u021bia noastr\u0103 implementeaz\u0103 \u00een mod constant aceast\u0103 politic\u0103 \u00een toate activit\u0103\u021bile sale \u0219i \u00een toate unit\u0103\u021bile sale.\t\t\t\t\t\t<\/div>\n\t\t\t\t<\/div>\n\t\t\t\t<\/div>\n\t\t<div class=\"elementor-element elementor-element-a0b72ff e-con-full e-flex e-con e-child\" data-id=\"a0b72ff\" data-element_type=\"container\">\n\t\t\t\t<div class=\"elementor-element elementor-element-6e5e00b elementor-widget elementor-widget-image\" data-id=\"6e5e00b\" data-element_type=\"widget\" data-widget_type=\"image.default\">\n\t\t\t\t<div class=\"elementor-widget-container\">\n\t\t\t<style>\/*! elementor - v3.21.0 - 26-05-2024 *\/\n.elementor-widget-image{text-align:center}.elementor-widget-image a{display:inline-block}.elementor-widget-image a img[src$=\".svg\"]{width:48px}.elementor-widget-image img{vertical-align:middle;display:inline-block}<\/style>\t\t\t\t\t\t\t\t\t\t<img fetchpriority=\"high\" decoding=\"async\" width=\"950\" height=\"432\" src=\"https:\/\/kurtoglualuminyum.com\/wp-content\/uploads\/2024\/08\/urun-kalitesi-3.png\" class=\"attachment-full size-full wp-image-9376\" alt=\"\" srcset=\"https:\/\/kurtoglualuminyum.com\/wp-content\/uploads\/2024\/08\/urun-kalitesi-3.png 950w, https:\/\/kurtoglualuminyum.com\/wp-content\/uploads\/2024\/08\/urun-kalitesi-3-300x136.png 300w, https:\/\/kurtoglualuminyum.com\/wp-content\/uploads\/2024\/08\/urun-kalitesi-3-768x349.png 768w\" sizes=\"(max-width: 950px) 100vw, 950px\" \/>\t\t\t\t\t\t\t\t\t\t\t\t\t<\/div>\n\t\t\t\t<\/div>\n\t\t\t\t<\/div>\n\t\t\t\t<\/div>\n\t\t<div class=\"elementor-element elementor-element-71fc00e e-con-full e-flex e-con e-parent\" data-id=\"71fc00e\" data-element_type=\"container\" data-settings=\"{&quot;background_background&quot;:&quot;classic&quot;}\">\n\t\t<div class=\"elementor-element elementor-element-f349c4c e-con-full e-flex e-con e-child\" data-id=\"f349c4c\" data-element_type=\"container\">\n\t\t\t\t<div class=\"elementor-element elementor-element-0f7fef1 elementor-widget elementor-widget-heading\" data-id=\"0f7fef1\" data-element_type=\"widget\" data-widget_type=\"heading.default\">\n\t\t\t\t<div class=\"elementor-widget-container\">\n\t\t\t<h2 class=\"elementor-heading-title elementor-size-default\">Calitatea produsului<\/h2>\t\t<\/div>\n\t\t\t\t<\/div>\n\t\t\t\t<div class=\"elementor-element elementor-element-9b9e846 elementor-widget elementor-widget-text-editor\" data-id=\"9b9e846\" data-element_type=\"widget\" data-widget_type=\"text-editor.default\">\n\t\t\t\t<div class=\"elementor-widget-container\">\n\t\t\t\t\t\t\t\u00cen procesele noastre decizionale, prioritiz\u0103m sustenabilitatea \u0219i satisfac\u021bia clien\u021bilor, acord\u00e2nd prioritate calit\u0103\u021bii produselor, fiabilit\u0103\u021bii \u0219i eficien\u021bei energetice la fel de mult ca \u0219i celorlalte procese de afaceri. Aceast\u0103 abordare consolideaz\u0103 obiectivul nostru de a oferi produse responsabile fa\u021b\u0103 de mediu \u0219i durabile. De asemenea, ne propunem s\u0103 reducem costurile opera\u021bionale \u0219i s\u0103 minimiz\u0103m impactul asupra mediului prin cre\u0219terea eficien\u021bei energetice. \u00cen acest proces, ne men\u021binem angajamentul fa\u021b\u0103 de \u00eembun\u0103t\u0103\u021birea continu\u0103 \u0219i dezvoltarea de solu\u021bii inovatoare, \u00eencuraj\u00e2nd contribu\u021bia \u0219i colaborarea tuturor departamentelor noastre. Acest lucru ne permite s\u0103 stabilim rela\u021bii de afaceri de \u00eencredere \u0219i sustenabile at\u00e2t cu p\u0103r\u021bile interesate interne, c\u00e2t \u0219i cu cele externe.\t\t\t\t\t\t<\/div>\n\t\t\t\t<\/div>\n\t\t\t\t<\/div>\n\t\t<div class=\"elementor-element elementor-element-2b4d462 e-con-full e-flex e-con e-child\" data-id=\"2b4d462\" data-element_type=\"container\">\n\t\t\t\t<div class=\"elementor-element elementor-element-e805df3 elementor-widget elementor-widget-image\" data-id=\"e805df3\" data-element_type=\"widget\" data-widget_type=\"image.default\">\n\t\t\t\t<div class=\"elementor-widget-container\">\n\t\t\t\t\t\t\t\t\t\t\t\t\t<img decoding=\"async\" width=\"950\" height=\"432\" src=\"https:\/\/kurtoglualuminyum.com\/wp-content\/uploads\/2024\/08\/urun-kalitesi-4.png\" class=\"attachment-full size-full wp-image-9380\" alt=\"\" srcset=\"https:\/\/kurtoglualuminyum.com\/wp-content\/uploads\/2024\/08\/urun-kalitesi-4.png 950w, https:\/\/kurtoglualuminyum.com\/wp-content\/uploads\/2024\/08\/urun-kalitesi-4-300x136.png 300w, https:\/\/kurtoglualuminyum.com\/wp-content\/uploads\/2024\/08\/urun-kalitesi-4-768x349.png 768w\" sizes=\"(max-width: 950px) 100vw, 950px\" \/>\t\t\t\t\t\t\t\t\t\t\t\t\t<\/div>\n\t\t\t\t<\/div>\n\t\t\t\t<\/div>\n\t\t\t\t<\/div>\n\t\t<div class=\"elementor-element elementor-element-39af67f e-con-full e-flex e-con e-parent\" data-id=\"39af67f\" data-element_type=\"container\" data-settings=\"{&quot;background_background&quot;:&quot;classic&quot;}\">\n\t\t<div class=\"elementor-element elementor-element-0037b17 e-con-full e-flex e-con e-child\" data-id=\"0037b17\" data-element_type=\"container\" data-settings=\"{&quot;background_background&quot;:&quot;classic&quot;}\">\n\t\t\t\t<div class=\"elementor-element elementor-element-098bda6 elementor-widget elementor-widget-heading\" data-id=\"098bda6\" data-element_type=\"widget\" data-widget_type=\"heading.default\">\n\t\t\t\t<div class=\"elementor-widget-container\">\n\t\t\t<h3 class=\"elementor-heading-title elementor-size-default\">Monitorizare regulat\u0103 \u0219i legi \u0219i reglement\u0103ri\n <\/h3>\t\t<\/div>\n\t\t\t\t<\/div>\n\t\t\t\t<div class=\"elementor-element elementor-element-782cf09 elementor-widget elementor-widget-text-editor\" data-id=\"782cf09\" data-element_type=\"widget\" data-widget_type=\"text-editor.default\">\n\t\t\t\t<div class=\"elementor-widget-container\">\n\t\t\t\t\t\t\tMonitoriz\u0103m intern \u00een mod regulat performan\u021ba noastr\u0103 energetic\u0103 \u0219i preg\u0103tim rapoarte detaliate. Aceste rapoarte ne ajut\u0103 s\u0103 lu\u0103m m\u0103surile necesare pentru a cre\u0219te eficien\u021ba energetic\u0103 \u0219i a atinge obiectivele noastre de sustenabilitate. De asemenea, dezvolt\u0103m planuri strategice pentru a optimiza consumul de energie \u0219i a reduce costurile. Cel pu\u021bin, respect\u0103m pe deplin toate legile, reglement\u0103rile \u0219i standardele relevante. Pentru a asigura aceast\u0103 conformitate, monitoriz\u0103m \u00eendeaproape reglement\u0103rile legale \u0219i standardele industriei, actualizate constant. Politicile \u0219i procesele opera\u021bionale ale companiei noastre sunt concepute pentru a asigura conformitatea cu reglement\u0103rile \u0219i a respecta standardele de calitate. Acest lucru ne permite at\u00e2t s\u0103 ne \u00eendeplinim responsabilit\u0103\u021bile legale, c\u00e2t \u0219i s\u0103 oper\u0103m \u00een conformitate cu standarde \u00eenalte de calitate \u0219i siguran\u021b\u0103.\t\t\t\t\t\t<\/div>\n\t\t\t\t<\/div>\n\t\t\t\t<\/div>\n\t\t<div class=\"elementor-element elementor-element-4939067 e-con-full e-flex e-con e-child\" data-id=\"4939067\" data-element_type=\"container\">\n\t\t\t\t<div class=\"elementor-element elementor-element-5d3094d elementor-widget elementor-widget-image\" data-id=\"5d3094d\" data-element_type=\"widget\" data-widget_type=\"image.default\">\n\t\t\t\t<div class=\"elementor-widget-container\">\n\t\t\t\t\t\t\t\t\t\t\t\t\t<img decoding=\"async\" width=\"950\" height=\"432\" src=\"https:\/\/kurtoglualuminyum.com\/wp-content\/uploads\/2024\/08\/yasa-ve-yonetmelikler.png\" class=\"attachment-full size-full wp-image-9384\" alt=\"\" srcset=\"https:\/\/kurtoglualuminyum.com\/wp-content\/uploads\/2024\/08\/yasa-ve-yonetmelikler.png 950w, https:\/\/kurtoglualuminyum.com\/wp-content\/uploads\/2024\/08\/yasa-ve-yonetmelikler-300x136.png 300w, https:\/\/kurtoglualuminyum.com\/wp-content\/uploads\/2024\/08\/yasa-ve-yonetmelikler-768x349.png 768w\" sizes=\"(max-width: 950px) 100vw, 950px\" \/>\t\t\t\t\t\t\t\t\t\t\t\t\t<\/div>\n\t\t\t\t<\/div>\n\t\t\t\t<\/div>\n\t\t\t\t<\/div>\n\t\t<div class=\"elementor-element elementor-element-3f004fc e-con-full e-flex e-con e-parent\" data-id=\"3f004fc\" data-element_type=\"container\" data-settings=\"{&quot;background_background&quot;:&quot;classic&quot;}\">\n\t\t<div class=\"elementor-element elementor-element-178157f e-con-full e-flex e-con e-child\" data-id=\"178157f\" data-element_type=\"container\">\n\t\t\t\t<div class=\"elementor-element elementor-element-3565456 elementor-widget elementor-widget-heading\" data-id=\"3565456\" data-element_type=\"widget\" data-widget_type=\"heading.default\">\n\t\t\t\t<div class=\"elementor-widget-container\">\n\t\t\t<h3 class=\"elementor-heading-title elementor-size-default\">\u00cembun\u0103t\u0103\u021bire continu\u0103<\/h3>\t\t<\/div>\n\t\t\t\t<\/div>\n\t\t\t\t<div class=\"elementor-element elementor-element-88718a5 elementor-widget elementor-widget-text-editor\" data-id=\"88718a5\" data-element_type=\"widget\" data-widget_type=\"text-editor.default\">\n\t\t\t\t<div class=\"elementor-widget-container\">\n\t\t\t\t\t\t\tNe str\u0103duim s\u0103 \u00eembun\u0103t\u0103\u021bim continuu performan\u021ba energetic\u0103 \u0219i sistemul de management al energiei f\u0103r\u0103 a compromite calitatea. \u00cen acest scop, stabilim obiective \u0219i \u021binte specifice aliniate cu politicile noastre \u0219i le monitoriz\u0103m folosind diverse metode de m\u0103surare \u0219i evaluare. Dezvolt\u0103m planuri strategice pentru a cre\u0219te eficien\u021ba energetic\u0103 \u0219i a atinge obiectivele noastre de sustenabilitate. Pentru a sus\u021bine aceast\u0103 politic\u0103, oferim angaja\u021bilor no\u0219tri informa\u021biile \u0219i instruirea necesare \u0219i le oferim resursele necesare. Revizuim periodic sistemele noastre de management \u0219i procesele opera\u021bionale \u0219i lu\u0103m toate m\u0103surile necesare pentru a asigura utilizarea eficient\u0103 \u0219i eficace a energiei.\t\t\t\t\t\t<\/div>\n\t\t\t\t<\/div>\n\t\t\t\t<\/div>\n\t\t<div class=\"elementor-element elementor-element-92667d4 e-con-full e-flex e-con e-child\" data-id=\"92667d4\" data-element_type=\"container\">\n\t\t\t\t<div class=\"elementor-element elementor-element-ed93aa2 elementor-widget elementor-widget-image\" data-id=\"ed93aa2\" data-element_type=\"widget\" data-widget_type=\"image.default\">\n\t\t\t\t<div class=\"elementor-widget-container\">\n\t\t\t\t\t\t\t\t\t\t\t\t\t<img loading=\"lazy\" decoding=\"async\" width=\"950\" height=\"432\" src=\"https:\/\/kurtoglualuminyum.com\/wp-content\/uploads\/2024\/08\/surekli-gelisim.png\" class=\"attachment-full size-full wp-image-9388\" alt=\"\" srcset=\"https:\/\/kurtoglualuminyum.com\/wp-content\/uploads\/2024\/08\/surekli-gelisim.png 950w, https:\/\/kurtoglualuminyum.com\/wp-content\/uploads\/2024\/08\/surekli-gelisim-300x136.png 300w, https:\/\/kurtoglualuminyum.com\/wp-content\/uploads\/2024\/08\/surekli-gelisim-768x349.png 768w\" sizes=\"(max-width: 950px) 100vw, 950px\" \/>\t\t\t\t\t\t\t\t\t\t\t\t\t<\/div>\n\t\t\t\t<\/div>\n\t\t\t\t<\/div>\n\t\t\t\t<\/div>\n\t\t<div class=\"elementor-element elementor-element-93b6dc5 e-con-full e-flex e-con e-parent\" data-id=\"93b6dc5\" data-element_type=\"container\" data-settings=\"{&quot;background_background&quot;:&quot;classic&quot;}\">\n\t\t<div class=\"elementor-element elementor-element-e58ad64 e-con-full e-flex e-con e-child\" data-id=\"e58ad64\" data-element_type=\"container\">\n\t\t\t\t<div class=\"elementor-element elementor-element-9240efa elementor-widget elementor-widget-heading\" data-id=\"9240efa\" data-element_type=\"widget\" data-widget_type=\"heading.default\">\n\t\t\t\t<div class=\"elementor-widget-container\">\n\t\t\t<h3 class=\"elementor-heading-title elementor-size-default\">Satisfac\u021bia clien\u021bilor<\/h3>\t\t<\/div>\n\t\t\t\t<\/div>\n\t\t\t\t<div class=\"elementor-element elementor-element-9c614f5 elementor-widget elementor-widget-text-editor\" data-id=\"9c614f5\" data-element_type=\"widget\" data-widget_type=\"text-editor.default\">\n\t\t\t\t<div class=\"elementor-widget-container\">\n\t\t\t\t\t\t\tPrioritiz\u0103m satisfac\u021bia continu\u0103 a clien\u021bilor no\u0219tri, motivul existen\u021bei organiza\u021biei noastre, le determin\u0103m nevoile \u0219i a\u0219tept\u0103rile \u0219i ne str\u0103duim s\u0103 oferim mai mult.\t\t\t\t\t\t<\/div>\n\t\t\t\t<\/div>\n\t\t\t\t<div class=\"elementor-element elementor-element-f7ecdf6 elementor-widget elementor-widget-heading\" data-id=\"f7ecdf6\" data-element_type=\"widget\" data-widget_type=\"heading.default\">\n\t\t\t\t<div class=\"elementor-widget-container\">\n\t\t\t<h4 class=\"elementor-heading-title elementor-size-default\">Educa\u021bie \u0219i spirit de echip\u0103<\/h4>\t\t<\/div>\n\t\t\t\t<\/div>\n\t\t\t\t<div class=\"elementor-element elementor-element-14487cf elementor-widget elementor-widget-text-editor\" data-id=\"14487cf\" data-element_type=\"widget\" data-widget_type=\"text-editor.default\">\n\t\t\t\t<div class=\"elementor-widget-container\">\n\t\t\t\t\t\t\t\u00cen organiza\u021bia noastr\u0103, consider\u0103m dezvoltarea angaja\u021bilor ca un factor cheie al \u00eembun\u0103t\u0103\u021birii calit\u0103\u021bii \u0219i o implement\u0103m. Prin furnizarea de instruire de care au nevoie angaja\u021bii, sporindu-le motiva\u021bia \u0219i con\u0219tientizarea, asigur\u0103m utilizarea cea mai eficient\u0103 a resurselor naturale cu un minim de risip\u0103. Cre\u0103m mediul, condi\u021biile \u0219i resursele adecvate pentru a promova \u0219i sus\u021bine o cultur\u0103 a muncii eficient\u0103 din punct de vedere energetic.\n\n\t\t\t\t\t\t<\/div>\n\t\t\t\t<\/div>\n\t\t\t\t<\/div>\n\t\t<div class=\"elementor-element elementor-element-e0211dd e-con-full e-flex e-con e-child\" data-id=\"e0211dd\" data-element_type=\"container\">\n\t\t\t\t<div class=\"elementor-element elementor-element-c3930b7 elementor-widget elementor-widget-image\" data-id=\"c3930b7\" data-element_type=\"widget\" data-widget_type=\"image.default\">\n\t\t\t\t<div class=\"elementor-widget-container\">\n\t\t\t\t\t\t\t\t\t\t\t\t\t<img loading=\"lazy\" decoding=\"async\" width=\"950\" height=\"432\" src=\"https:\/\/kurtoglualuminyum.com\/wp-content\/uploads\/2024\/08\/musteri-memnuniyeti.png\" class=\"attachment-full size-full wp-image-9383\" alt=\"\" srcset=\"https:\/\/kurtoglualuminyum.com\/wp-content\/uploads\/2024\/08\/musteri-memnuniyeti.png 950w, https:\/\/kurtoglualuminyum.com\/wp-content\/uploads\/2024\/08\/musteri-memnuniyeti-300x136.png 300w, https:\/\/kurtoglualuminyum.com\/wp-content\/uploads\/2024\/08\/musteri-memnuniyeti-768x349.png 768w\" sizes=\"(max-width: 950px) 100vw, 950px\" \/>\t\t\t\t\t\t\t\t\t\t\t\t\t<\/div>\n\t\t\t\t<\/div>\n\t\t\t\t<\/div>\n\t\t\t\t<\/div>\n\t\t\t\t<\/div>","protected":false},"excerpt":{"rendered":"<p>Kurto\u011flu Aluminyum Enerji ve Kalite Politikas\u0131 Firma y\u00f6netimi; kurulu\u015fun ama\u00e7 ve ba\u011flam\u0131na uygun ve stratejik istikametini destekleyen enerji ve kalite ama\u00e7lar\u0131 i\u00e7in bir \u00e7er\u00e7eve sa\u011flayan, uygulanabilir \u015fartlar\u0131 yerine getirme i\u00e7in bir taahh\u00fct i\u00e7eren ve s\u00fcrekli iyile\u015ftirme taahh\u00fcd\u00fcn\u00fc de ifade eden enerji ve kalite politikas\u0131 olu\u015fturmu\u015ftur. Firmam\u0131z\u0131n enerji ve kalite politikas\u0131; \u00fcr\u00fcn kalitesi, teknoloji takibi, m\u00fc\u015fteri [&hellip;]<\/p>","protected":false},"author":1,"featured_media":0,"parent":0,"menu_order":0,"comment_status":"closed","ping_status":"closed","template":"elementor_header_footer","meta":{"footnotes":""},"class_list":["post-69","page","type-page","status-publish","hentry"],"_links":{"self":[{"href":"https:\/\/kurtoglualuminyum.com\/ro\/wp-json\/wp\/v2\/pages\/69","targetHints":{"allow":["GET"]}}],"collection":[{"href":"https:\/\/kurtoglualuminyum.com\/ro\/wp-json\/wp\/v2\/pages"}],"about":[{"href":"https:\/\/kurtoglualuminyum.com\/ro\/wp-json\/wp\/v2\/types\/page"}],"author":[{"embeddable":true,"href":"https:\/\/kurtoglualuminyum.com\/ro\/wp-json\/wp\/v2\/users\/1"}],"replies":[{"embeddable":true,"href":"https:\/\/kurtoglualuminyum.com\/ro\/wp-json\/wp\/v2\/comments?post=69"}],"version-history":[{"count":0,"href":"https:\/\/kurtoglualuminyum.com\/ro\/wp-json\/wp\/v2\/pages\/69\/revisions"}],"wp:attachment":[{"href":"https:\/\/kurtoglualuminyum.com\/ro\/wp-json\/wp\/v2\/media?parent=69"}],"curies":[{"name":"wp","href":"https:\/\/api.w.org\/{rel}","templated":true}]}}