{"id":10353,"date":"2024-08-12T11:55:51","date_gmt":"2024-08-12T08:55:51","guid":{"rendered":"https:\/\/kurtoglualuminyum.com\/?page_id=10353"},"modified":"2024-08-12T17:02:36","modified_gmt":"2024-08-12T14:02:36","slug":"proje-destek-formu","status":"publish","type":"page","link":"https:\/\/kurtoglualuminyum.com\/tr\/proje-destek-formu\/","title":{"rendered":"Proje Destek Formu"},"content":{"rendered":"\t\t<div data-elementor-type=\"wp-page\" data-elementor-id=\"10353\" class=\"elementor elementor-10353\">\n\t\t\t\t<div class=\"elementor-element elementor-element-53434fb e-flex e-con-boxed e-con e-parent\" data-id=\"53434fb\" data-element_type=\"container\">\n\t\t\t\t\t<div class=\"e-con-inner\">\n\t\t<style>\r\n    \r\n .alt-menu {\r\n    display: none;\r\n    opacity: 0;\r\n    max-height: 0;\r\n    overflow: hidden;\r\n\r\n    background-color: #f1f1f1;\r\n    border-left: 2px solid #ccc;\r\n    margin-left: 30px;\r\n    position: relative;\r\n    z-index: 1;\r\n}\r\n\r\n.item {\r\n    cursor: pointer;\r\n    position: relative;\r\n}\r\n<\/style>\r\n\t\t<div class=\"elementor-element elementor-element-84a5b9f elementor-widget elementor-widget-shortcode\" data-id=\"84a5b9f\" data-element_type=\"widget\" data-widget_type=\"shortcode.default\">\n\t\t\t\t<div class=\"elementor-widget-container\">\n\t\t\t\t\t<div class=\"elementor-shortcode\">\n<div class=\"wpcf7 no-js\" id=\"wpcf7-f7-o1\" lang=\"tr-TR\" dir=\"ltr\" data-wpcf7-id=\"7\">\n<div class=\"screen-reader-response\"><p role=\"status\" aria-live=\"polite\" aria-atomic=\"true\"><\/p> <ul><\/ul><\/div>\n<form action=\"\/tr\/wp-json\/wp\/v2\/pages\/10353#wpcf7-f7-o1\" method=\"post\" class=\"wpcf7-form init\" aria-label=\"\u0130leti\u015fim Formu\" novalidate=\"novalidate\" data-status=\"init\">\n<fieldset class=\"hidden-fields-container\"><input type=\"hidden\" name=\"_wpcf7\" value=\"7\" \/><input type=\"hidden\" name=\"_wpcf7_version\" value=\"6.1.5\" \/><input type=\"hidden\" name=\"_wpcf7_locale\" value=\"tr_TR\" \/><input type=\"hidden\" name=\"_wpcf7_unit_tag\" value=\"wpcf7-f7-o1\" \/><input type=\"hidden\" name=\"_wpcf7_container_post\" value=\"0\" \/><input type=\"hidden\" name=\"_wpcf7_posted_data_hash\" value=\"\" \/>\n<\/fieldset>\n<div class=\"ova-wpcf7 ova-contact-page\">\n\t<h1 style=\"text-align:center\">Proje Destek Formu\n\t<\/h1>\n\t<div class=\"ova-div\">\n\t\t<div class=\"ova-text\">\n\t\t\t<p><label for=\"firma-ad\">Firma Ad\u0131:<\/label><br \/>\n<span class=\"wpcf7-form-control-wrap\" data-name=\"your-firma\"><input size=\"40\" maxlength=\"400\" class=\"wpcf7-form-control wpcf7-text wpcf7-validates-as-required name\" aria-required=\"true\" aria-invalid=\"false\" placeholder=\"Firma Ad\u0131\" value=\"\" type=\"text\" name=\"your-firma\" \/><\/span>\n\t\t\t<\/p>\n\t\t<\/div>\n\t\t<div class=\"ova-text\">\n\t\t\t<p><label for=\"ilgili-kisi\">\u0130lgili Ki\u015fi:<\/label><br \/>\n<span class=\"wpcf7-form-control-wrap\" data-name=\"your-ilgili\"><input size=\"40\" maxlength=\"400\" class=\"wpcf7-form-control wpcf7-text wpcf7-validates-as-required name\" aria-required=\"true\" aria-invalid=\"false\" placeholder=\"\u0130lgili Ki\u015fi\" value=\"\" type=\"text\" name=\"your-ilgili\" \/><\/span>\n\t\t\t<\/p>\n\t\t<\/div>\n\t\t<div class=\"ova-text\">\n\t\t\t<p><label for=\"adres\">Adres:<\/label><br \/>\n<span class=\"wpcf7-form-control-wrap\" data-name=\"your-adres\"><input size=\"40\" maxlength=\"400\" class=\"wpcf7-form-control wpcf7-text wpcf7-validates-as-required name\" aria-required=\"true\" aria-invalid=\"false\" placeholder=\"Adres\" value=\"\" type=\"text\" name=\"your-adres\" \/><\/span>\n\t\t\t<\/p>\n\t\t<\/div>\n\t\t<div class=\"ova-text\">\n\t\t\t<p><label for=\"tel\">Tel:<\/label><br \/>\n<span class=\"wpcf7-form-control-wrap\" data-name=\"your-tel\"><input size=\"40\" maxlength=\"400\" class=\"wpcf7-form-control wpcf7-tel wpcf7-validates-as-required wpcf7-text wpcf7-validates-as-tel name\" aria-required=\"true\" aria-invalid=\"false\" placeholder=\"Tel\" value=\"\" type=\"tel\" name=\"your-tel\" \/><\/span>\n\t\t\t<\/p>\n\t\t<\/div>\n\t\t<div class=\"ova-text\">\n\t\t\t<p><label for=\"faks\">Faks:<\/label><br \/>\n<span class=\"wpcf7-form-control-wrap\" data-name=\"your-faks\"><input size=\"40\" maxlength=\"400\" class=\"wpcf7-form-control wpcf7-text name\" aria-invalid=\"false\" placeholder=\"Faks\" value=\"\" type=\"text\" name=\"your-faks\" \/><\/span>\n\t\t\t<\/p>\n\t\t<\/div>\n\t\t<div class=\"ova-email\">\n\t\t\t<p><label for=\"email\">E-mail:<\/label><br \/>\n<span class=\"wpcf7-form-control-wrap\" data-name=\"your-email\"><input size=\"40\" maxlength=\"400\" class=\"wpcf7-form-control wpcf7-email wpcf7-validates-as-required wpcf7-text wpcf7-validates-as-email email\" aria-required=\"true\" aria-invalid=\"false\" placeholder=\"E-Posta Adresiniz\" value=\"\" type=\"email\" name=\"your-email\" \/><\/span>\n\t\t\t<\/p>\n\t\t<\/div>\n\t<\/div>\n\t<h3  style=\"text-align:center\">Proje Bilgileri\n\t<\/h3>\n\t<div class=\"ova-div\">\n\t\t<div class=\"ova-text\">\n\t\t\t<p><label for=\"proje-ad\">Proje Ad\u0131:<\/label><br \/>\n<span class=\"wpcf7-form-control-wrap\" data-name=\"your-proje\"><input size=\"40\" maxlength=\"400\" class=\"wpcf7-form-control wpcf7-text wpcf7-validates-as-required name\" aria-required=\"true\" aria-invalid=\"false\" placeholder=\"Proje Ad\u0131\" value=\"\" type=\"text\" name=\"your-proje\" \/><\/span>\n\t\t\t<\/p>\n\t\t<\/div>\n\t\t<div class=\"ova-text\">\n\t\t\t<p><label for=\"proje-yeri\">Proje Yeri:<\/label><br \/>\n<span class=\"wpcf7-form-control-wrap\" data-name=\"your-proje-yeri\"><input size=\"40\" maxlength=\"400\" class=\"wpcf7-form-control wpcf7-text wpcf7-validates-as-required name\" aria-required=\"true\" aria-invalid=\"false\" placeholder=\"Proje Yeri\" value=\"\" type=\"text\" name=\"your-proje-yeri\" \/><\/span>\n\t\t\t<\/p>\n\t\t<\/div>\n\t\t<div style=\"width:100%\" class=\"ova-textarea\">\n\t\t\t<p><label for=\"proje-aciklama\">Proje \u0130lgili A\u00e7\u0131klama:<\/label><br \/>\n<span class=\"wpcf7-form-control-wrap\" data-name=\"your-message\"><textarea cols=\"40\" rows=\"10\" maxlength=\"2000\" class=\"wpcf7-form-control wpcf7-textarea comment\" aria-invalid=\"false\" placeholder=\"Proje \u0130lgili A\u00e7\u0131klama\" name=\"your-message\"><\/textarea><\/span>\n\t\t\t<\/p>\n\t\t<\/div>\n\t<\/div>\n\t<h3  style=\"text-align:center\">Sistem Bilgileri\n\t<\/h3>\n\t<div class=\"ova-div\">\n\t\t<div class=\"ova-text\">\n\t\t\t<p><label for=\"sistem\">Kullan\u0131lacak Sistemler:<\/label><br \/>\n<span class=\"wpcf7-form-control-wrap\" data-name=\"your-sistem\"><input size=\"40\" maxlength=\"400\" class=\"wpcf7-form-control wpcf7-text wpcf7-validates-as-required name\" aria-required=\"true\" aria-invalid=\"false\" placeholder=\"Kullan\u0131lacak Sistemler\" value=\"\" type=\"text\" name=\"your-sistem\" \/><\/span>\n\t\t\t<\/p>\n\t\t<\/div>\n\t\t<div class=\"ova-text\">\n\t\t\t<p><label for=\"profil\">Profil Bilgileri:<\/label><br \/>\n<span class=\"wpcf7-form-control-wrap\" data-name=\"your-profil\"><input size=\"40\" maxlength=\"400\" class=\"wpcf7-form-control wpcf7-text wpcf7-validates-as-required name\" aria-required=\"true\" aria-invalid=\"false\" placeholder=\"Profil Bilgileri\" value=\"\" type=\"text\" name=\"your-profil\" \/><\/span>\n\t\t\t<\/p>\n\t\t<\/div>\n\t\t<div class=\"ova-text\">\n\t\t\t<p><label for=\"rengi\">Profil Rengi:<\/label><br \/>\n<span class=\"wpcf7-form-control-wrap\" data-name=\"your-rengi\"><input size=\"40\" maxlength=\"400\" class=\"wpcf7-form-control wpcf7-text wpcf7-validates-as-required name\" aria-required=\"true\" aria-invalid=\"false\" placeholder=\"Profil Rengi\" value=\"\" type=\"text\" name=\"your-rengi\" \/><\/span>\n\t\t\t<\/p>\n\t\t<\/div>\n\t\t<div class=\"ova-text\">\n\t\t\t<p><label for=\"aksesuar\">Aksesuar Bilgileri:<\/label><br \/>\n<span class=\"wpcf7-form-control-wrap\" data-name=\"your-aksesuar\"><input size=\"40\" maxlength=\"400\" class=\"wpcf7-form-control wpcf7-text wpcf7-validates-as-required name\" aria-required=\"true\" aria-invalid=\"false\" placeholder=\"Aksesuar Bilgileri\" value=\"\" type=\"text\" name=\"your-aksesuar\" \/><\/span>\n\t\t\t<\/p>\n\t\t<\/div>\n\t\t<div class=\"ova-text\">\n\t\t\t<p><label for=\"cam\">Cam Kombinasyonlar\u0131:<\/label><br \/>\n<span class=\"wpcf7-form-control-wrap\" data-name=\"your-cam\"><input size=\"40\" maxlength=\"400\" class=\"wpcf7-form-control wpcf7-text wpcf7-validates-as-required name\" aria-required=\"true\" aria-invalid=\"false\" placeholder=\"Cam Kombinasyonlar\u0131\" value=\"\" type=\"text\" name=\"your-cam\" \/><\/span>\n\t\t\t<\/p>\n\t\t<\/div>\n\t\t<div class=\"ova-text\">\n\t\t\t<p><label for=\"baglanti\">Ba\u011flant\u0131 Tipi:<\/label><br \/>\n<span class=\"wpcf7-form-control-wrap\" data-name=\"your-baglanti\"><select class=\"wpcf7-form-control wpcf7-select name\" aria-invalid=\"false\" name=\"your-baglanti\"><option value=\"Kesilmi\u015f k\u00f6\u015fe takozu\">Kesilmi\u015f k\u00f6\u015fe takozu<\/option><option value=\"Boy k\u00f6\u015fe takozu (pres.mak.gerektirir)\">Boy k\u00f6\u015fe takozu (pres.mak.gerektirir)<\/option><option value=\"Pimli ba\u011flant\u0131(Punch makinas\u0131 gerektirir)\">Pimli ba\u011flant\u0131(Punch makinas\u0131 gerektirir)<\/option><\/select><\/span>\n\t\t\t<\/p>\n\t\t<\/div>\n\t<\/div>\n\t<h3  style=\"text-align:center\">Talep Edilenler\n\t<\/h3>\n\t<div class=\"ova-div\">\n\t<input class=\"wpcf7-form-control wpcf7-hidden\" id=\"user-country\" value=\"\" type=\"hidden\" name=\"user-country\" \/>\n\t\t<div class=\"ova-text\">\n\t\t\t<p><label for=\"analizler\">Analizler:<\/label><br \/>\n<span class=\"wpcf7-form-control-wrap\" data-name=\"your-analiz\"><select class=\"wpcf7-form-control wpcf7-select name\" aria-invalid=\"false\" name=\"your-analiz\"><option value=\"Evet\">Evet<\/option><option value=\"Hay\u0131r\">Hay\u0131r<\/option><\/select><\/span>\n\t\t\t<\/p>\n\t\t<\/div>\n\t\t<div class=\"ova-text\">\n\t\t\t<p><label for=\"detay\">Sistem Detay:<\/label><br \/>\n<span class=\"wpcf7-form-control-wrap\" data-name=\"your-detay\"><select class=\"wpcf7-form-control wpcf7-select name\" aria-invalid=\"false\" name=\"your-detay\"><option value=\"Evet\">Evet<\/option><option value=\"Hay\u0131r\">Hay\u0131r<\/option><\/select><\/span>\n\t\t\t<\/p>\n\t\t<\/div>\n\t<\/div>\n\t<div class=\"ova-submit ova-contact-submit\">\n\t\t<p><span class=\"wpcf7-form-control-wrap\" data-name=\"hcap-cf7\">\t\t<input\n\t\t\t\ttype=\"hidden\"\n\t\t\t\tclass=\"hcaptcha-widget-id\"\n\t\t\t\tname=\"hcaptcha-widget-id\"\n\t\t\t\tvalue=\"eyJzb3VyY2UiOlsiY29udGFjdC1mb3JtLTdcL3dwLWNvbnRhY3QtZm9ybS03LnBocCJdLCJmb3JtX2lkIjo2fQ==-9a22e43b34482dd3b91c739cdbbda9aa\">\n\t\t\t\t<span id=\"hcap_cf7-69f40f54c215c7.94924449\" class=\"wpcf7-form-control h-captcha \"\n\t\t\tdata-sitekey=\"2844963e-d3e5-4439-ae8e-c326baed8273\"\n\t\t\tdata-theme=\"light\"\n\t\t\tdata-size=\"normal\"\n\t\t\tdata-auto=\"false\"\n\t\t\tdata-ajax=\"false\"\n\t\t\tdata-force=\"false\">\n\t\t<\/span>\n\t\t<input type=\"hidden\" id=\"_wpnonce\" name=\"_wpnonce\" value=\"6e2148a2fb\" \/><input type=\"hidden\" name=\"_wp_http_referer\" value=\"\/tr\/wp-json\/wp\/v2\/pages\/10353\" \/><\/span><button type=\"submit\" class=\"wpcf7-form-control has-spinner wpcf7-submit\"><span>G\u00f6nder<\/span><\/button>\n\t\t<\/p>\n\t<\/div>\n\t<p>Sistem detay\u0131 benzer do\u011framalar\u0131 ifade eden tek bir do\u011frama i\u00e7in yap\u0131l\u0131r\n\t<\/p>\n<\/div><p style=\"display: none !important;\" class=\"akismet-fields-container\" data-prefix=\"_wpcf7_ak_\"><label>&#916;<textarea name=\"_wpcf7_ak_hp_textarea\" cols=\"45\" rows=\"8\" maxlength=\"100\"><\/textarea><\/label><input type=\"hidden\" id=\"ak_js_1\" name=\"_wpcf7_ak_js\" value=\"118\"\/><script>document.getElementById( \"ak_js_1\" ).setAttribute( \"value\", ( new Date() ).getTime() );<\/script><\/p><div class=\"wpcf7-response-output\" aria-hidden=\"true\"><\/div>\n<\/form>\n<\/div>\n<\/div>\n\t\t\t\t<\/div>\n\t\t\t\t<\/div>\n\t\t\t\t\t<\/div>\n\t\t\t\t<\/div>\n\t\t\t\t<\/div>\n\t\t","protected":false},"excerpt":{"rendered":"","protected":false},"author":1,"featured_media":0,"parent":0,"menu_order":0,"comment_status":"closed","ping_status":"closed","template":"","meta":{"footnotes":""},"class_list":["post-10353","page","type-page","status-publish","hentry"],"_links":{"self":[{"href":"https:\/\/kurtoglualuminyum.com\/tr\/wp-json\/wp\/v2\/pages\/10353","targetHints":{"allow":["GET"]}}],"collection":[{"href":"https:\/\/kurtoglualuminyum.com\/tr\/wp-json\/wp\/v2\/pages"}],"about":[{"href":"https:\/\/kurtoglualuminyum.com\/tr\/wp-json\/wp\/v2\/types\/page"}],"author":[{"embeddable":true,"href":"https:\/\/kurtoglualuminyum.com\/tr\/wp-json\/wp\/v2\/users\/1"}],"replies":[{"embeddable":true,"href":"https:\/\/kurtoglualuminyum.com\/tr\/wp-json\/wp\/v2\/comments?post=10353"}],"version-history":[{"count":0,"href":"https:\/\/kurtoglualuminyum.com\/tr\/wp-json\/wp\/v2\/pages\/10353\/revisions"}],"wp:attachment":[{"href":"https:\/\/kurtoglualuminyum.com\/tr\/wp-json\/wp\/v2\/media?parent=10353"}],"curies":[{"name":"wp","href":"https:\/\/api.w.org\/{rel}","templated":true}]}}