{"id":1946,"date":"2022-09-15T09:29:25","date_gmt":"2022-09-15T09:29:25","guid":{"rendered":"https:\/\/kurtoglualuminyum.com\/?page_id=1946"},"modified":"2025-07-31T09:52:45","modified_gmt":"2025-07-31T06:52:45","slug":"insan-kaynaklari","status":"publish","type":"page","link":"https:\/\/kurtoglualuminyum.com\/tr\/insan-kaynaklari\/","title":{"rendered":"\u0130nsan Kaynaklar\u0131"},"content":{"rendered":"\t\t<div data-elementor-type=\"wp-page\" data-elementor-id=\"1946\" class=\"elementor elementor-1946\">\n\t\t\t\t<div class=\"elementor-element elementor-element-7c22570 e-con-full e-flex e-con e-parent\" data-id=\"7c22570\" data-element_type=\"container\" data-settings=\"{&quot;background_background&quot;:&quot;classic&quot;}\">\n\t\t<div class=\"elementor-element elementor-element-1528abd e-con-full e-flex e-con e-child\" data-id=\"1528abd\" data-element_type=\"container\" data-settings=\"{&quot;background_background&quot;:&quot;classic&quot;}\">\n\t\t<style>\r\n    \r\n .alt-menu {\r\n    display: none;\r\n    opacity: 0;\r\n    max-height: 0;\r\n    overflow: hidden;\r\n\r\n    background-color: #f1f1f1;\r\n    border-left: 2px solid #ccc;\r\n    margin-left: 30px;\r\n    position: relative;\r\n    z-index: 1;\r\n}\r\n\r\n.item {\r\n    cursor: pointer;\r\n    position: relative;\r\n}\r\n<\/style>\r\n\t\t<div class=\"elementor-element elementor-element-df09936 elementor-widget elementor-widget-heading\" data-id=\"df09936\" data-element_type=\"widget\" data-widget_type=\"heading.default\">\n\t\t\t\t<div class=\"elementor-widget-container\">\n\t\t\t<style>\/*! elementor - v3.21.0 - 26-05-2024 *\/\n.elementor-heading-title{padding:0;margin:0;line-height:1}.elementor-widget-heading .elementor-heading-title[class*=elementor-size-]>a{color:inherit;font-size:inherit;line-height:inherit}.elementor-widget-heading .elementor-heading-title.elementor-size-small{font-size:15px}.elementor-widget-heading .elementor-heading-title.elementor-size-medium{font-size:19px}.elementor-widget-heading .elementor-heading-title.elementor-size-large{font-size:29px}.elementor-widget-heading .elementor-heading-title.elementor-size-xl{font-size:39px}.elementor-widget-heading .elementor-heading-title.elementor-size-xxl{font-size:59px}<\/style><h4 class=\"elementor-heading-title elementor-size-default\">Kurto\u011flu Aluminyum<\/h4>\t\t<\/div>\n\t\t\t\t<\/div>\n\t\t\t\t<div class=\"elementor-element elementor-element-6620ff5 elementor-widget elementor-widget-heading\" data-id=\"6620ff5\" data-element_type=\"widget\" data-widget_type=\"heading.default\">\n\t\t\t\t<div class=\"elementor-widget-container\">\n\t\t\t<h1 class=\"elementor-heading-title elementor-size-default\">\u0130nsan Kaynaklar\u0131<\/h1>\t\t<\/div>\n\t\t\t\t<\/div>\n\t\t\t\t<div class=\"elementor-element elementor-element-c909b8e elementor-widget elementor-widget-text-editor\" data-id=\"c909b8e\" data-element_type=\"widget\" data-widget_type=\"text-editor.default\">\n\t\t\t\t<div class=\"elementor-widget-container\">\n\t\t\t<style>\/*! elementor - v3.21.0 - 26-05-2024 *\/\n.elementor-widget-text-editor.elementor-drop-cap-view-stacked .elementor-drop-cap{background-color:#69727d;color:#fff}.elementor-widget-text-editor.elementor-drop-cap-view-framed .elementor-drop-cap{color:#69727d;border:3px solid;background-color:transparent}.elementor-widget-text-editor:not(.elementor-drop-cap-view-default) .elementor-drop-cap{margin-top:8px}.elementor-widget-text-editor:not(.elementor-drop-cap-view-default) .elementor-drop-cap-letter{width:1em;height:1em}.elementor-widget-text-editor .elementor-drop-cap{float:left;text-align:center;line-height:1;font-size:50px}.elementor-widget-text-editor .elementor-drop-cap-letter{display:inline-block}<\/style>\t\t\t\t<p>Bir \u015firketin en de\u011ferli varl\u0131\u011f\u0131, ku\u015fkusuz ki \u00e7al\u0131\u015fanlar\u0131d\u0131r. Onlar\u0131n bilgi birikimi, tecr\u00fcbesi ve i\u015f s\u00fcre\u00e7lerine katt\u0131\u011f\u0131 de\u011ferin yan\u0131 s\u0131ra, g\u00f6r\u00fc\u015f ve \u00f6nerileri de \u015firketin b\u00fcy\u00fcmesi ve geli\u015fmesi i\u00e7in kritik \u00f6neme sahiptir. \u0130\u015fte tam bu noktada, \u00e7al\u0131\u015fanlar\u0131n g\u00f6r\u00fc\u015f ve \u00f6nerilerini dinlemek, onlar\u0131 de\u011ferlendirmek ve bu fikirleri \u015firket ba\u015far\u0131s\u0131na d\u00f6n\u00fc\u015ft\u00fcrmek, stratejik bir ad\u0131m olarak kar\u015f\u0131m\u0131za \u00e7\u0131k\u0131yor. Bu ad\u0131m\u0131 ba\u015far\u0131yla atmak ise, \u0130nsan Kaynaklar\u0131 (\u0130K) y\u00f6netiminin do\u011fru strateji ve motivasyon ara\u00e7lar\u0131yla m\u00fcmk\u00fcnd\u00fcr.<\/p><p>\u0130K y\u00f6netimi, \u00e7al\u0131\u015fanlar\u0131n g\u00f6r\u00fc\u015flerini ve \u00f6nerilerini toplamak, analiz etmek ve bu fikirleri hayata ge\u00e7irmek i\u00e7in kritik bir rol \u00fcstlenir. \u00c7al\u0131\u015fanlar, i\u015f s\u00fcre\u00e7lerinde kar\u015f\u0131la\u015ft\u0131klar\u0131 zorluklar, iyile\u015ftirme f\u0131rsatlar\u0131 ve yenilik\u00e7i fikirlerle ilgili geri bildirimde bulunma f\u0131rsat\u0131na sahip oldu\u011funda, \u015firketin performans\u0131 do\u011frudan olumlu y\u00f6nde etkilenir. Bu geri bildirimlerin etkili bir \u015fekilde de\u011ferlendirilmesi ve stratejik kararlara d\u00f6n\u00fc\u015ft\u00fcr\u00fclmesi, \u015firketin ba\u015far\u0131s\u0131 i\u00e7in \u00f6nemli bir kald\u0131ra\u00e7 g\u00f6revi g\u00f6r\u00fcr.<\/p>\t\t\t\t\t\t<\/div>\n\t\t\t\t<\/div>\n\t\t\t\t<\/div>\n\t\t<div class=\"elementor-element elementor-element-b2a58a3 e-con-full e-flex e-con e-child\" data-id=\"b2a58a3\" data-element_type=\"container\">\n\t\t\t\t<div class=\"elementor-element elementor-element-485ee46 elementor-widget elementor-widget-image\" data-id=\"485ee46\" data-element_type=\"widget\" data-widget_type=\"image.default\">\n\t\t\t\t<div class=\"elementor-widget-container\">\n\t\t\t<style>\/*! elementor - v3.21.0 - 26-05-2024 *\/\n.elementor-widget-image{text-align:center}.elementor-widget-image a{display:inline-block}.elementor-widget-image a img[src$=\".svg\"]{width:48px}.elementor-widget-image img{vertical-align:middle;display:inline-block}<\/style>\t\t\t\t\t\t\t\t\t\t<img fetchpriority=\"high\" decoding=\"async\" width=\"2560\" height=\"1280\" src=\"https:\/\/kurtoglualuminyum.com\/wp-content\/uploads\/2024\/08\/insan-kaynaklari-scaled.jpg\" class=\"attachment-full size-full wp-image-9601\" alt=\"\" srcset=\"https:\/\/kurtoglualuminyum.com\/wp-content\/uploads\/2024\/08\/insan-kaynaklari-scaled.jpg 2560w, https:\/\/kurtoglualuminyum.com\/wp-content\/uploads\/2024\/08\/insan-kaynaklari-300x150.jpg 300w, https:\/\/kurtoglualuminyum.com\/wp-content\/uploads\/2024\/08\/insan-kaynaklari-1024x512.jpg 1024w, https:\/\/kurtoglualuminyum.com\/wp-content\/uploads\/2024\/08\/insan-kaynaklari-768x384.jpg 768w, https:\/\/kurtoglualuminyum.com\/wp-content\/uploads\/2024\/08\/insan-kaynaklari-1536x768.jpg 1536w, https:\/\/kurtoglualuminyum.com\/wp-content\/uploads\/2024\/08\/insan-kaynaklari-2048x1024.jpg 2048w\" sizes=\"(max-width: 2560px) 100vw, 2560px\" \/>\t\t\t\t\t\t\t\t\t\t\t\t\t<\/div>\n\t\t\t\t<\/div>\n\t\t\t\t<\/div>\n\t\t\t\t<\/div>\n\t\t<div class=\"elementor-element elementor-element-2abe633 e-con-full e-flex e-con e-parent\" data-id=\"2abe633\" data-element_type=\"container\" data-settings=\"{&quot;background_background&quot;:&quot;classic&quot;}\">\n\t\t<div class=\"elementor-element elementor-element-8fa3f4b e-con-full e-flex e-con e-child\" data-id=\"8fa3f4b\" data-element_type=\"container\">\n\t\t\t\t<div class=\"elementor-element elementor-element-edfb929 elementor-widget elementor-widget-heading\" data-id=\"edfb929\" data-element_type=\"widget\" data-widget_type=\"heading.default\">\n\t\t\t\t<div class=\"elementor-widget-container\">\n\t\t\t<h2 class=\"elementor-heading-title elementor-size-default\">\u0130K G\u00f6r\u00fc\u015f\u00fc<\/h2>\t\t<\/div>\n\t\t\t\t<\/div>\n\t\t\t\t<div class=\"elementor-element elementor-element-f71db12 elementor-widget elementor-widget-text-editor\" data-id=\"f71db12\" data-element_type=\"widget\" data-widget_type=\"text-editor.default\">\n\t\t\t\t<div class=\"elementor-widget-container\">\n\t\t\t\t\t\t\t<p>Bir \u015firketin ba\u015far\u0131s\u0131n\u0131n ard\u0131ndaki en \u00f6nemli fakt\u00f6rlerden biri, insan kayna\u011f\u0131d\u0131r. \u00c7al\u0131\u015fanlar\u0131n performans\u0131n\u0131 art\u0131rmak, onlar\u0131n duygu ve d\u00fc\u015f\u00fcncelerine, beklentilerine ve \u00f6nceliklerine \u00f6nem vermekle ba\u015flar. \u0130nsan Kaynaklar\u0131 (\u0130K) uygulamalar\u0131 a\u00e7\u0131s\u0131ndan, \u00e7al\u0131\u015fanlar\u0131n memnun olduklar\u0131 ve olmad\u0131klar\u0131 noktalar\u0131n fark\u0131nda olmak, i\u015fg\u00fcc\u00fc y\u00f6netiminin temel yap\u0131 ta\u015flar\u0131ndan biridir. Bu bilin\u00e7le hareket etmek, yaln\u0131zca \u00e7al\u0131\u015fanlar\u0131 elde tutmak i\u00e7in de\u011fil, ayn\u0131 zamanda onlar\u0131n potansiyellerini en iyi \u015fekilde de\u011ferlendirmek ve do\u011fru organizasyonlarda g\u00f6rev almalar\u0131n\u0131 sa\u011flamak i\u00e7in kritik \u00f6neme sahiptir.<\/p><p>\u0130K y\u00f6netimi, \u00e7al\u0131\u015fanlar\u0131n duygusal ve zihinsel durumlar\u0131n\u0131 izleyerek, beklentilerini ve \u00f6nceliklerini anlamaya odaklanmal\u0131d\u0131r. \u0130\u015f y\u00fck\u00fc, i\u015f-ya\u015fam dengesi, \u00e7al\u0131\u015fma ko\u015fullar\u0131, liderlik tarz\u0131, kariyer geli\u015fim f\u0131rsatlar\u0131 ve kurumsal k\u00fclt\u00fcr gibi unsurlar, \u00e7al\u0131\u015fanlar\u0131n performans\u0131n\u0131 do\u011frudan etkiler. \u00c7al\u0131\u015fan memnuniyeti, bu fakt\u00f6rlerin ne kadar iyi y\u00f6netildi\u011fiyle yak\u0131ndan ili\u015fkilidir. Bu nedenle, \u0130K y\u00f6netimi, \u00e7al\u0131\u015fanlar\u0131 destekleyen, ihtiya\u00e7lar\u0131n\u0131 kar\u015f\u0131layan ve potansiyellerini ortaya \u00e7\u0131karan bir strateji benimsemelidir.<\/p>\t\t\t\t\t\t<\/div>\n\t\t\t\t<\/div>\n\t\t\t\t<\/div>\n\t\t<div class=\"elementor-element elementor-element-124c541 e-con-full e-flex e-con e-child\" data-id=\"124c541\" data-element_type=\"container\">\n\t\t\t\t<div class=\"elementor-element elementor-element-e6a3a40 elementor-widget elementor-widget-image\" data-id=\"e6a3a40\" data-element_type=\"widget\" data-widget_type=\"image.default\">\n\t\t\t\t<div class=\"elementor-widget-container\">\n\t\t\t\t\t\t\t\t\t\t\t\t\t<img decoding=\"async\" width=\"950\" height=\"432\" src=\"https:\/\/kurtoglualuminyum.com\/wp-content\/uploads\/2024\/08\/ik-gorusu.png\" class=\"attachment-full size-full wp-image-9602\" alt=\"\" srcset=\"https:\/\/kurtoglualuminyum.com\/wp-content\/uploads\/2024\/08\/ik-gorusu.png 950w, https:\/\/kurtoglualuminyum.com\/wp-content\/uploads\/2024\/08\/ik-gorusu-300x136.png 300w, https:\/\/kurtoglualuminyum.com\/wp-content\/uploads\/2024\/08\/ik-gorusu-768x349.png 768w\" sizes=\"(max-width: 950px) 100vw, 950px\" \/>\t\t\t\t\t\t\t\t\t\t\t\t\t<\/div>\n\t\t\t\t<\/div>\n\t\t\t\t<\/div>\n\t\t\t\t<\/div>\n\t\t<div class=\"elementor-element elementor-element-e783567 e-con-full e-flex e-con e-parent\" data-id=\"e783567\" data-element_type=\"container\" data-settings=\"{&quot;background_background&quot;:&quot;classic&quot;}\">\n\t\t<div class=\"elementor-element elementor-element-2e4e81e e-con-full e-flex e-con e-child\" data-id=\"2e4e81e\" data-element_type=\"container\" data-settings=\"{&quot;background_background&quot;:&quot;classic&quot;}\">\n\t\t\t\t<div class=\"elementor-element elementor-element-5b40592 elementor-widget elementor-widget-heading\" data-id=\"5b40592\" data-element_type=\"widget\" data-widget_type=\"heading.default\">\n\t\t\t\t<div class=\"elementor-widget-container\">\n\t\t\t<h3 class=\"elementor-heading-title elementor-size-default\">\u0130K G\u00f6r\u00fc\u015f\u00fc Ne Sa\u011flar?<\/h3>\t\t<\/div>\n\t\t\t\t<\/div>\n\t\t\t\t<div class=\"elementor-element elementor-element-fc05cf1 elementor-widget elementor-widget-text-editor\" data-id=\"fc05cf1\" data-element_type=\"widget\" data-widget_type=\"text-editor.default\">\n\t\t\t\t<div class=\"elementor-widget-container\">\n\t\t\t\t\t\t\t<p>Kurumlar i\u00e7in s\u00fcrd\u00fcr\u00fclebilir ba\u015far\u0131y\u0131 sa\u011flamak, i\u00e7 s\u00fcre\u00e7lerin ve \u00e7al\u0131\u015fanlar\u0131n performanslar\u0131n\u0131n etkin bir \u015fekilde y\u00f6netilmesine dayan\u0131r. Bu noktada, g\u00fcvenilir ve ba\u011f\u0131ms\u0131z bir bak\u0131\u015f a\u00e7\u0131s\u0131yla kurum i\u00e7i objektif analizler ve de\u011ferlendirmeler yapmak b\u00fcy\u00fck \u00f6nem ta\u015f\u0131r. Bu analizler, kurumun mevcut durumunu net bir \u015fekilde ortaya koyarken, \u00e7al\u0131\u015fanlara sunulan hizmetlerin nas\u0131l alg\u0131land\u0131\u011f\u0131na dair somut veriler elde edilmesini sa\u011flar. B\u00f6ylelikle, \u00e7al\u0131\u015fan memnuniyeti ve motivasyonu art\u0131rma y\u00f6n\u00fcnde stratejik \u00f6nceliklendirme yap\u0131larak, organizasyonun genel verimlili\u011fi ve ba\u015far\u0131s\u0131 daha \u00fcst seviyelere ta\u015f\u0131nabilir.<\/p>\t\t\t\t\t\t<\/div>\n\t\t\t\t<\/div>\n\t\t\t\t<\/div>\n\t\t<div class=\"elementor-element elementor-element-518d11e e-con-full e-flex e-con e-child\" data-id=\"518d11e\" data-element_type=\"container\">\n\t\t\t\t<div class=\"elementor-element elementor-element-d0b458f elementor-widget elementor-widget-image\" data-id=\"d0b458f\" data-element_type=\"widget\" data-widget_type=\"image.default\">\n\t\t\t\t<div class=\"elementor-widget-container\">\n\t\t\t\t\t\t\t\t\t\t\t\t\t<img decoding=\"async\" width=\"950\" height=\"432\" src=\"https:\/\/kurtoglualuminyum.com\/wp-content\/uploads\/2024\/08\/insan-kaynaklari-2.png\" class=\"attachment-full size-full wp-image-9607\" alt=\"\" srcset=\"https:\/\/kurtoglualuminyum.com\/wp-content\/uploads\/2024\/08\/insan-kaynaklari-2.png 950w, https:\/\/kurtoglualuminyum.com\/wp-content\/uploads\/2024\/08\/insan-kaynaklari-2-300x136.png 300w, https:\/\/kurtoglualuminyum.com\/wp-content\/uploads\/2024\/08\/insan-kaynaklari-2-768x349.png 768w\" sizes=\"(max-width: 950px) 100vw, 950px\" \/>\t\t\t\t\t\t\t\t\t\t\t\t\t<\/div>\n\t\t\t\t<\/div>\n\t\t\t\t<\/div>\n\t\t\t\t<\/div>\n\t\t\t\t<\/div>\n\t\t","protected":false},"excerpt":{"rendered":"<p>Kurto\u011flu Aluminyum \u0130nsan Kaynaklar\u0131 Bir \u015firketin en de\u011ferli varl\u0131\u011f\u0131, ku\u015fkusuz ki \u00e7al\u0131\u015fanlar\u0131d\u0131r. Onlar\u0131n bilgi birikimi, tecr\u00fcbesi ve i\u015f s\u00fcre\u00e7lerine katt\u0131\u011f\u0131 de\u011ferin yan\u0131 s\u0131ra, g\u00f6r\u00fc\u015f ve \u00f6nerileri de \u015firketin b\u00fcy\u00fcmesi ve geli\u015fmesi i\u00e7in kritik \u00f6neme sahiptir. \u0130\u015fte tam bu noktada, \u00e7al\u0131\u015fanlar\u0131n g\u00f6r\u00fc\u015f ve \u00f6nerilerini dinlemek, onlar\u0131 de\u011ferlendirmek ve bu fikirleri \u015firket ba\u015far\u0131s\u0131na d\u00f6n\u00fc\u015ft\u00fcrmek, stratejik bir ad\u0131m [&hellip;]<\/p>\n","protected":false},"author":1,"featured_media":0,"parent":0,"menu_order":0,"comment_status":"closed","ping_status":"closed","template":"elementor_header_footer","meta":{"footnotes":""},"class_list":["post-1946","page","type-page","status-publish","hentry"],"_links":{"self":[{"href":"https:\/\/kurtoglualuminyum.com\/tr\/wp-json\/wp\/v2\/pages\/1946","targetHints":{"allow":["GET"]}}],"collection":[{"href":"https:\/\/kurtoglualuminyum.com\/tr\/wp-json\/wp\/v2\/pages"}],"about":[{"href":"https:\/\/kurtoglualuminyum.com\/tr\/wp-json\/wp\/v2\/types\/page"}],"author":[{"embeddable":true,"href":"https:\/\/kurtoglualuminyum.com\/tr\/wp-json\/wp\/v2\/users\/1"}],"replies":[{"embeddable":true,"href":"https:\/\/kurtoglualuminyum.com\/tr\/wp-json\/wp\/v2\/comments?post=1946"}],"version-history":[{"count":0,"href":"https:\/\/kurtoglualuminyum.com\/tr\/wp-json\/wp\/v2\/pages\/1946\/revisions"}],"wp:attachment":[{"href":"https:\/\/kurtoglualuminyum.com\/tr\/wp-json\/wp\/v2\/media?parent=1946"}],"curies":[{"name":"wp","href":"https:\/\/api.w.org\/{rel}","templated":true}]}}