{"id":69,"date":"2022-09-07T02:50:13","date_gmt":"2022-09-07T02:50:13","guid":{"rendered":"https:\/\/kurtoglualuminyum.com\/?page_id=69"},"modified":"2025-07-31T09:44:40","modified_gmt":"2025-07-31T06:44:40","slug":"kalite-politikasi","status":"publish","type":"page","link":"https:\/\/kurtoglualuminyum.com\/tr\/kalite-politikasi\/","title":{"rendered":"Enerji ve Kalite Politikas\u0131"},"content":{"rendered":"\t\t<div data-elementor-type=\"wp-page\" data-elementor-id=\"69\" class=\"elementor elementor-69\">\n\t\t\t\t<div class=\"elementor-element elementor-element-1b801ce e-con-full e-flex e-con e-parent\" data-id=\"1b801ce\" data-element_type=\"container\" data-settings=\"{&quot;background_background&quot;:&quot;classic&quot;}\">\n\t\t<div class=\"elementor-element elementor-element-46ad50f e-con-full e-flex e-con e-child\" data-id=\"46ad50f\" data-element_type=\"container\" data-settings=\"{&quot;background_background&quot;:&quot;classic&quot;}\">\n\t\t<style>\r\n    \r\n .alt-menu {\r\n    display: none;\r\n    opacity: 0;\r\n    max-height: 0;\r\n    overflow: hidden;\r\n\r\n    background-color: #f1f1f1;\r\n    border-left: 2px solid #ccc;\r\n    margin-left: 30px;\r\n    position: relative;\r\n    z-index: 1;\r\n}\r\n\r\n.item {\r\n    cursor: pointer;\r\n    position: relative;\r\n}\r\n<\/style>\r\n\t\t<div class=\"elementor-element elementor-element-2f49511 elementor-widget elementor-widget-heading\" data-id=\"2f49511\" data-element_type=\"widget\" data-widget_type=\"heading.default\">\n\t\t\t\t<div class=\"elementor-widget-container\">\n\t\t\t<style>\/*! elementor - v3.21.0 - 26-05-2024 *\/\n.elementor-heading-title{padding:0;margin:0;line-height:1}.elementor-widget-heading .elementor-heading-title[class*=elementor-size-]>a{color:inherit;font-size:inherit;line-height:inherit}.elementor-widget-heading .elementor-heading-title.elementor-size-small{font-size:15px}.elementor-widget-heading .elementor-heading-title.elementor-size-medium{font-size:19px}.elementor-widget-heading .elementor-heading-title.elementor-size-large{font-size:29px}.elementor-widget-heading .elementor-heading-title.elementor-size-xl{font-size:39px}.elementor-widget-heading .elementor-heading-title.elementor-size-xxl{font-size:59px}<\/style><h4 class=\"elementor-heading-title elementor-size-default\">Kurto\u011flu Aluminyum<\/h4>\t\t<\/div>\n\t\t\t\t<\/div>\n\t\t\t\t<div class=\"elementor-element elementor-element-e53c74c elementor-widget elementor-widget-heading\" data-id=\"e53c74c\" data-element_type=\"widget\" data-widget_type=\"heading.default\">\n\t\t\t\t<div class=\"elementor-widget-container\">\n\t\t\t<h1 class=\"elementor-heading-title elementor-size-default\">Enerji ve Kalite Politikas\u0131<\/h1>\t\t<\/div>\n\t\t\t\t<\/div>\n\t\t\t\t<div class=\"elementor-element elementor-element-a70a918 elementor-widget elementor-widget-text-editor\" data-id=\"a70a918\" data-element_type=\"widget\" data-widget_type=\"text-editor.default\">\n\t\t\t\t<div class=\"elementor-widget-container\">\n\t\t\t<style>\/*! elementor - v3.21.0 - 26-05-2024 *\/\n.elementor-widget-text-editor.elementor-drop-cap-view-stacked .elementor-drop-cap{background-color:#69727d;color:#fff}.elementor-widget-text-editor.elementor-drop-cap-view-framed .elementor-drop-cap{color:#69727d;border:3px solid;background-color:transparent}.elementor-widget-text-editor:not(.elementor-drop-cap-view-default) .elementor-drop-cap{margin-top:8px}.elementor-widget-text-editor:not(.elementor-drop-cap-view-default) .elementor-drop-cap-letter{width:1em;height:1em}.elementor-widget-text-editor .elementor-drop-cap{float:left;text-align:center;line-height:1;font-size:50px}.elementor-widget-text-editor .elementor-drop-cap-letter{display:inline-block}<\/style>\t\t\t\tFirma y\u00f6netimi; kurulu\u015fun ama\u00e7 ve ba\u011flam\u0131na uygun ve stratejik istikametini destekleyen enerji ve kalite ama\u00e7lar\u0131 i\u00e7in bir \u00e7er\u00e7eve sa\u011flayan, uygulanabilir \u015fartlar\u0131 yerine getirme i\u00e7in bir taahh\u00fct i\u00e7eren ve s\u00fcrekli iyile\u015ftirme taahh\u00fcd\u00fcn\u00fc de ifade eden enerji ve kalite politikas\u0131 olu\u015fturmu\u015ftur.\nFirmam\u0131z\u0131n enerji ve kalite politikas\u0131; \u00fcr\u00fcn kalitesi, teknoloji takibi, m\u00fc\u015fteri memnuniyeti, e\u011fitim, \u00e7evre duyarl\u0131l\u0131\u011f\u0131, enerji yo\u011funlu\u011funu ve enerji performans\u0131n\u0131 s\u00fcrekli iyile\u015ftirme \u00fczerine kurulmu\u015ftur. Kurulu\u015fumuz, bu politikam\u0131z\u0131 t\u00fcm faaliyetlerinde ve t\u00fcm birimlerinde s\u00fcrekli olarak uygulamaktad\u0131r.\t\t\t\t\t\t<\/div>\n\t\t\t\t<\/div>\n\t\t\t\t<\/div>\n\t\t<div class=\"elementor-element elementor-element-a0b72ff e-con-full e-flex e-con e-child\" data-id=\"a0b72ff\" data-element_type=\"container\">\n\t\t\t\t<div class=\"elementor-element elementor-element-6e5e00b elementor-widget elementor-widget-image\" data-id=\"6e5e00b\" data-element_type=\"widget\" data-widget_type=\"image.default\">\n\t\t\t\t<div class=\"elementor-widget-container\">\n\t\t\t<style>\/*! elementor - v3.21.0 - 26-05-2024 *\/\n.elementor-widget-image{text-align:center}.elementor-widget-image a{display:inline-block}.elementor-widget-image a img[src$=\".svg\"]{width:48px}.elementor-widget-image img{vertical-align:middle;display:inline-block}<\/style>\t\t\t\t\t\t\t\t\t\t<img fetchpriority=\"high\" decoding=\"async\" width=\"950\" height=\"432\" src=\"https:\/\/kurtoglualuminyum.com\/wp-content\/uploads\/2024\/08\/urun-kalitesi-3.png\" class=\"attachment-full size-full wp-image-9376\" alt=\"\" srcset=\"https:\/\/kurtoglualuminyum.com\/wp-content\/uploads\/2024\/08\/urun-kalitesi-3.png 950w, https:\/\/kurtoglualuminyum.com\/wp-content\/uploads\/2024\/08\/urun-kalitesi-3-300x136.png 300w, https:\/\/kurtoglualuminyum.com\/wp-content\/uploads\/2024\/08\/urun-kalitesi-3-768x349.png 768w\" sizes=\"(max-width: 950px) 100vw, 950px\" \/>\t\t\t\t\t\t\t\t\t\t\t\t\t<\/div>\n\t\t\t\t<\/div>\n\t\t\t\t<\/div>\n\t\t\t\t<\/div>\n\t\t<div class=\"elementor-element elementor-element-71fc00e e-con-full e-flex e-con e-parent\" data-id=\"71fc00e\" data-element_type=\"container\" data-settings=\"{&quot;background_background&quot;:&quot;classic&quot;}\">\n\t\t<div class=\"elementor-element elementor-element-f349c4c e-con-full e-flex e-con e-child\" data-id=\"f349c4c\" data-element_type=\"container\">\n\t\t\t\t<div class=\"elementor-element elementor-element-0f7fef1 elementor-widget elementor-widget-heading\" data-id=\"0f7fef1\" data-element_type=\"widget\" data-widget_type=\"heading.default\">\n\t\t\t\t<div class=\"elementor-widget-container\">\n\t\t\t<h2 class=\"elementor-heading-title elementor-size-default\">\u00dcr\u00fcn Kalitesi<\/h2>\t\t<\/div>\n\t\t\t\t<\/div>\n\t\t\t\t<div class=\"elementor-element elementor-element-9b9e846 elementor-widget elementor-widget-text-editor\" data-id=\"9b9e846\" data-element_type=\"widget\" data-widget_type=\"text-editor.default\">\n\t\t\t\t<div class=\"elementor-widget-container\">\n\t\t\t\t\t\t\tKarar alma s\u00fcrecinde, \u00fcr\u00fcn kalitemizi, g\u00fcvenilirli\u011fini ve enerji verimlili\u011fini di\u011fer i\u015f s\u00fcre\u00e7leriyle e\u015fit \u00f6nemde tutarak, s\u00fcrd\u00fcr\u00fclebilirlik ve m\u00fc\u015fteri memnuniyetini \u00f6n planda tutar\u0131z. Bu yakla\u015f\u0131m, \u00e7evreye duyarl\u0131 ve uzun \u00f6m\u00fcrl\u00fc \u00fcr\u00fcnler sunma hedefimizi peki\u015ftirir. Ayn\u0131 zamanda, enerji verimlili\u011fini art\u0131rarak operasyonel maliyetleri d\u00fc\u015f\u00fcrmeyi ve \u00e7evresel etkileri minimize etmeyi hedefleriz. Bu s\u00fcre\u00e7te, t\u00fcm departmanlar\u0131m\u0131z\u0131n katk\u0131s\u0131n\u0131 ve i\u015fbirli\u011fini te\u015fvik ederek, s\u00fcrekli iyile\u015ftirme ve yenilik\u00e7i \u00e7\u00f6z\u00fcmler geli\u015ftirme konusundaki kararl\u0131l\u0131\u011f\u0131m\u0131z\u0131 s\u00fcrd\u00fcr\u00fcr\u00fcz. Bu sayede, hem i\u00e7 hem de d\u0131\u015f payda\u015flar\u0131m\u0131zla g\u00fcvenilir ve s\u00fcrd\u00fcr\u00fclebilir i\u015f ili\u015fkileri kurar\u0131z.\t\t\t\t\t\t<\/div>\n\t\t\t\t<\/div>\n\t\t\t\t<\/div>\n\t\t<div class=\"elementor-element elementor-element-2b4d462 e-con-full e-flex e-con e-child\" data-id=\"2b4d462\" data-element_type=\"container\">\n\t\t\t\t<div class=\"elementor-element elementor-element-e805df3 elementor-widget elementor-widget-image\" data-id=\"e805df3\" data-element_type=\"widget\" data-widget_type=\"image.default\">\n\t\t\t\t<div class=\"elementor-widget-container\">\n\t\t\t\t\t\t\t\t\t\t\t\t\t<img decoding=\"async\" width=\"950\" height=\"432\" src=\"https:\/\/kurtoglualuminyum.com\/wp-content\/uploads\/2024\/08\/urun-kalitesi-4.png\" class=\"attachment-full size-full wp-image-9380\" alt=\"\" srcset=\"https:\/\/kurtoglualuminyum.com\/wp-content\/uploads\/2024\/08\/urun-kalitesi-4.png 950w, https:\/\/kurtoglualuminyum.com\/wp-content\/uploads\/2024\/08\/urun-kalitesi-4-300x136.png 300w, https:\/\/kurtoglualuminyum.com\/wp-content\/uploads\/2024\/08\/urun-kalitesi-4-768x349.png 768w\" sizes=\"(max-width: 950px) 100vw, 950px\" \/>\t\t\t\t\t\t\t\t\t\t\t\t\t<\/div>\n\t\t\t\t<\/div>\n\t\t\t\t<\/div>\n\t\t\t\t<\/div>\n\t\t<div class=\"elementor-element elementor-element-39af67f e-con-full e-flex e-con e-parent\" data-id=\"39af67f\" data-element_type=\"container\" data-settings=\"{&quot;background_background&quot;:&quot;classic&quot;}\">\n\t\t<div class=\"elementor-element elementor-element-0037b17 e-con-full e-flex e-con e-child\" data-id=\"0037b17\" data-element_type=\"container\" data-settings=\"{&quot;background_background&quot;:&quot;classic&quot;}\">\n\t\t\t\t<div class=\"elementor-element elementor-element-098bda6 elementor-widget elementor-widget-heading\" data-id=\"098bda6\" data-element_type=\"widget\" data-widget_type=\"heading.default\">\n\t\t\t\t<div class=\"elementor-widget-container\">\n\t\t\t<h3 class=\"elementor-heading-title elementor-size-default\">D\u00fczenli Takip & Yasa ve Y\u00f6netmelikler\n <\/h3>\t\t<\/div>\n\t\t\t\t<\/div>\n\t\t\t\t<div class=\"elementor-element elementor-element-782cf09 elementor-widget elementor-widget-text-editor\" data-id=\"782cf09\" data-element_type=\"widget\" data-widget_type=\"text-editor.default\">\n\t\t\t\t<div class=\"elementor-widget-container\">\n\t\t\t\t\t\t\tEnerji performans\u0131n\u0131 i\u00e7imizde d\u00fczenli olarak takip eder ve detayl\u0131 raporlar haz\u0131rlar\u0131z. Bu raporlar, enerji verimlili\u011fimizi art\u0131rmak ve s\u00fcrd\u00fcr\u00fclebilirlik hedeflerimize ula\u015fmak i\u00e7in gerekli ad\u0131mlar\u0131 atmam\u0131za yard\u0131mc\u0131 olur. Ayr\u0131ca, enerji t\u00fcketimimizin optimize edilmesi ve maliyetlerin azalt\u0131lmas\u0131 i\u00e7in stratejik planlar olu\u015ftururuz.\n\nAsgari olarak ilgili kanunlara, y\u00f6netmeliklere ve standartlara tam anlam\u0131yla uyar\u0131z. Bu uyumu sa\u011flamak i\u00e7in s\u00fcrekli olarak g\u00fcncellenen yasal d\u00fczenlemeleri ve sekt\u00f6r standartlar\u0131n\u0131 yak\u0131ndan takip ederiz. \u015eirket politikalar\u0131m\u0131z ve operasyonel s\u00fcre\u00e7lerimiz, mevzuata uygunluk ve kalite standartlar\u0131na riayet etmek \u00fczere tasarlanm\u0131\u015ft\u0131r. Bu sayede, hem yasal sorumluluklar\u0131m\u0131z\u0131 yerine getirir hem de y\u00fcksek kalite ve g\u00fcvenlik standartlar\u0131na uygun \u015fekilde faaliyet g\u00f6steririz.\t\t\t\t\t\t<\/div>\n\t\t\t\t<\/div>\n\t\t\t\t<\/div>\n\t\t<div class=\"elementor-element elementor-element-4939067 e-con-full e-flex e-con e-child\" data-id=\"4939067\" data-element_type=\"container\">\n\t\t\t\t<div class=\"elementor-element elementor-element-5d3094d elementor-widget elementor-widget-image\" data-id=\"5d3094d\" data-element_type=\"widget\" data-widget_type=\"image.default\">\n\t\t\t\t<div class=\"elementor-widget-container\">\n\t\t\t\t\t\t\t\t\t\t\t\t\t<img decoding=\"async\" width=\"950\" height=\"432\" src=\"https:\/\/kurtoglualuminyum.com\/wp-content\/uploads\/2024\/08\/yasa-ve-yonetmelikler.png\" class=\"attachment-full size-full wp-image-9384\" alt=\"\" srcset=\"https:\/\/kurtoglualuminyum.com\/wp-content\/uploads\/2024\/08\/yasa-ve-yonetmelikler.png 950w, https:\/\/kurtoglualuminyum.com\/wp-content\/uploads\/2024\/08\/yasa-ve-yonetmelikler-300x136.png 300w, https:\/\/kurtoglualuminyum.com\/wp-content\/uploads\/2024\/08\/yasa-ve-yonetmelikler-768x349.png 768w\" sizes=\"(max-width: 950px) 100vw, 950px\" \/>\t\t\t\t\t\t\t\t\t\t\t\t\t<\/div>\n\t\t\t\t<\/div>\n\t\t\t\t<\/div>\n\t\t\t\t<\/div>\n\t\t<div class=\"elementor-element elementor-element-3f004fc e-con-full e-flex e-con e-parent\" data-id=\"3f004fc\" data-element_type=\"container\" data-settings=\"{&quot;background_background&quot;:&quot;classic&quot;}\">\n\t\t<div class=\"elementor-element elementor-element-178157f e-con-full e-flex e-con e-child\" data-id=\"178157f\" data-element_type=\"container\">\n\t\t\t\t<div class=\"elementor-element elementor-element-3565456 elementor-widget elementor-widget-heading\" data-id=\"3565456\" data-element_type=\"widget\" data-widget_type=\"heading.default\">\n\t\t\t\t<div class=\"elementor-widget-container\">\n\t\t\t<h3 class=\"elementor-heading-title elementor-size-default\">S\u00fcrekli Geli\u015fim<\/h3>\t\t<\/div>\n\t\t\t\t<\/div>\n\t\t\t\t<div class=\"elementor-element elementor-element-88718a5 elementor-widget elementor-widget-text-editor\" data-id=\"88718a5\" data-element_type=\"widget\" data-widget_type=\"text-editor.default\">\n\t\t\t\t<div class=\"elementor-widget-container\">\n\t\t\t\t\t\t\tEnerji performans\u0131m\u0131z\u0131 ve enerji y\u00f6netim sistemimizi kaliteden \u00f6d\u00fcn vermeden s\u00fcrekli iyile\u015ftirmek i\u00e7in \u00e7al\u0131\u015f\u0131r\u0131z. Bu ama\u00e7la, politikalar\u0131m\u0131zla uyumlu spesifik ama\u00e7lar ve hedefler koyar, bunlar\u0131 \u00e7e\u015fitli \u00f6l\u00e7\u00fcm ve de\u011ferlendirme y\u00f6ntemleriyle takip ederiz. Enerji verimlili\u011fimizi art\u0131rmak ve s\u00fcrd\u00fcr\u00fclebilirlik hedeflerimize ula\u015fmak i\u00e7in gerekli stratejik planlar\u0131 geli\u015ftiririz. Bu politikay\u0131 desteklemek ad\u0131na, \u00e7al\u0131\u015fanlar\u0131m\u0131za gerekli bilgi ve e\u011fitimleri sa\u011flar\u0131z, ihtiya\u00e7 duyulan kaynaklar\u0131 temin ederiz. Y\u00f6netim sistemlerimizi ve operasyonel s\u00fcre\u00e7lerimizi d\u00fczenli olarak g\u00f6zden ge\u00e7irir, enerjinin etkin ve verimli kullan\u0131m\u0131 i\u00e7in gerekli t\u00fcm ad\u0131mlar\u0131 atar\u0131z\t\t\t\t\t\t<\/div>\n\t\t\t\t<\/div>\n\t\t\t\t<\/div>\n\t\t<div class=\"elementor-element elementor-element-92667d4 e-con-full e-flex e-con e-child\" data-id=\"92667d4\" data-element_type=\"container\">\n\t\t\t\t<div class=\"elementor-element elementor-element-ed93aa2 elementor-widget elementor-widget-image\" data-id=\"ed93aa2\" data-element_type=\"widget\" data-widget_type=\"image.default\">\n\t\t\t\t<div class=\"elementor-widget-container\">\n\t\t\t\t\t\t\t\t\t\t\t\t\t<img loading=\"lazy\" decoding=\"async\" width=\"950\" height=\"432\" src=\"https:\/\/kurtoglualuminyum.com\/wp-content\/uploads\/2024\/08\/surekli-gelisim.png\" class=\"attachment-full size-full wp-image-9388\" alt=\"\" srcset=\"https:\/\/kurtoglualuminyum.com\/wp-content\/uploads\/2024\/08\/surekli-gelisim.png 950w, https:\/\/kurtoglualuminyum.com\/wp-content\/uploads\/2024\/08\/surekli-gelisim-300x136.png 300w, https:\/\/kurtoglualuminyum.com\/wp-content\/uploads\/2024\/08\/surekli-gelisim-768x349.png 768w\" sizes=\"(max-width: 950px) 100vw, 950px\" \/>\t\t\t\t\t\t\t\t\t\t\t\t\t<\/div>\n\t\t\t\t<\/div>\n\t\t\t\t<\/div>\n\t\t\t\t<\/div>\n\t\t<div class=\"elementor-element elementor-element-93b6dc5 e-con-full e-flex e-con e-parent\" data-id=\"93b6dc5\" data-element_type=\"container\" data-settings=\"{&quot;background_background&quot;:&quot;classic&quot;}\">\n\t\t<div class=\"elementor-element elementor-element-e58ad64 e-con-full e-flex e-con e-child\" data-id=\"e58ad64\" data-element_type=\"container\">\n\t\t\t\t<div class=\"elementor-element elementor-element-9240efa elementor-widget elementor-widget-heading\" data-id=\"9240efa\" data-element_type=\"widget\" data-widget_type=\"heading.default\">\n\t\t\t\t<div class=\"elementor-widget-container\">\n\t\t\t<h3 class=\"elementor-heading-title elementor-size-default\">M\u00fc\u015fteri Memnuniyeti<\/h3>\t\t<\/div>\n\t\t\t\t<\/div>\n\t\t\t\t<div class=\"elementor-element elementor-element-9c614f5 elementor-widget elementor-widget-text-editor\" data-id=\"9c614f5\" data-element_type=\"widget\" data-widget_type=\"text-editor.default\">\n\t\t\t\t<div class=\"elementor-widget-container\">\n\t\t\t\t\t\t\tKurulu\u015fumuzun var olmas\u0131n\u0131n nedeni olan m\u00fc\u015fterilerimizin, memnuniyetinin devaml\u0131l\u0131\u011f\u0131na \u00f6nem vererek onlar\u0131n ihtiya\u00e7lar\u0131n\u0131 ve beklentilerini belirler, daha fazlas\u0131n\u0131 vermek amac\u0131yla \u00e7al\u0131\u015f\u0131r\u0131z.\t\t\t\t\t\t<\/div>\n\t\t\t\t<\/div>\n\t\t\t\t<div class=\"elementor-element elementor-element-f7ecdf6 elementor-widget elementor-widget-heading\" data-id=\"f7ecdf6\" data-element_type=\"widget\" data-widget_type=\"heading.default\">\n\t\t\t\t<div class=\"elementor-widget-container\">\n\t\t\t<h4 class=\"elementor-heading-title elementor-size-default\">E\u011fitim ve Ekip Ruhu<\/h4>\t\t<\/div>\n\t\t\t\t<\/div>\n\t\t\t\t<div class=\"elementor-element elementor-element-14487cf elementor-widget elementor-widget-text-editor\" data-id=\"14487cf\" data-element_type=\"widget\" data-widget_type=\"text-editor.default\">\n\t\t\t\t<div class=\"elementor-widget-container\">\n\t\t\t\t\t\t\tKurulu\u015fumuzda \u00e7al\u0131\u015fanlar\u0131n geli\u015fimini kalitemizin geli\u015fimi olarak alg\u0131lar ve uygular\u0131z. \u00c7al\u0131\u015fanlar\u0131n ihtiya\u00e7 duydu\u011fu e\u011fitimlerin sa\u011flanmas\u0131 ve motivasyonlar\u0131n\u0131n y\u00fckseltilerek ve fark\u0131ndal\u0131klar\u0131n\u0131n artt\u0131r\u0131larak, do\u011fal kaynaklar\u0131n en az at\u0131k ile en verimli \u015fekilde kullan\u0131lmas\u0131n\u0131 sa\u011flar\u0131z. Enerji verimli \u00e7al\u0131\u015fma k\u00fclt\u00fcr\u00fcn\u00fc sa\u011flamak ve desteklemek i\u00e7in uygun ortam, ko\u015ful ve kaynaklar\u0131 olu\u015ftururuz.\n\n\t\t\t\t\t\t<\/div>\n\t\t\t\t<\/div>\n\t\t\t\t<\/div>\n\t\t<div class=\"elementor-element elementor-element-e0211dd e-con-full e-flex e-con e-child\" data-id=\"e0211dd\" data-element_type=\"container\">\n\t\t\t\t<div class=\"elementor-element elementor-element-c3930b7 elementor-widget elementor-widget-image\" data-id=\"c3930b7\" data-element_type=\"widget\" data-widget_type=\"image.default\">\n\t\t\t\t<div class=\"elementor-widget-container\">\n\t\t\t\t\t\t\t\t\t\t\t\t\t<img loading=\"lazy\" decoding=\"async\" width=\"950\" height=\"432\" src=\"https:\/\/kurtoglualuminyum.com\/wp-content\/uploads\/2024\/08\/musteri-memnuniyeti.png\" class=\"attachment-full size-full wp-image-9383\" alt=\"\" srcset=\"https:\/\/kurtoglualuminyum.com\/wp-content\/uploads\/2024\/08\/musteri-memnuniyeti.png 950w, https:\/\/kurtoglualuminyum.com\/wp-content\/uploads\/2024\/08\/musteri-memnuniyeti-300x136.png 300w, https:\/\/kurtoglualuminyum.com\/wp-content\/uploads\/2024\/08\/musteri-memnuniyeti-768x349.png 768w\" sizes=\"(max-width: 950px) 100vw, 950px\" \/>\t\t\t\t\t\t\t\t\t\t\t\t\t<\/div>\n\t\t\t\t<\/div>\n\t\t\t\t<\/div>\n\t\t\t\t<\/div>\n\t\t\t\t<\/div>\n\t\t","protected":false},"excerpt":{"rendered":"<p>Kurto\u011flu Aluminyum Enerji ve Kalite Politikas\u0131 Firma y\u00f6netimi; kurulu\u015fun ama\u00e7 ve ba\u011flam\u0131na uygun ve stratejik istikametini destekleyen enerji ve kalite ama\u00e7lar\u0131 i\u00e7in bir \u00e7er\u00e7eve sa\u011flayan, uygulanabilir \u015fartlar\u0131 yerine getirme i\u00e7in bir taahh\u00fct i\u00e7eren ve s\u00fcrekli iyile\u015ftirme taahh\u00fcd\u00fcn\u00fc de ifade eden enerji ve kalite politikas\u0131 olu\u015fturmu\u015ftur. Firmam\u0131z\u0131n enerji ve kalite politikas\u0131; \u00fcr\u00fcn kalitesi, teknoloji takibi, m\u00fc\u015fteri [&hellip;]<\/p>\n","protected":false},"author":1,"featured_media":0,"parent":0,"menu_order":0,"comment_status":"closed","ping_status":"closed","template":"elementor_header_footer","meta":{"footnotes":""},"class_list":["post-69","page","type-page","status-publish","hentry"],"_links":{"self":[{"href":"https:\/\/kurtoglualuminyum.com\/tr\/wp-json\/wp\/v2\/pages\/69","targetHints":{"allow":["GET"]}}],"collection":[{"href":"https:\/\/kurtoglualuminyum.com\/tr\/wp-json\/wp\/v2\/pages"}],"about":[{"href":"https:\/\/kurtoglualuminyum.com\/tr\/wp-json\/wp\/v2\/types\/page"}],"author":[{"embeddable":true,"href":"https:\/\/kurtoglualuminyum.com\/tr\/wp-json\/wp\/v2\/users\/1"}],"replies":[{"embeddable":true,"href":"https:\/\/kurtoglualuminyum.com\/tr\/wp-json\/wp\/v2\/comments?post=69"}],"version-history":[{"count":0,"href":"https:\/\/kurtoglualuminyum.com\/tr\/wp-json\/wp\/v2\/pages\/69\/revisions"}],"wp:attachment":[{"href":"https:\/\/kurtoglualuminyum.com\/tr\/wp-json\/wp\/v2\/media?parent=69"}],"curies":[{"name":"wp","href":"https:\/\/api.w.org\/{rel}","templated":true}]}}